{"id":734,"date":"2015-07-21T11:20:12","date_gmt":"2015-07-21T11:20:12","guid":{"rendered":"https:\/\/xdoc.pt\/web\/?page_id=734"},"modified":"2015-07-21T16:17:44","modified_gmt":"2015-07-21T16:17:44","slug":"multifuncionais-a3","status":"publish","type":"page","link":"https:\/\/xdoc.pt\/web\/produtos\/equipamentos\/multifuncionais\/multifuncionais-pb\/multifuncionais-a3\/","title":{"rendered":"A3"},"content":{"rendered":"<h2 class=\"produtos\">MULTIFUNCIONAIS P\/B A3<\/h2>\n","protected":false},"excerpt":{"rendered":"<p>MULTIFUNCIONAIS P\/B A3<\/p>\n","protected":false},"author":2,"featured_media":0,"parent":730,"menu_order":0,"comment_status":"closed","ping_status":"closed","template":"","meta":{"_monsterinsights_skip_tracking":false,"_monsterinsights_sitenote_active":false,"_monsterinsights_sitenote_note":"","_monsterinsights_sitenote_category":0,"footnotes":""},"class_list":["post-734","page","type-page","status-publish","hentry"],"yoast_head":"<!-- This site is optimized with the Yoast SEO plugin v24.6 - https:\/\/yoast.com\/wordpress\/plugins\/seo\/ -->\n<title>A3 - XDOC - Equipamentos Escrit\u00f3rio, Lda<\/title>\n<meta name=\"robots\" content=\"index, follow, max-snippet:-1, max-image-preview:large, max-video-preview:-1\" \/>\n<link rel=\"canonical\" href=\"https:\/\/xdoc.pt\/web\/produtos\/equipamentos\/multifuncionais\/multifuncionais-pb\/multifuncionais-a3\/\" \/>\n<meta property=\"og:locale\" content=\"pt_PT\" \/>\n<meta property=\"og:type\" content=\"article\" \/>\n<meta property=\"og:title\" content=\"A3 - XDOC - Equipamentos Escrit\u00f3rio, Lda\" \/>\n<meta property=\"og:description\" content=\"MULTIFUNCIONAIS P\/B A3\" \/>\n<meta property=\"og:url\" content=\"https:\/\/xdoc.pt\/web\/produtos\/equipamentos\/multifuncionais\/multifuncionais-pb\/multifuncionais-a3\/\" \/>\n<meta property=\"og:site_name\" content=\"XDOC - Equipamentos Escrit\u00f3rio, Lda\" \/>\n<meta property=\"article:publisher\" content=\"https:\/\/www.facebook.com\/xdoc.pt\" \/>\n<meta property=\"article:modified_time\" content=\"2015-07-21T16:17:44+00:00\" \/>\n<meta name=\"twitter:card\" content=\"summary_large_image\" \/>\n<script type=\"application\/ld+json\" class=\"yoast-schema-graph\">{\"@context\":\"https:\/\/schema.org\",\"@graph\":[{\"@type\":\"WebPage\",\"@id\":\"https:\/\/xdoc.pt\/web\/produtos\/equipamentos\/multifuncionais\/multifuncionais-pb\/multifuncionais-a3\/\",\"url\":\"https:\/\/xdoc.pt\/web\/produtos\/equipamentos\/multifuncionais\/multifuncionais-pb\/multifuncionais-a3\/\",\"name\":\"A3 - XDOC - Equipamentos Escrit\u00f3rio, Lda\",\"isPartOf\":{\"@id\":\"https:\/\/xdoc.pt\/web\/#website\"},\"datePublished\":\"2015-07-21T11:20:12+00:00\",\"dateModified\":\"2015-07-21T16:17:44+00:00\",\"breadcrumb\":{\"@id\":\"https:\/\/xdoc.pt\/web\/produtos\/equipamentos\/multifuncionais\/multifuncionais-pb\/multifuncionais-a3\/#breadcrumb\"},\"inLanguage\":\"pt-PT\",\"potentialAction\":[{\"@type\":\"ReadAction\",\"target\":[\"https:\/\/xdoc.pt\/web\/produtos\/equipamentos\/multifuncionais\/multifuncionais-pb\/multifuncionais-a3\/\"]}]},{\"@type\":\"BreadcrumbList\",\"@id\":\"https:\/\/xdoc.pt\/web\/produtos\/equipamentos\/multifuncionais\/multifuncionais-pb\/multifuncionais-a3\/#breadcrumb\",\"itemListElement\":[{\"@type\":\"ListItem\",\"position\":1,\"name\":\"In\u00edcio\",\"item\":\"https:\/\/xdoc.pt\/web\/\"},{\"@type\":\"ListItem\",\"position\":2,\"name\":\"PRODUTOS\",\"item\":\"https:\/\/xdoc.pt\/web\/produtos\/\"},{\"@type\":\"ListItem\",\"position\":3,\"name\":\"EQUIPAMENTOS\",\"item\":\"https:\/\/xdoc.pt\/web\/produtos\/equipamentos\/\"},{\"@type\":\"ListItem\",\"position\":4,\"name\":\"MULTIFUNCIONAIS\",\"item\":\"https:\/\/xdoc.pt\/web\/produtos\/equipamentos\/multifuncionais\/\"},{\"@type\":\"ListItem\",\"position\":5,\"name\":\"MULTIFUNCIONAIS P\/B\",\"item\":\"https:\/\/xdoc.pt\/web\/produtos\/equipamentos\/multifuncionais\/multifuncionais-pb\/\"},{\"@type\":\"ListItem\",\"position\":6,\"name\":\"A3\"}]},{\"@type\":\"WebSite\",\"@id\":\"https:\/\/xdoc.pt\/web\/#website\",\"url\":\"https:\/\/xdoc.pt\/web\/\",\"name\":\"XDOC - Equipamentos Escrit\u00f3rio, Lda\",\"description\":\"Concession\u00e1rio Xerox, especializado em impress\u00e3o digital para empresas de \u00e1rea gr\u00e1fica desde a mais pequena impressora de mesa at\u00e9 \u00e0 produ\u00e7\u00e3o de grandes volumes em equipamentos vocacionados para produ\u00e7\u00e3o com e sem acabamento.\",\"potentialAction\":[{\"@type\":\"SearchAction\",\"target\":{\"@type\":\"EntryPoint\",\"urlTemplate\":\"https:\/\/xdoc.pt\/web\/?s={search_term_string}\"},\"query-input\":{\"@type\":\"PropertyValueSpecification\",\"valueRequired\":true,\"valueName\":\"search_term_string\"}}],\"inLanguage\":\"pt-PT\"}]}<\/script>\n<!-- \/ Yoast SEO plugin. -->","yoast_head_json":{"title":"A3 - XDOC - Equipamentos Escrit\u00f3rio, Lda","robots":{"index":"index","follow":"follow","max-snippet":"max-snippet:-1","max-image-preview":"max-image-preview:large","max-video-preview":"max-video-preview:-1"},"canonical":"https:\/\/xdoc.pt\/web\/produtos\/equipamentos\/multifuncionais\/multifuncionais-pb\/multifuncionais-a3\/","og_locale":"pt_PT","og_type":"article","og_title":"A3 - XDOC - Equipamentos Escrit\u00f3rio, Lda","og_description":"MULTIFUNCIONAIS P\/B A3","og_url":"https:\/\/xdoc.pt\/web\/produtos\/equipamentos\/multifuncionais\/multifuncionais-pb\/multifuncionais-a3\/","og_site_name":"XDOC - Equipamentos Escrit\u00f3rio, Lda","article_publisher":"https:\/\/www.facebook.com\/xdoc.pt","article_modified_time":"2015-07-21T16:17:44+00:00","twitter_card":"summary_large_image","schema":{"@context":"https:\/\/schema.org","@graph":[{"@type":"WebPage","@id":"https:\/\/xdoc.pt\/web\/produtos\/equipamentos\/multifuncionais\/multifuncionais-pb\/multifuncionais-a3\/","url":"https:\/\/xdoc.pt\/web\/produtos\/equipamentos\/multifuncionais\/multifuncionais-pb\/multifuncionais-a3\/","name":"A3 - XDOC - Equipamentos Escrit\u00f3rio, Lda","isPartOf":{"@id":"https:\/\/xdoc.pt\/web\/#website"},"datePublished":"2015-07-21T11:20:12+00:00","dateModified":"2015-07-21T16:17:44+00:00","breadcrumb":{"@id":"https:\/\/xdoc.pt\/web\/produtos\/equipamentos\/multifuncionais\/multifuncionais-pb\/multifuncionais-a3\/#breadcrumb"},"inLanguage":"pt-PT","potentialAction":[{"@type":"ReadAction","target":["https:\/\/xdoc.pt\/web\/produtos\/equipamentos\/multifuncionais\/multifuncionais-pb\/multifuncionais-a3\/"]}]},{"@type":"BreadcrumbList","@id":"https:\/\/xdoc.pt\/web\/produtos\/equipamentos\/multifuncionais\/multifuncionais-pb\/multifuncionais-a3\/#breadcrumb","itemListElement":[{"@type":"ListItem","position":1,"name":"In\u00edcio","item":"https:\/\/xdoc.pt\/web\/"},{"@type":"ListItem","position":2,"name":"PRODUTOS","item":"https:\/\/xdoc.pt\/web\/produtos\/"},{"@type":"ListItem","position":3,"name":"EQUIPAMENTOS","item":"https:\/\/xdoc.pt\/web\/produtos\/equipamentos\/"},{"@type":"ListItem","position":4,"name":"MULTIFUNCIONAIS","item":"https:\/\/xdoc.pt\/web\/produtos\/equipamentos\/multifuncionais\/"},{"@type":"ListItem","position":5,"name":"MULTIFUNCIONAIS P\/B","item":"https:\/\/xdoc.pt\/web\/produtos\/equipamentos\/multifuncionais\/multifuncionais-pb\/"},{"@type":"ListItem","position":6,"name":"A3"}]},{"@type":"WebSite","@id":"https:\/\/xdoc.pt\/web\/#website","url":"https:\/\/xdoc.pt\/web\/","name":"XDOC - Equipamentos Escrit\u00f3rio, Lda","description":"Concession\u00e1rio Xerox, especializado em impress\u00e3o digital para empresas de \u00e1rea gr\u00e1fica desde a mais pequena impressora de mesa at\u00e9 \u00e0 produ\u00e7\u00e3o de grandes volumes em equipamentos vocacionados para produ\u00e7\u00e3o com e sem acabamento.","potentialAction":[{"@type":"SearchAction","target":{"@type":"EntryPoint","urlTemplate":"https:\/\/xdoc.pt\/web\/?s={search_term_string}"},"query-input":{"@type":"PropertyValueSpecification","valueRequired":true,"valueName":"search_term_string"}}],"inLanguage":"pt-PT"}]}},"_links":{"self":[{"href":"https:\/\/xdoc.pt\/web\/wp-json\/wp\/v2\/pages\/734","targetHints":{"allow":["GET"]}}],"collection":[{"href":"https:\/\/xdoc.pt\/web\/wp-json\/wp\/v2\/pages"}],"about":[{"href":"https:\/\/xdoc.pt\/web\/wp-json\/wp\/v2\/types\/page"}],"author":[{"embeddable":true,"href":"https:\/\/xdoc.pt\/web\/wp-json\/wp\/v2\/users\/2"}],"replies":[{"embeddable":true,"href":"https:\/\/xdoc.pt\/web\/wp-json\/wp\/v2\/comments?post=734"}],"version-history":[{"count":2,"href":"https:\/\/xdoc.pt\/web\/wp-json\/wp\/v2\/pages\/734\/revisions"}],"predecessor-version":[{"id":785,"href":"https:\/\/xdoc.pt\/web\/wp-json\/wp\/v2\/pages\/734\/revisions\/785"}],"up":[{"embeddable":true,"href":"https:\/\/xdoc.pt\/web\/wp-json\/wp\/v2\/pages\/730"}],"wp:attachment":[{"href":"https:\/\/xdoc.pt\/web\/wp-json\/wp\/v2\/media?parent=734"}],"curies":[{"name":"wp","href":"https:\/\/api.w.org\/{rel}","templated":true}]}}