{"id":7,"date":"2015-06-22T13:52:05","date_gmt":"2015-06-22T13:52:05","guid":{"rendered":"https:\/\/xdoc.pt\/web\/?page_id=7"},"modified":"2025-02-10T15:48:40","modified_gmt":"2025-02-10T15:48:40","slug":"sobre-nos","status":"publish","type":"page","link":"https:\/\/xdoc.pt\/web\/sobre-nos\/","title":{"rendered":"SOBRE N\u00d3S"},"content":{"rendered":"<p style=\"text-align: justify;\"><strong>A XDOC, Equipamentos de Escrit\u00f3rio, Lda \u00e9 um concession\u00e1rio Xerox que iniciou a sua atividade em 2004 baseado em crit\u00e9rios internacionais de acredita\u00e7\u00e3o exigentes a que est\u00e3o sujeita todos os anos, que abrange qualifica\u00e7\u00e3o das pessoas (forma\u00e7\u00e3o de vendedores, t\u00e9cnicos e \u00e1rea administrativa), qualifica\u00e7\u00e3o das pessoas por \u00e1rea, procedimentos internos e estrutura financeira.<\/strong><\/p>\n<p>&nbsp;<\/p>\n<h3><span style=\"color: #ff0000;\"><strong>Miss\u00e3o<\/strong><\/span><\/h3>\n<p style=\"text-align: justify;\">A nossa Miss\u00e3o est\u00e1 permanentemente focada nos nossos clientes, fornecedores e colaboradores. Imprimimos as melhores solu\u00e7\u00f5es para melhorar e rentabilizar toda a gest\u00e3o documental e disponibilizamos diversos servi\u00e7os e produtos para as empresas, contribuindo para um maior sucesso do neg\u00f3cio dos nossos clientes.<\/p>\n<p>&nbsp;<\/p>\n<h3><span style=\"color: #ff0000;\"><strong>Vis\u00e3o<\/strong><\/span><\/h3>\n<p><strong>Imprimimos solu\u00e7\u00f5es<\/strong><\/p>\n<p style=\"text-align: justify;\">A XDOC, Equipamentos de Escrit\u00f3rio, Lda \u00e9 um Concession\u00e1rio Xerox que focaliza o seu neg\u00f3cio na comercializa\u00e7\u00e3o de equipamentos de impress\u00e3o, c\u00f3pia e gest\u00e3o documental. Como parceiro estrat\u00e9gico da Xerox, pretendemos um reconhecimento dos nossos clientes, enquanto empresa que imprime a solu\u00e7\u00e3o de acordo com a necessidade de cada cliente.<\/p>\n<p style=\"text-align: justify;\">Atualmente a competitividade e racionaliza\u00e7\u00e3o de recursos tornam-se essenciais e fundamentais. A sobreviv\u00eancia de uma empresa, passa pela otimiza\u00e7\u00e3o dos seus recursos, e pela constante inova\u00e7\u00e3o e capacidade de responder aos desafios que v\u00e3o surgindo, o que obriga a uma constante adapta\u00e7\u00e3o ao mercado e a concentrar todos os esfor\u00e7os no ne\u00f3cio.<\/p>\n<p style=\"text-align: justify;\">Assim colocamos ao dispor todo um conhecimento, quer ao n\u00edvel de solu\u00e7\u00f5es de hardware, quer essencialmente ao n\u00ed\u00advel de solu\u00e7\u00f5es apoiadas por diferentes tipos de softwares, que proporcionam um leque de aplica\u00e7\u00f5es que simplificam e agilizam o Vosso trabalho e contribuem para a diminui\u00e7\u00e3o de custos.<\/p>\n<p style=\"text-align: justify;\">Como concession\u00e1rio Xerox proporcionamos ainda, gratuitamente, uma an\u00e1lise e diagn\u00f3stico ao m\u00e9todo e desempenho da Vossa empresa bem como um aconselhamento para o tornar mais eficiente e rent\u00e1vel. Dispomos de diversas solu\u00e7\u00f5es para a Vossa empresa, dependendo da \u00e1rea de neg\u00f3cio, sem necessidade de investimento e optando pelas melhores solu\u00e7\u00f5es financeiras.<\/p>\n<p>&nbsp;<\/p>\n<h3><span style=\"color: #ff0000;\"><strong>Valores<\/strong><\/span><\/h3>\n<ul>\n<li style=\"text-align: justify;\"><strong>Bom relacionamento:<\/strong> conhecer as carater\u00ed\u00adsticas e as necessidades dos clientes para oferecer solu\u00e7\u00f5es \u00f3timas.<\/li>\n<li style=\"text-align: justify;\"><strong>Responsabilidade:<\/strong> respeito pela informa\u00e7\u00e3o cr\u00edtica e pelo rigor das solu\u00e7\u00f5es.<\/li>\n<li style=\"text-align: justify;\"><strong>Evolu\u00e7\u00e3o:<\/strong> criar valor na gest\u00e3o documental tendo nas solus\u00f5es apenas uma das poss\u00edveis componentes.<\/li>\n<\/ul>\n<p>&nbsp;<\/p>\n<h3><span style=\"color: #ff0000;\"><strong>Core business<\/strong><\/span><\/h3>\n<ul>\n<li style=\"text-align: justify;\">Comercializa\u00e7\u00e3o de equipamentos de impress\u00e3o, c\u00f3pia, fax e gest\u00e3o documental;<\/li>\n<li style=\"text-align: justify;\">Contratos de assist\u00eancia t\u00e9cnica para equipamentos de impress\u00e3o;<\/li>\n<li style=\"text-align: justify;\">Comercializa\u00e7\u00e3o de todo o tipo de toners e consum\u00edveis (todas as marcas);<\/li>\n<li style=\"text-align: justify;\">Comercializa\u00e7\u00e3o de todo o tipo de papel;<\/li>\n<li style=\"text-align: justify;\">Gest\u00e3o inform\u00e1tica.<\/li>\n<\/ul>\n<p>&nbsp;<\/p>\n<h3 id=\"iso9001\"><span style=\"color: #ff0000;\"><strong>Certificado ISO 9001<\/strong><\/span><\/h3>\n<p><a><img loading=\"lazy\" decoding=\"async\" style=\"margin: 23px; margin-top:5px; width: 150px;\" class=\"wp-image-1447 alignleft\" src=\"https:\/\/xdoc.pt\/web\/wp-content\/uploads\/2024\/10\/SGS_ISO_9001_PT_round_TCL.png\" alt=\"\" width=\"123\" height=\"153\"><\/a><\/p>\n<p style=\"text-align: justify;\">\u00c9 com muito orgulho que anunciamos ter recebido o <strong>certificado ISO 9001<\/strong>!<\/p>\n<p style=\"text-align: justify;\">Este certificado permite-nos organizar e otimizar todos os processos do nosso neg\u00f3cio e permite que a <strong>Xdoc, Lda.<\/strong> melhore o seu desempenho, assegurando a satisfa\u00e7\u00e3o dos nossos clientes e as boas pr\u00e1ticas de gest\u00e3o.<\/p>\n<p style=\"text-align: justify;\">Queremos agradecer aos verdadeiros agentes que contribu\u00edram para este nosso sucesso: aos nossos clientes, fornecedores e colaboradores, um ENORME OBRIGADO!<\/p>\n<p>&nbsp;<\/p>\n<h3>&nbsp;<span style=\"color: #ff0000;\"><strong>PME L\u00edder 2021<\/strong><\/span><\/h3>\n<p><a><img loading=\"lazy\" decoding=\"async\" style=\"margin: 0 25px; width: 123px;\" class=\"wp-image-2702 alignleft\" src=\"https:\/\/xdoc.pt\/web\/wp-content\/uploads\/2022\/03\/PME_Lider_2021.png\" alt=\"PME_Lider_2021\" width=\"123\" height=\"153\"><\/a><\/p>\n<p style=\"text-align: justify;\">\u00c9 com orgulho e satisfa\u00e7\u00e3o, que anunciamos que a <strong>Xdoc, Lda.<\/strong> foi distinguida novamente, em 2021, com o reconhecimento de <strong>PME L\u00ed\u00adder<\/strong>, concedido pelo IAPMEI.<\/p>\n<p style=\"text-align: justify;\">O estatuto PME L\u00edder \u00e9 um selo de reputa\u00e7\u00e3o de empresas criado pelo IAPMEI para distinguir o m\u00e9rito das PME nacionais com desempenhos superiores, tendo por base as melhores nota\u00e7\u00f5es de rating e indicadores econ\u00f3mico-financeiros.<\/p>\n<p style=\"text-align: justify;\">Parab\u00e9ns a n\u00f3s, e parab\u00e9ns a todos os que contribu\u00ed\u00adram e contribuem h\u00e1 j\u00e1 17 anos para o nosso sucesso!<\/p>\n<h3><\/h3>\n<h3><span style=\"color: #ff0000;\"><strong>PME Excel\u00eancia 2016<\/strong><\/span><\/h3>\n<p><a><img loading=\"lazy\" decoding=\"async\" style=\"margin: 10px;\" class=\"alignleft wp-image-997 size-thumbnail\" src=\"https:\/\/xdoc.pt\/web\/wp-content\/uploads\/2015\/06\/PME_Excelencia_2016-150x150.png\" alt=\"PME_Excelencia_2016\" width=\"150\" height=\"150\" srcset=\"https:\/\/xdoc.pt\/web\/wp-content\/uploads\/2015\/06\/PME_Excelencia_2016-150x150.png 150w, https:\/\/xdoc.pt\/web\/wp-content\/uploads\/2015\/06\/PME_Excelencia_2016-50x50.png 50w\" sizes=\"auto, (max-width: 150px) 100vw, 150px\" \/><\/a><\/p>\n<p style=\"text-align: justify;\">Fomos recentemente distinguidos com o estatuto de <strong>PME Excel\u00eancia 2016<\/strong> concebida pelo IAPMEI, Instituto de Apoio \u00e0s Pequenas e M\u00e9dias Empresas e Inova\u00e7\u00e3o.<\/p>\n<p style=\"text-align: justify;\">Este estatuto tem como finalidade evidenciar e reconhecer os perfis de desempenho e indicadores econ\u00f3mico-financeiros e de gest\u00e3o. Em 2015 foram distinguidas com o estatuto PME Excel\u00eancia um grupo restrito de 1509 pequenas empresas e m\u00e9dias empresas a n\u00ed\u00advel nacional, das quais apenas 192 s\u00e3o pertencentes ao distrito de Braga.<\/p>\n<p style=\"text-align: justify;\">Aliado ao sentimento de orgulho, este reconhecimento desperta igualmente o nosso profundo agradecimento a todos os que contribu\u00ed\u00adram direta ou indiretamente para a obten\u00e7\u00e3o desta distin\u00e7\u00e3o.<\/p>\n","protected":false},"excerpt":{"rendered":"<p>A XDOC, Equipamentos de Escrit\u00f3rio, Lda \u00e9 um concession\u00e1rio Xerox que iniciou a sua atividade em 2004 baseado em crit\u00e9rios internacionais de acredita\u00e7\u00e3o exigentes a que est\u00e3o sujeita todos os anos, que abrange qualifica\u00e7\u00e3o das pessoas (forma\u00e7\u00e3o de vendedores, t\u00e9cnicos e \u00e1rea administrativa), qualifica\u00e7\u00e3o das pessoas por \u00e1rea, procedimentos internos e estrutura financeira.<br \/>\n&nbsp;<br \/>\nMiss\u00e3o<br \/>\nA nossa Miss\u00e3o est\u00e1 permanentemente focada nos nossos clientes, fornecedores e colaboradores. Imprimimos as melhores solu\u00e7\u00f5es para melhorar e rentabilizar toda a gest\u00e3o documental e disponibilizamos diversos servi\u00e7os e produtos para as empresas, contribuindo para um maior sucesso do neg\u00f3cio dos nossos clientes.<br \/>\n&nbsp;<br \/>\nVis\u00e3o<br \/>\nImprimimos solu\u00e7\u00f5es<br \/>\nA XDOC, Equipamentos de Escrit\u00f3rio, Lda \u00e9 um Concession\u00e1rio Xerox que focaliza o seu neg\u00f3cio na comercializa\u00e7\u00e3o de equipamentos de impress\u00e3o, c\u00f3pia e gest\u00e3o documental. [&#8230;]<\/p>\n","protected":false},"author":2,"featured_media":0,"parent":0,"menu_order":0,"comment_status":"closed","ping_status":"closed","template":"","meta":{"_monsterinsights_skip_tracking":false,"_monsterinsights_sitenote_active":false,"_monsterinsights_sitenote_note":"","_monsterinsights_sitenote_category":0,"footnotes":""},"class_list":["post-7","page","type-page","status-publish","hentry"],"yoast_head":"<!-- This site is optimized with the Yoast SEO plugin v24.6 - https:\/\/yoast.com\/wordpress\/plugins\/seo\/ -->\n<title>SOBRE N\u00d3S - XDOC - Equipamentos Escrit\u00f3rio, Lda<\/title>\n<meta name=\"description\" content=\"A XDOC \u00e9 um concession\u00e1rio Xerox que iniciou a sua atividade em 2004 baseado em crit\u00e9rios internacionais de acredita\u00e7\u00e3o exigentes.\" \/>\n<meta name=\"robots\" content=\"index, follow, max-snippet:-1, max-image-preview:large, max-video-preview:-1\" \/>\n<link rel=\"canonical\" href=\"https:\/\/xdoc.pt\/web\/sobre-nos\/\" \/>\n<meta property=\"og:locale\" content=\"pt_PT\" \/>\n<meta property=\"og:type\" content=\"article\" \/>\n<meta property=\"og:title\" content=\"SOBRE N\u00d3S - XDOC - Equipamentos Escrit\u00f3rio, Lda\" \/>\n<meta property=\"og:description\" content=\"A XDOC \u00e9 um concession\u00e1rio Xerox que iniciou a sua atividade em 2004 baseado em crit\u00e9rios internacionais de acredita\u00e7\u00e3o exigentes.\" \/>\n<meta property=\"og:url\" content=\"https:\/\/xdoc.pt\/web\/sobre-nos\/\" \/>\n<meta property=\"og:site_name\" content=\"XDOC - Equipamentos Escrit\u00f3rio, Lda\" \/>\n<meta property=\"article:publisher\" content=\"https:\/\/www.facebook.com\/xdoc.pt\" \/>\n<meta property=\"article:modified_time\" content=\"2025-02-10T15:48:40+00:00\" \/>\n<meta property=\"og:image\" content=\"https:\/\/xdoc.pt\/web\/wp-content\/uploads\/2024\/10\/SGS_ISO_9001_PT_round_TCL.png\" \/>\n<meta name=\"twitter:card\" content=\"summary_large_image\" \/>\n<meta name=\"twitter:label1\" content=\"Tempo estimado de leitura\" \/>\n\t<meta name=\"twitter:data1\" content=\"5 minutos\" \/>\n<script type=\"application\/ld+json\" class=\"yoast-schema-graph\">{\"@context\":\"https:\/\/schema.org\",\"@graph\":[{\"@type\":\"WebPage\",\"@id\":\"https:\/\/xdoc.pt\/web\/sobre-nos\/\",\"url\":\"https:\/\/xdoc.pt\/web\/sobre-nos\/\",\"name\":\"SOBRE N\u00d3S - XDOC - Equipamentos Escrit\u00f3rio, Lda\",\"isPartOf\":{\"@id\":\"https:\/\/xdoc.pt\/web\/#website\"},\"primaryImageOfPage\":{\"@id\":\"https:\/\/xdoc.pt\/web\/sobre-nos\/#primaryimage\"},\"image\":{\"@id\":\"https:\/\/xdoc.pt\/web\/sobre-nos\/#primaryimage\"},\"thumbnailUrl\":\"https:\/\/xdoc.pt\/web\/wp-content\/uploads\/2024\/10\/SGS_ISO_9001_PT_round_TCL.png\",\"datePublished\":\"2015-06-22T13:52:05+00:00\",\"dateModified\":\"2025-02-10T15:48:40+00:00\",\"description\":\"A XDOC \u00e9 um concession\u00e1rio Xerox que iniciou a sua atividade em 2004 baseado em crit\u00e9rios internacionais de acredita\u00e7\u00e3o exigentes.\",\"breadcrumb\":{\"@id\":\"https:\/\/xdoc.pt\/web\/sobre-nos\/#breadcrumb\"},\"inLanguage\":\"pt-PT\",\"potentialAction\":[{\"@type\":\"ReadAction\",\"target\":[\"https:\/\/xdoc.pt\/web\/sobre-nos\/\"]}]},{\"@type\":\"ImageObject\",\"inLanguage\":\"pt-PT\",\"@id\":\"https:\/\/xdoc.pt\/web\/sobre-nos\/#primaryimage\",\"url\":\"https:\/\/xdoc.pt\/web\/wp-content\/uploads\/2024\/10\/SGS_ISO_9001_PT_round_TCL.png\",\"contentUrl\":\"https:\/\/xdoc.pt\/web\/wp-content\/uploads\/2024\/10\/SGS_ISO_9001_PT_round_TCL.png\",\"width\":513,\"height\":501},{\"@type\":\"BreadcrumbList\",\"@id\":\"https:\/\/xdoc.pt\/web\/sobre-nos\/#breadcrumb\",\"itemListElement\":[{\"@type\":\"ListItem\",\"position\":1,\"name\":\"In\u00edcio\",\"item\":\"https:\/\/xdoc.pt\/web\/\"},{\"@type\":\"ListItem\",\"position\":2,\"name\":\"SOBRE N\u00d3S\"}]},{\"@type\":\"WebSite\",\"@id\":\"https:\/\/xdoc.pt\/web\/#website\",\"url\":\"https:\/\/xdoc.pt\/web\/\",\"name\":\"XDOC - Equipamentos Escrit\u00f3rio, Lda\",\"description\":\"Concession\u00e1rio Xerox, especializado em impress\u00e3o digital para empresas de \u00e1rea gr\u00e1fica desde a mais pequena impressora de mesa at\u00e9 \u00e0 produ\u00e7\u00e3o de grandes volumes em equipamentos vocacionados para produ\u00e7\u00e3o com e sem acabamento.\",\"potentialAction\":[{\"@type\":\"SearchAction\",\"target\":{\"@type\":\"EntryPoint\",\"urlTemplate\":\"https:\/\/xdoc.pt\/web\/?s={search_term_string}\"},\"query-input\":{\"@type\":\"PropertyValueSpecification\",\"valueRequired\":true,\"valueName\":\"search_term_string\"}}],\"inLanguage\":\"pt-PT\"}]}<\/script>\n<!-- \/ Yoast SEO plugin. -->","yoast_head_json":{"title":"SOBRE N\u00d3S - XDOC - Equipamentos Escrit\u00f3rio, Lda","description":"A XDOC \u00e9 um concession\u00e1rio Xerox que iniciou a sua atividade em 2004 baseado em crit\u00e9rios internacionais de acredita\u00e7\u00e3o exigentes.","robots":{"index":"index","follow":"follow","max-snippet":"max-snippet:-1","max-image-preview":"max-image-preview:large","max-video-preview":"max-video-preview:-1"},"canonical":"https:\/\/xdoc.pt\/web\/sobre-nos\/","og_locale":"pt_PT","og_type":"article","og_title":"SOBRE N\u00d3S - XDOC - Equipamentos Escrit\u00f3rio, Lda","og_description":"A XDOC \u00e9 um concession\u00e1rio Xerox que iniciou a sua atividade em 2004 baseado em crit\u00e9rios internacionais de acredita\u00e7\u00e3o exigentes.","og_url":"https:\/\/xdoc.pt\/web\/sobre-nos\/","og_site_name":"XDOC - Equipamentos Escrit\u00f3rio, Lda","article_publisher":"https:\/\/www.facebook.com\/xdoc.pt","article_modified_time":"2025-02-10T15:48:40+00:00","og_image":[{"url":"https:\/\/xdoc.pt\/web\/wp-content\/uploads\/2024\/10\/SGS_ISO_9001_PT_round_TCL.png","type":"","width":"","height":""}],"twitter_card":"summary_large_image","twitter_misc":{"Tempo estimado de leitura":"5 minutos"},"schema":{"@context":"https:\/\/schema.org","@graph":[{"@type":"WebPage","@id":"https:\/\/xdoc.pt\/web\/sobre-nos\/","url":"https:\/\/xdoc.pt\/web\/sobre-nos\/","name":"SOBRE N\u00d3S - XDOC - Equipamentos Escrit\u00f3rio, Lda","isPartOf":{"@id":"https:\/\/xdoc.pt\/web\/#website"},"primaryImageOfPage":{"@id":"https:\/\/xdoc.pt\/web\/sobre-nos\/#primaryimage"},"image":{"@id":"https:\/\/xdoc.pt\/web\/sobre-nos\/#primaryimage"},"thumbnailUrl":"https:\/\/xdoc.pt\/web\/wp-content\/uploads\/2024\/10\/SGS_ISO_9001_PT_round_TCL.png","datePublished":"2015-06-22T13:52:05+00:00","dateModified":"2025-02-10T15:48:40+00:00","description":"A XDOC \u00e9 um concession\u00e1rio Xerox que iniciou a sua atividade em 2004 baseado em crit\u00e9rios internacionais de acredita\u00e7\u00e3o exigentes.","breadcrumb":{"@id":"https:\/\/xdoc.pt\/web\/sobre-nos\/#breadcrumb"},"inLanguage":"pt-PT","potentialAction":[{"@type":"ReadAction","target":["https:\/\/xdoc.pt\/web\/sobre-nos\/"]}]},{"@type":"ImageObject","inLanguage":"pt-PT","@id":"https:\/\/xdoc.pt\/web\/sobre-nos\/#primaryimage","url":"https:\/\/xdoc.pt\/web\/wp-content\/uploads\/2024\/10\/SGS_ISO_9001_PT_round_TCL.png","contentUrl":"https:\/\/xdoc.pt\/web\/wp-content\/uploads\/2024\/10\/SGS_ISO_9001_PT_round_TCL.png","width":513,"height":501},{"@type":"BreadcrumbList","@id":"https:\/\/xdoc.pt\/web\/sobre-nos\/#breadcrumb","itemListElement":[{"@type":"ListItem","position":1,"name":"In\u00edcio","item":"https:\/\/xdoc.pt\/web\/"},{"@type":"ListItem","position":2,"name":"SOBRE N\u00d3S"}]},{"@type":"WebSite","@id":"https:\/\/xdoc.pt\/web\/#website","url":"https:\/\/xdoc.pt\/web\/","name":"XDOC - Equipamentos Escrit\u00f3rio, Lda","description":"Concession\u00e1rio Xerox, especializado em impress\u00e3o digital para empresas de \u00e1rea gr\u00e1fica desde a mais pequena impressora de mesa at\u00e9 \u00e0 produ\u00e7\u00e3o de grandes volumes em equipamentos vocacionados para produ\u00e7\u00e3o com e sem acabamento.","potentialAction":[{"@type":"SearchAction","target":{"@type":"EntryPoint","urlTemplate":"https:\/\/xdoc.pt\/web\/?s={search_term_string}"},"query-input":{"@type":"PropertyValueSpecification","valueRequired":true,"valueName":"search_term_string"}}],"inLanguage":"pt-PT"}]}},"_links":{"self":[{"href":"https:\/\/xdoc.pt\/web\/wp-json\/wp\/v2\/pages\/7","targetHints":{"allow":["GET"]}}],"collection":[{"href":"https:\/\/xdoc.pt\/web\/wp-json\/wp\/v2\/pages"}],"about":[{"href":"https:\/\/xdoc.pt\/web\/wp-json\/wp\/v2\/types\/page"}],"author":[{"embeddable":true,"href":"https:\/\/xdoc.pt\/web\/wp-json\/wp\/v2\/users\/2"}],"replies":[{"embeddable":true,"href":"https:\/\/xdoc.pt\/web\/wp-json\/wp\/v2\/comments?post=7"}],"version-history":[{"count":96,"href":"https:\/\/xdoc.pt\/web\/wp-json\/wp\/v2\/pages\/7\/revisions"}],"predecessor-version":[{"id":2870,"href":"https:\/\/xdoc.pt\/web\/wp-json\/wp\/v2\/pages\/7\/revisions\/2870"}],"wp:attachment":[{"href":"https:\/\/xdoc.pt\/web\/wp-json\/wp\/v2\/media?parent=7"}],"curies":[{"name":"wp","href":"https:\/\/api.w.org\/{rel}","templated":true}]}}