{"id":66,"date":"2015-06-25T11:42:56","date_gmt":"2015-06-25T11:42:56","guid":{"rendered":"https:\/\/xdoc.pt\/web\/?page_id=66"},"modified":"2021-05-03T18:12:45","modified_gmt":"2021-05-03T18:12:45","slug":"suportes-de-impressao","status":"publish","type":"page","link":"https:\/\/xdoc.pt\/web\/produtos\/suportes-de-impressao\/","title":{"rendered":"SUPORTES DE IMPRESS\u00c3O"},"content":{"rendered":"<div class=\"centerText\">\n<div class=\"col-md-12\">\n<h1 style=\"color: #000;\">SUPORTES DE IMPRESS\u00c3O<\/h1>\n<div style=\"padding-top: 30px;\">\n<div class=\"col-md-8\" style=\"padding-left: 0px;\"><img loading=\"lazy\" decoding=\"async\" class=\"alignleft size-full wp-image-670\" style=\"width: 100%;\" src=\"https:\/\/xdoc.pt\/web\/wp-content\/uploads\/2015\/06\/clicsuportesdeimpressao_03.jpg\" alt=\"clicsuportesdeimpressao_03\" width=\"520\" height=\"366\" srcset=\"https:\/\/xdoc.pt\/web\/wp-content\/uploads\/2015\/06\/clicsuportesdeimpressao_03.jpg 520w, https:\/\/xdoc.pt\/web\/wp-content\/uploads\/2015\/06\/clicsuportesdeimpressao_03-300x211.jpg 300w\" sizes=\"auto, (max-width: 520px) 100vw, 520px\" \/><\/div>\n<div class=\"col-md-4\" style=\"text-align: justify;\"><span style=\"font-size: 18px; font-weight: 800; line-height: 19px;\">Os melhores suportes para as suas impress\u00f5es<\/span><br \/>\n<span style=\"line-height: 19px;\">Os pap\u00e9is e suportes de impress\u00e3o Xerox foram concebidos para proporcionar os melhores resultados em todas as impressoras digitais de escrit\u00f3rio e de produ\u00e7\u00e3o.<\/span><\/p>\n<div style=\"padding-top: 10px;\">\n<p>&nbsp;<\/p>\n<div style=\"padding:10px;background-color:#ed1c24;color:#fff;width:250px;\"><strong><a style=\"text-decoration:none;font-weight: 300;\" href=\"https:\/\/xdoc.pt\/web\/contactos\/\" target=\"_blank\" rel=\"noopener\">PEDIR MAIS INFORMA\u00c7\u00d5ES &gt; <\/a><\/strong><\/div>\n<\/div>\n<p>&nbsp;<\/p>\n<\/div>\n<\/div>\n<\/div>\n<\/div>\n","protected":false},"excerpt":{"rendered":"<p>SUPORTES DE IMPRESS\u00c3O<\/p>\n<p><img loading=\"lazy\" decoding=\"async\" class=\"alignleft size-full wp-image-670\" style=\"width: 100%;\" src=\"https:\/\/xdoc.pt\/web\/wp-content\/uploads\/2015\/06\/clicsuportesdeimpressao_03.jpg\" alt=\"clicsuportesdeimpressao_03\" width=\"520\" height=\"366\" srcset=\"https:\/\/xdoc.pt\/web\/wp-content\/uploads\/2015\/06\/clicsuportesdeimpressao_03.jpg 520w, https:\/\/xdoc.pt\/web\/wp-content\/uploads\/2015\/06\/clicsuportesdeimpressao_03-300x211.jpg 300w\" sizes=\"auto, (max-width: 520px) 100vw, 520px\" \/><br \/>\nOs melhores suportes para as suas impress\u00f5es<br \/>\nOs pap\u00e9is e suportes de impress\u00e3o Xerox foram concebidos para proporcionar os melhores resultados em todas as impressoras digitais de escrit\u00f3rio e de produ\u00e7\u00e3o.<\/p>\n<p>&nbsp;<br \/>\nPEDIR MAIS INFORMA\u00c7\u00d5ES &gt; <\/p>\n<p>&nbsp;<\/p>\n","protected":false},"author":2,"featured_media":0,"parent":9,"menu_order":0,"comment_status":"closed","ping_status":"closed","template":"","meta":{"_monsterinsights_skip_tracking":false,"_monsterinsights_sitenote_active":false,"_monsterinsights_sitenote_note":"","_monsterinsights_sitenote_category":0,"footnotes":""},"class_list":["post-66","page","type-page","status-publish","hentry"],"yoast_head":"<!-- This site is optimized with the Yoast SEO plugin v24.6 - https:\/\/yoast.com\/wordpress\/plugins\/seo\/ -->\n<title>SUPORTES DE IMPRESS\u00c3O - XDOC - Equipamentos Escrit\u00f3rio, Lda<\/title>\n<meta name=\"description\" content=\"Os pap\u00e9is e suportes de impress\u00e3o Xerox s\u00e3o concebidos para proporcionar os melhores resultados nas impressoras digitais e de produ\u00e7\u00e3o.\" \/>\n<meta name=\"robots\" content=\"index, follow, max-snippet:-1, max-image-preview:large, max-video-preview:-1\" \/>\n<link rel=\"canonical\" href=\"https:\/\/xdoc.pt\/web\/produtos\/suportes-de-impressao\/\" \/>\n<meta property=\"og:locale\" content=\"pt_PT\" \/>\n<meta property=\"og:type\" content=\"article\" \/>\n<meta property=\"og:title\" content=\"SUPORTES DE IMPRESS\u00c3O - XDOC - Equipamentos Escrit\u00f3rio, Lda\" \/>\n<meta property=\"og:description\" content=\"Os pap\u00e9is e suportes de impress\u00e3o Xerox s\u00e3o concebidos para proporcionar os melhores resultados nas impressoras digitais e de produ\u00e7\u00e3o.\" \/>\n<meta property=\"og:url\" content=\"https:\/\/xdoc.pt\/web\/produtos\/suportes-de-impressao\/\" \/>\n<meta property=\"og:site_name\" content=\"XDOC - Equipamentos Escrit\u00f3rio, Lda\" \/>\n<meta property=\"article:publisher\" content=\"https:\/\/www.facebook.com\/xdoc.pt\" \/>\n<meta property=\"article:modified_time\" content=\"2021-05-03T18:12:45+00:00\" \/>\n<meta property=\"og:image\" content=\"https:\/\/xdoc.pt\/web\/wp-content\/uploads\/2015\/06\/clicsuportesdeimpressao_03.jpg\" \/>\n<meta name=\"twitter:card\" content=\"summary_large_image\" \/>\n<meta name=\"twitter:label1\" content=\"Tempo estimado de leitura\" \/>\n\t<meta name=\"twitter:data1\" content=\"1 minuto\" \/>\n<script type=\"application\/ld+json\" class=\"yoast-schema-graph\">{\"@context\":\"https:\/\/schema.org\",\"@graph\":[{\"@type\":\"WebPage\",\"@id\":\"https:\/\/xdoc.pt\/web\/produtos\/suportes-de-impressao\/\",\"url\":\"https:\/\/xdoc.pt\/web\/produtos\/suportes-de-impressao\/\",\"name\":\"SUPORTES DE IMPRESS\u00c3O - XDOC - Equipamentos Escrit\u00f3rio, Lda\",\"isPartOf\":{\"@id\":\"https:\/\/xdoc.pt\/web\/#website\"},\"primaryImageOfPage\":{\"@id\":\"https:\/\/xdoc.pt\/web\/produtos\/suportes-de-impressao\/#primaryimage\"},\"image\":{\"@id\":\"https:\/\/xdoc.pt\/web\/produtos\/suportes-de-impressao\/#primaryimage\"},\"thumbnailUrl\":\"https:\/\/xdoc.pt\/web\/wp-content\/uploads\/2015\/06\/clicsuportesdeimpressao_03.jpg\",\"datePublished\":\"2015-06-25T11:42:56+00:00\",\"dateModified\":\"2021-05-03T18:12:45+00:00\",\"description\":\"Os pap\u00e9is e suportes de impress\u00e3o Xerox s\u00e3o concebidos para proporcionar os melhores resultados nas impressoras digitais e de produ\u00e7\u00e3o.\",\"breadcrumb\":{\"@id\":\"https:\/\/xdoc.pt\/web\/produtos\/suportes-de-impressao\/#breadcrumb\"},\"inLanguage\":\"pt-PT\",\"potentialAction\":[{\"@type\":\"ReadAction\",\"target\":[\"https:\/\/xdoc.pt\/web\/produtos\/suportes-de-impressao\/\"]}]},{\"@type\":\"ImageObject\",\"inLanguage\":\"pt-PT\",\"@id\":\"https:\/\/xdoc.pt\/web\/produtos\/suportes-de-impressao\/#primaryimage\",\"url\":\"https:\/\/xdoc.pt\/web\/wp-content\/uploads\/2015\/06\/clicsuportesdeimpressao_03.jpg\",\"contentUrl\":\"https:\/\/xdoc.pt\/web\/wp-content\/uploads\/2015\/06\/clicsuportesdeimpressao_03.jpg\",\"width\":520,\"height\":366,\"caption\":\"Suportes de impress\u00c3\u00a3o\"},{\"@type\":\"BreadcrumbList\",\"@id\":\"https:\/\/xdoc.pt\/web\/produtos\/suportes-de-impressao\/#breadcrumb\",\"itemListElement\":[{\"@type\":\"ListItem\",\"position\":1,\"name\":\"In\u00edcio\",\"item\":\"https:\/\/xdoc.pt\/web\/\"},{\"@type\":\"ListItem\",\"position\":2,\"name\":\"PRODUTOS\",\"item\":\"https:\/\/xdoc.pt\/web\/produtos\/\"},{\"@type\":\"ListItem\",\"position\":3,\"name\":\"SUPORTES DE IMPRESS\u00c3O\"}]},{\"@type\":\"WebSite\",\"@id\":\"https:\/\/xdoc.pt\/web\/#website\",\"url\":\"https:\/\/xdoc.pt\/web\/\",\"name\":\"XDOC - Equipamentos Escrit\u00f3rio, Lda\",\"description\":\"Concession\u00e1rio Xerox, especializado em impress\u00e3o digital para empresas de \u00e1rea gr\u00e1fica desde a mais pequena impressora de mesa at\u00e9 \u00e0 produ\u00e7\u00e3o de grandes volumes em equipamentos vocacionados para produ\u00e7\u00e3o com e sem acabamento.\",\"potentialAction\":[{\"@type\":\"SearchAction\",\"target\":{\"@type\":\"EntryPoint\",\"urlTemplate\":\"https:\/\/xdoc.pt\/web\/?s={search_term_string}\"},\"query-input\":{\"@type\":\"PropertyValueSpecification\",\"valueRequired\":true,\"valueName\":\"search_term_string\"}}],\"inLanguage\":\"pt-PT\"}]}<\/script>\n<!-- \/ Yoast SEO plugin. -->","yoast_head_json":{"title":"SUPORTES DE IMPRESS\u00c3O - XDOC - Equipamentos Escrit\u00f3rio, Lda","description":"Os pap\u00e9is e suportes de impress\u00e3o Xerox s\u00e3o concebidos para proporcionar os melhores resultados nas impressoras digitais e de produ\u00e7\u00e3o.","robots":{"index":"index","follow":"follow","max-snippet":"max-snippet:-1","max-image-preview":"max-image-preview:large","max-video-preview":"max-video-preview:-1"},"canonical":"https:\/\/xdoc.pt\/web\/produtos\/suportes-de-impressao\/","og_locale":"pt_PT","og_type":"article","og_title":"SUPORTES DE IMPRESS\u00c3O - XDOC - Equipamentos Escrit\u00f3rio, Lda","og_description":"Os pap\u00e9is e suportes de impress\u00e3o Xerox s\u00e3o concebidos para proporcionar os melhores resultados nas impressoras digitais e de produ\u00e7\u00e3o.","og_url":"https:\/\/xdoc.pt\/web\/produtos\/suportes-de-impressao\/","og_site_name":"XDOC - Equipamentos Escrit\u00f3rio, Lda","article_publisher":"https:\/\/www.facebook.com\/xdoc.pt","article_modified_time":"2021-05-03T18:12:45+00:00","og_image":[{"url":"https:\/\/xdoc.pt\/web\/wp-content\/uploads\/2015\/06\/clicsuportesdeimpressao_03.jpg","type":"","width":"","height":""}],"twitter_card":"summary_large_image","twitter_misc":{"Tempo estimado de leitura":"1 minuto"},"schema":{"@context":"https:\/\/schema.org","@graph":[{"@type":"WebPage","@id":"https:\/\/xdoc.pt\/web\/produtos\/suportes-de-impressao\/","url":"https:\/\/xdoc.pt\/web\/produtos\/suportes-de-impressao\/","name":"SUPORTES DE IMPRESS\u00c3O - XDOC - Equipamentos Escrit\u00f3rio, Lda","isPartOf":{"@id":"https:\/\/xdoc.pt\/web\/#website"},"primaryImageOfPage":{"@id":"https:\/\/xdoc.pt\/web\/produtos\/suportes-de-impressao\/#primaryimage"},"image":{"@id":"https:\/\/xdoc.pt\/web\/produtos\/suportes-de-impressao\/#primaryimage"},"thumbnailUrl":"https:\/\/xdoc.pt\/web\/wp-content\/uploads\/2015\/06\/clicsuportesdeimpressao_03.jpg","datePublished":"2015-06-25T11:42:56+00:00","dateModified":"2021-05-03T18:12:45+00:00","description":"Os pap\u00e9is e suportes de impress\u00e3o Xerox s\u00e3o concebidos para proporcionar os melhores resultados nas impressoras digitais e de produ\u00e7\u00e3o.","breadcrumb":{"@id":"https:\/\/xdoc.pt\/web\/produtos\/suportes-de-impressao\/#breadcrumb"},"inLanguage":"pt-PT","potentialAction":[{"@type":"ReadAction","target":["https:\/\/xdoc.pt\/web\/produtos\/suportes-de-impressao\/"]}]},{"@type":"ImageObject","inLanguage":"pt-PT","@id":"https:\/\/xdoc.pt\/web\/produtos\/suportes-de-impressao\/#primaryimage","url":"https:\/\/xdoc.pt\/web\/wp-content\/uploads\/2015\/06\/clicsuportesdeimpressao_03.jpg","contentUrl":"https:\/\/xdoc.pt\/web\/wp-content\/uploads\/2015\/06\/clicsuportesdeimpressao_03.jpg","width":520,"height":366,"caption":"Suportes de impress\u00c3\u00a3o"},{"@type":"BreadcrumbList","@id":"https:\/\/xdoc.pt\/web\/produtos\/suportes-de-impressao\/#breadcrumb","itemListElement":[{"@type":"ListItem","position":1,"name":"In\u00edcio","item":"https:\/\/xdoc.pt\/web\/"},{"@type":"ListItem","position":2,"name":"PRODUTOS","item":"https:\/\/xdoc.pt\/web\/produtos\/"},{"@type":"ListItem","position":3,"name":"SUPORTES DE IMPRESS\u00c3O"}]},{"@type":"WebSite","@id":"https:\/\/xdoc.pt\/web\/#website","url":"https:\/\/xdoc.pt\/web\/","name":"XDOC - Equipamentos Escrit\u00f3rio, Lda","description":"Concession\u00e1rio Xerox, especializado em impress\u00e3o digital para empresas de \u00e1rea gr\u00e1fica desde a mais pequena impressora de mesa at\u00e9 \u00e0 produ\u00e7\u00e3o de grandes volumes em equipamentos vocacionados para produ\u00e7\u00e3o com e sem acabamento.","potentialAction":[{"@type":"SearchAction","target":{"@type":"EntryPoint","urlTemplate":"https:\/\/xdoc.pt\/web\/?s={search_term_string}"},"query-input":{"@type":"PropertyValueSpecification","valueRequired":true,"valueName":"search_term_string"}}],"inLanguage":"pt-PT"}]}},"_links":{"self":[{"href":"https:\/\/xdoc.pt\/web\/wp-json\/wp\/v2\/pages\/66","targetHints":{"allow":["GET"]}}],"collection":[{"href":"https:\/\/xdoc.pt\/web\/wp-json\/wp\/v2\/pages"}],"about":[{"href":"https:\/\/xdoc.pt\/web\/wp-json\/wp\/v2\/types\/page"}],"author":[{"embeddable":true,"href":"https:\/\/xdoc.pt\/web\/wp-json\/wp\/v2\/users\/2"}],"replies":[{"embeddable":true,"href":"https:\/\/xdoc.pt\/web\/wp-json\/wp\/v2\/comments?post=66"}],"version-history":[{"count":18,"href":"https:\/\/xdoc.pt\/web\/wp-json\/wp\/v2\/pages\/66\/revisions"}],"predecessor-version":[{"id":2484,"href":"https:\/\/xdoc.pt\/web\/wp-json\/wp\/v2\/pages\/66\/revisions\/2484"}],"up":[{"embeddable":true,"href":"https:\/\/xdoc.pt\/web\/wp-json\/wp\/v2\/pages\/9"}],"wp:attachment":[{"href":"https:\/\/xdoc.pt\/web\/wp-json\/wp\/v2\/media?parent=66"}],"curies":[{"name":"wp","href":"https:\/\/api.w.org\/{rel}","templated":true}]}}