{"id":64,"date":"2015-06-25T11:42:39","date_gmt":"2015-06-25T11:42:39","guid":{"rendered":"https:\/\/xdoc.pt\/web\/?page_id=64"},"modified":"2021-05-03T18:15:49","modified_gmt":"2021-05-03T18:15:49","slug":"consumiveis","status":"publish","type":"page","link":"https:\/\/xdoc.pt\/web\/produtos\/consumiveis\/","title":{"rendered":"CONSUM\u00cdVEIS"},"content":{"rendered":"<div class=\"centerText\">\n<div class=\"col-md-12\">\n<h1 style=\"color:#000\">CONSUM\u00cdVEIS<\/h1>\n<div style=\"padding-top:30px\">\n<div class=\"col-md-8\" style=\"padding-left:0px\"><img loading=\"lazy\" decoding=\"async\" src=\"https:\/\/xdoc.pt\/web\/wp-content\/uploads\/2015\/06\/clicconsumiveis_03.jpg\" alt=\"clicconsumiveis_03\" width=\"537\" height=\"264\" class=\"alignleft size-full wp-image-656\" style=\"width:100%\" srcset=\"https:\/\/xdoc.pt\/web\/wp-content\/uploads\/2015\/06\/clicconsumiveis_03.jpg 537w, https:\/\/xdoc.pt\/web\/wp-content\/uploads\/2015\/06\/clicconsumiveis_03-300x147.jpg 300w\" sizes=\"auto, (max-width: 537px) 100vw, 537px\" \/><\/div>\n<div class=\"col-md-4\">\n<span style=\"font-size:18px;font-weight:800;line-height: 19px;\">Os melhores consum\u00ed\u00adveis para os seus equipamentos<\/span><\/p>\n<p>Os consum\u00edveis Xerox foram criados para proporcionar a melhor qualidade de imagem e a impress\u00e3o mais fi\u00e1vel.<\/p>\n<div style=\"padding-top:10px\"><a href=\"https:\/\/xdoc.pt\/web\/contactos\/\" target=\"_blank\" rel=\"noopener\"><\/p>\n<div class=\"tranfer\">PEDIR MAIS INFORMA\u00c7\u00d5ES<\/div>\n<p><\/a><a href=\"https:\/\/xdoc.pt\/web\/contactos\/\" target=\"_blank\" rel=\"noopener\"><\/a><a href=\"https:\/\/xdoc.pt\/web\/contactos\/\" target=\"_blank\" rel=\"noopener\"><\/a><a href=\"https:\/\/xdoc.pt\/web\/contactos\/\" target=\"_blank\" rel=\"noopener\"><\/a><\/p>\n<\/div>\n<p><a href=\"https:\/\/xdoc.pt\/web\/contactos\/\" target=\"_blank\" rel=\"noopener\"><br \/>\n<\/a><a href=\"https:\/\/xdoc.pt\/web\/contactos\/\" target=\"_blank\" rel=\"noopener\"><\/a><\/p>\n<\/div>\n<\/div>\n<\/div>\n<\/div>\n","protected":false},"excerpt":{"rendered":"<p>CONSUM\u00cdVEIS<\/p>\n<p><img loading=\"lazy\" decoding=\"async\" src=\"https:\/\/xdoc.pt\/web\/wp-content\/uploads\/2015\/06\/clicconsumiveis_03.jpg\" alt=\"clicconsumiveis_03\" width=\"537\" height=\"264\" class=\"alignleft size-full wp-image-656\" style=\"width:100%\" srcset=\"https:\/\/xdoc.pt\/web\/wp-content\/uploads\/2015\/06\/clicconsumiveis_03.jpg 537w, https:\/\/xdoc.pt\/web\/wp-content\/uploads\/2015\/06\/clicconsumiveis_03-300x147.jpg 300w\" sizes=\"auto, (max-width: 537px) 100vw, 537px\" \/><\/p>\n<p>Os melhores consum\u00ed\u00adveis para os seus equipamentos<br \/>\nOs consum\u00edveis Xerox foram criados para proporcionar a melhor qualidade de imagem e a impress\u00e3o mais fi\u00e1vel.<\/p>\n<p>PEDIR MAIS INFORMA\u00c7\u00d5ES<\/p>\n","protected":false},"author":2,"featured_media":0,"parent":9,"menu_order":0,"comment_status":"closed","ping_status":"closed","template":"","meta":{"_monsterinsights_skip_tracking":false,"_monsterinsights_sitenote_active":false,"_monsterinsights_sitenote_note":"","_monsterinsights_sitenote_category":0,"footnotes":""},"class_list":["post-64","page","type-page","status-publish","hentry"],"yoast_head":"<!-- This site is optimized with the Yoast SEO plugin v24.6 - https:\/\/yoast.com\/wordpress\/plugins\/seo\/ -->\n<title>CONSUM\u00cdVEIS - XDOC - Equipamentos Escrit\u00f3rio, Lda<\/title>\n<meta name=\"description\" content=\"Os consum\u00edveis Xerox foram criados para proporcionar a melhor qualidade de imagem e a impress\u00e3o mais fi\u00e1vel.\" \/>\n<meta name=\"robots\" content=\"index, follow, max-snippet:-1, max-image-preview:large, max-video-preview:-1\" \/>\n<link rel=\"canonical\" href=\"https:\/\/xdoc.pt\/web\/produtos\/consumiveis\/\" \/>\n<meta property=\"og:locale\" content=\"pt_PT\" \/>\n<meta property=\"og:type\" content=\"article\" \/>\n<meta property=\"og:title\" content=\"CONSUM\u00cdVEIS - XDOC - Equipamentos Escrit\u00f3rio, Lda\" \/>\n<meta property=\"og:description\" content=\"Os consum\u00edveis Xerox foram criados para proporcionar a melhor qualidade de imagem e a impress\u00e3o mais fi\u00e1vel.\" \/>\n<meta property=\"og:url\" content=\"https:\/\/xdoc.pt\/web\/produtos\/consumiveis\/\" \/>\n<meta property=\"og:site_name\" content=\"XDOC - Equipamentos Escrit\u00f3rio, Lda\" \/>\n<meta property=\"article:publisher\" content=\"https:\/\/www.facebook.com\/xdoc.pt\" \/>\n<meta property=\"article:modified_time\" content=\"2021-05-03T18:15:49+00:00\" \/>\n<meta property=\"og:image\" content=\"https:\/\/xdoc.pt\/web\/wp-content\/uploads\/2015\/06\/clicconsumiveis_03.jpg\" \/>\n<meta name=\"twitter:card\" content=\"summary_large_image\" \/>\n<meta name=\"twitter:label1\" content=\"Tempo estimado de leitura\" \/>\n\t<meta name=\"twitter:data1\" content=\"1 minuto\" \/>\n<script type=\"application\/ld+json\" class=\"yoast-schema-graph\">{\"@context\":\"https:\/\/schema.org\",\"@graph\":[{\"@type\":\"WebPage\",\"@id\":\"https:\/\/xdoc.pt\/web\/produtos\/consumiveis\/\",\"url\":\"https:\/\/xdoc.pt\/web\/produtos\/consumiveis\/\",\"name\":\"CONSUM\u00cdVEIS - XDOC - Equipamentos Escrit\u00f3rio, Lda\",\"isPartOf\":{\"@id\":\"https:\/\/xdoc.pt\/web\/#website\"},\"primaryImageOfPage\":{\"@id\":\"https:\/\/xdoc.pt\/web\/produtos\/consumiveis\/#primaryimage\"},\"image\":{\"@id\":\"https:\/\/xdoc.pt\/web\/produtos\/consumiveis\/#primaryimage\"},\"thumbnailUrl\":\"https:\/\/xdoc.pt\/web\/wp-content\/uploads\/2015\/06\/clicconsumiveis_03.jpg\",\"datePublished\":\"2015-06-25T11:42:39+00:00\",\"dateModified\":\"2021-05-03T18:15:49+00:00\",\"description\":\"Os consum\u00edveis Xerox foram criados para proporcionar a melhor qualidade de imagem e a impress\u00e3o mais fi\u00e1vel.\",\"breadcrumb\":{\"@id\":\"https:\/\/xdoc.pt\/web\/produtos\/consumiveis\/#breadcrumb\"},\"inLanguage\":\"pt-PT\",\"potentialAction\":[{\"@type\":\"ReadAction\",\"target\":[\"https:\/\/xdoc.pt\/web\/produtos\/consumiveis\/\"]}]},{\"@type\":\"ImageObject\",\"inLanguage\":\"pt-PT\",\"@id\":\"https:\/\/xdoc.pt\/web\/produtos\/consumiveis\/#primaryimage\",\"url\":\"https:\/\/xdoc.pt\/web\/wp-content\/uploads\/2015\/06\/clicconsumiveis_03.jpg\",\"contentUrl\":\"https:\/\/xdoc.pt\/web\/wp-content\/uploads\/2015\/06\/clicconsumiveis_03.jpg\",\"width\":537,\"height\":264,\"caption\":\"consum\u00c3\u00adveis\"},{\"@type\":\"BreadcrumbList\",\"@id\":\"https:\/\/xdoc.pt\/web\/produtos\/consumiveis\/#breadcrumb\",\"itemListElement\":[{\"@type\":\"ListItem\",\"position\":1,\"name\":\"In\u00edcio\",\"item\":\"https:\/\/xdoc.pt\/web\/\"},{\"@type\":\"ListItem\",\"position\":2,\"name\":\"PRODUTOS\",\"item\":\"https:\/\/xdoc.pt\/web\/produtos\/\"},{\"@type\":\"ListItem\",\"position\":3,\"name\":\"CONSUM\u00cdVEIS\"}]},{\"@type\":\"WebSite\",\"@id\":\"https:\/\/xdoc.pt\/web\/#website\",\"url\":\"https:\/\/xdoc.pt\/web\/\",\"name\":\"XDOC - Equipamentos Escrit\u00f3rio, Lda\",\"description\":\"Concession\u00e1rio Xerox, especializado em impress\u00e3o digital para empresas de \u00e1rea gr\u00e1fica desde a mais pequena impressora de mesa at\u00e9 \u00e0 produ\u00e7\u00e3o de grandes volumes em equipamentos vocacionados para produ\u00e7\u00e3o com e sem acabamento.\",\"potentialAction\":[{\"@type\":\"SearchAction\",\"target\":{\"@type\":\"EntryPoint\",\"urlTemplate\":\"https:\/\/xdoc.pt\/web\/?s={search_term_string}\"},\"query-input\":{\"@type\":\"PropertyValueSpecification\",\"valueRequired\":true,\"valueName\":\"search_term_string\"}}],\"inLanguage\":\"pt-PT\"}]}<\/script>\n<!-- \/ Yoast SEO plugin. -->","yoast_head_json":{"title":"CONSUM\u00cdVEIS - XDOC - Equipamentos Escrit\u00f3rio, Lda","description":"Os consum\u00edveis Xerox foram criados para proporcionar a melhor qualidade de imagem e a impress\u00e3o mais fi\u00e1vel.","robots":{"index":"index","follow":"follow","max-snippet":"max-snippet:-1","max-image-preview":"max-image-preview:large","max-video-preview":"max-video-preview:-1"},"canonical":"https:\/\/xdoc.pt\/web\/produtos\/consumiveis\/","og_locale":"pt_PT","og_type":"article","og_title":"CONSUM\u00cdVEIS - XDOC - Equipamentos Escrit\u00f3rio, Lda","og_description":"Os consum\u00edveis Xerox foram criados para proporcionar a melhor qualidade de imagem e a impress\u00e3o mais fi\u00e1vel.","og_url":"https:\/\/xdoc.pt\/web\/produtos\/consumiveis\/","og_site_name":"XDOC - Equipamentos Escrit\u00f3rio, Lda","article_publisher":"https:\/\/www.facebook.com\/xdoc.pt","article_modified_time":"2021-05-03T18:15:49+00:00","og_image":[{"url":"https:\/\/xdoc.pt\/web\/wp-content\/uploads\/2015\/06\/clicconsumiveis_03.jpg","type":"","width":"","height":""}],"twitter_card":"summary_large_image","twitter_misc":{"Tempo estimado de leitura":"1 minuto"},"schema":{"@context":"https:\/\/schema.org","@graph":[{"@type":"WebPage","@id":"https:\/\/xdoc.pt\/web\/produtos\/consumiveis\/","url":"https:\/\/xdoc.pt\/web\/produtos\/consumiveis\/","name":"CONSUM\u00cdVEIS - XDOC - Equipamentos Escrit\u00f3rio, Lda","isPartOf":{"@id":"https:\/\/xdoc.pt\/web\/#website"},"primaryImageOfPage":{"@id":"https:\/\/xdoc.pt\/web\/produtos\/consumiveis\/#primaryimage"},"image":{"@id":"https:\/\/xdoc.pt\/web\/produtos\/consumiveis\/#primaryimage"},"thumbnailUrl":"https:\/\/xdoc.pt\/web\/wp-content\/uploads\/2015\/06\/clicconsumiveis_03.jpg","datePublished":"2015-06-25T11:42:39+00:00","dateModified":"2021-05-03T18:15:49+00:00","description":"Os consum\u00edveis Xerox foram criados para proporcionar a melhor qualidade de imagem e a impress\u00e3o mais fi\u00e1vel.","breadcrumb":{"@id":"https:\/\/xdoc.pt\/web\/produtos\/consumiveis\/#breadcrumb"},"inLanguage":"pt-PT","potentialAction":[{"@type":"ReadAction","target":["https:\/\/xdoc.pt\/web\/produtos\/consumiveis\/"]}]},{"@type":"ImageObject","inLanguage":"pt-PT","@id":"https:\/\/xdoc.pt\/web\/produtos\/consumiveis\/#primaryimage","url":"https:\/\/xdoc.pt\/web\/wp-content\/uploads\/2015\/06\/clicconsumiveis_03.jpg","contentUrl":"https:\/\/xdoc.pt\/web\/wp-content\/uploads\/2015\/06\/clicconsumiveis_03.jpg","width":537,"height":264,"caption":"consum\u00c3\u00adveis"},{"@type":"BreadcrumbList","@id":"https:\/\/xdoc.pt\/web\/produtos\/consumiveis\/#breadcrumb","itemListElement":[{"@type":"ListItem","position":1,"name":"In\u00edcio","item":"https:\/\/xdoc.pt\/web\/"},{"@type":"ListItem","position":2,"name":"PRODUTOS","item":"https:\/\/xdoc.pt\/web\/produtos\/"},{"@type":"ListItem","position":3,"name":"CONSUM\u00cdVEIS"}]},{"@type":"WebSite","@id":"https:\/\/xdoc.pt\/web\/#website","url":"https:\/\/xdoc.pt\/web\/","name":"XDOC - Equipamentos Escrit\u00f3rio, Lda","description":"Concession\u00e1rio Xerox, especializado em impress\u00e3o digital para empresas de \u00e1rea gr\u00e1fica desde a mais pequena impressora de mesa at\u00e9 \u00e0 produ\u00e7\u00e3o de grandes volumes em equipamentos vocacionados para produ\u00e7\u00e3o com e sem acabamento.","potentialAction":[{"@type":"SearchAction","target":{"@type":"EntryPoint","urlTemplate":"https:\/\/xdoc.pt\/web\/?s={search_term_string}"},"query-input":{"@type":"PropertyValueSpecification","valueRequired":true,"valueName":"search_term_string"}}],"inLanguage":"pt-PT"}]}},"_links":{"self":[{"href":"https:\/\/xdoc.pt\/web\/wp-json\/wp\/v2\/pages\/64","targetHints":{"allow":["GET"]}}],"collection":[{"href":"https:\/\/xdoc.pt\/web\/wp-json\/wp\/v2\/pages"}],"about":[{"href":"https:\/\/xdoc.pt\/web\/wp-json\/wp\/v2\/types\/page"}],"author":[{"embeddable":true,"href":"https:\/\/xdoc.pt\/web\/wp-json\/wp\/v2\/users\/2"}],"replies":[{"embeddable":true,"href":"https:\/\/xdoc.pt\/web\/wp-json\/wp\/v2\/comments?post=64"}],"version-history":[{"count":14,"href":"https:\/\/xdoc.pt\/web\/wp-json\/wp\/v2\/pages\/64\/revisions"}],"predecessor-version":[{"id":2556,"href":"https:\/\/xdoc.pt\/web\/wp-json\/wp\/v2\/pages\/64\/revisions\/2556"}],"up":[{"embeddable":true,"href":"https:\/\/xdoc.pt\/web\/wp-json\/wp\/v2\/pages\/9"}],"wp:attachment":[{"href":"https:\/\/xdoc.pt\/web\/wp-json\/wp\/v2\/media?parent=64"}],"curies":[{"name":"wp","href":"https:\/\/api.w.org\/{rel}","templated":true}]}}