{"id":59,"date":"2015-06-25T11:41:46","date_gmt":"2015-06-25T11:41:46","guid":{"rendered":"https:\/\/xdoc.pt\/web\/?page_id=59"},"modified":"2021-04-22T17:49:52","modified_gmt":"2021-04-22T17:49:52","slug":"equipamentos","status":"publish","type":"page","link":"https:\/\/xdoc.pt\/web\/produtos\/equipamentos\/","title":{"rendered":"EQUIPAMENTOS"},"content":{"rendered":"<div class=\"centerText\">\n<div class=\"col-md-12\">\n<div class=\"col-md-6\" style=\"margin-bottom: 50px;\">\n<div class=\"col-md-12\">\n<h2 style=\"color:#000;text-align:center;margin: 0 0 20px;font-weight: 300;\">MULTIFUNCIONAIS<\/h2>\n<\/div>\n<div class=\"col-md-12\"><a href=\"https:\/\/xdoc.pt\/web\/produtos\/equipamentos\/multifuncionais\/\"><img loading=\"lazy\" decoding=\"async\" src=\"https:\/\/xdoc.pt\/web\/wp-content\/uploads\/2015\/06\/clicequipamentos_03.jpg\" alt=\"clicequipamentos_03\" width=\"409\" height=\"250\" class=\"aligncenter size-full wp-image-688 eq\" srcset=\"https:\/\/xdoc.pt\/web\/wp-content\/uploads\/2015\/06\/clicequipamentos_03.jpg 409w, https:\/\/xdoc.pt\/web\/wp-content\/uploads\/2015\/06\/clicequipamentos_03-300x183.jpg 300w\" sizes=\"auto, (max-width: 409px) 100vw, 409px\" \/><\/a><\/div>\n<div class=\"col-md-12\">\n<div class=\"tranfer equipa\" style=\"margin: 0 auto;width: 45%; margin-top: 16px;\"><a href=\"https:\/\/xdoc.pt\/web\/produtos\/equipamentos\/multifuncionais\/\" style=\"color:#fff;\">VER MAIS<\/a><\/div>\n<\/div>\n<\/div>\n<div class=\"col-md-6\" style=\"margin-bottom: 50px;\">\n<div class=\"col-md-12\">\n<h2 style=\"color:#000;text-align:center;margin: 0 0 20px;font-weight: 300;\">IMPRESSORAS<\/h2>\n<\/div>\n<div class=\"col-md-12\"><a href=\"https:\/\/xdoc.pt\/web\/produtos\/equipamentos\/impressoras\/\"><img loading=\"lazy\" decoding=\"async\" src=\"https:\/\/xdoc.pt\/web\/wp-content\/uploads\/2015\/06\/clicequipamentos_04.jpg\" alt=\"clicequipamentos_04\" width=\"380\" height=\"250\" class=\"aligncenter size-full wp-image-689 eq\" srcset=\"https:\/\/xdoc.pt\/web\/wp-content\/uploads\/2015\/06\/clicequipamentos_04.jpg 380w, https:\/\/xdoc.pt\/web\/wp-content\/uploads\/2015\/06\/clicequipamentos_04-300x197.jpg 300w\" sizes=\"auto, (max-width: 380px) 100vw, 380px\" \/><\/a><\/div>\n<div class=\"col-md-12\">\n<div class=\"tranfer equipa\" style=\"margin: 0 auto;width: 45%;\"><a href=\"https:\/\/xdoc.pt\/web\/produtos\/equipamentos\/impressoras\/\" style=\"color:#fff\">VER MAIS<\/a><\/div>\n<\/div>\n<\/div>\n<div class=\"col-md-6\" style=\"margin-bottom: 50px;\">\n<div class=\"col-md-12\">\n<h2 style=\"color:#000;text-align:center;margin: 0 0 20px;font-weight: 300;\">PRODU\u00c3\u0087\u00c3\u0083O<\/h2>\n<\/div>\n<div class=\"col-md-12\"><a href=\"https:\/\/xdoc.pt\/web\/produtos\/equipamentos\/producao\/\"><img loading=\"lazy\" decoding=\"async\" src=\"https:\/\/xdoc.pt\/web\/wp-content\/uploads\/2015\/06\/clicequipamentos_07.jpg\" alt=\"clicequipamentos_07\" width=\"409\" height=\"243\" class=\"aligncenter size-full wp-image-690 eq\" srcset=\"https:\/\/xdoc.pt\/web\/wp-content\/uploads\/2015\/06\/clicequipamentos_07.jpg 409w, https:\/\/xdoc.pt\/web\/wp-content\/uploads\/2015\/06\/clicequipamentos_07-300x178.jpg 300w\" sizes=\"auto, (max-width: 409px) 100vw, 409px\" \/><\/a><\/div>\n<div class=\"col-md-12\">\n<div class=\"tranfer equipa\" style=\"margin: 0 auto;width: 45%; margin-top: 16px;\"><a href=\"https:\/\/xdoc.pt\/web\/produtos\/equipamentos\/producao\/\" style=\"color:#fff;\">VER MAIS<\/a><\/div>\n<\/div>\n<\/div>\n<div class=\"col-md-6\" style=\"margin-bottom: 50px;\">\n<div class=\"col-md-12\">\n<h2 style=\"color:#000;text-align:center;margin: 0 0 20px;font-weight: 300;\">GRANDES FORMATOS<\/h2>\n<\/div>\n<div class=\"col-md-12\"><a href=\"https:\/\/xdoc.pt\/web\/produtos\/equipamentos\/grandes-formatos\/\"><img loading=\"lazy\" decoding=\"async\" src=\"https:\/\/xdoc.pt\/web\/wp-content\/uploads\/2015\/06\/clicequipamentos_08.jpg\" alt=\"clicequipamentos_08\" width=\"380\" height=\"243\" class=\"aligncenter size-full wp-image-691 eq\" srcset=\"https:\/\/xdoc.pt\/web\/wp-content\/uploads\/2015\/06\/clicequipamentos_08.jpg 380w, https:\/\/xdoc.pt\/web\/wp-content\/uploads\/2015\/06\/clicequipamentos_08-300x192.jpg 300w\" sizes=\"auto, (max-width: 380px) 100vw, 380px\" \/><\/a><\/div>\n<div class=\"col-md-12\">\n<div class=\"tranfer equipa\" style=\"margin: 0 auto;width: 45%;\"><a href=\"https:\/\/xdoc.pt\/web\/produtos\/equipamentos\/grandes-formatos\/\" style=\"color:#fff\">VER MAIS<\/a><\/div>\n<\/div>\n<\/div>\n<\/div>\n<\/div>\n","protected":false},"excerpt":{"rendered":"<p>MULTIFUNCIONAIS<\/p>\n<p><img loading=\"lazy\" decoding=\"async\" src=\"https:\/\/xdoc.pt\/web\/wp-content\/uploads\/2015\/06\/clicequipamentos_03.jpg\" alt=\"clicequipamentos_03\" width=\"409\" height=\"250\" class=\"aligncenter size-full wp-image-688 eq\" srcset=\"https:\/\/xdoc.pt\/web\/wp-content\/uploads\/2015\/06\/clicequipamentos_03.jpg 409w, https:\/\/xdoc.pt\/web\/wp-content\/uploads\/2015\/06\/clicequipamentos_03-300x183.jpg 300w\" sizes=\"auto, (max-width: 409px) 100vw, 409px\" \/><\/p>\n<p>VER MAIS<\/p>\n<p>IMPRESSORAS<\/p>\n<p><img loading=\"lazy\" decoding=\"async\" src=\"https:\/\/xdoc.pt\/web\/wp-content\/uploads\/2015\/06\/clicequipamentos_04.jpg\" alt=\"clicequipamentos_04\" width=\"380\" height=\"250\" class=\"aligncenter size-full wp-image-689 eq\" srcset=\"https:\/\/xdoc.pt\/web\/wp-content\/uploads\/2015\/06\/clicequipamentos_04.jpg 380w, https:\/\/xdoc.pt\/web\/wp-content\/uploads\/2015\/06\/clicequipamentos_04-300x197.jpg 300w\" sizes=\"auto, (max-width: 380px) 100vw, 380px\" \/><\/p>\n<p>VER MAIS<\/p>\n<p>PRODU\u00c3\u0087\u00c3\u0083O<\/p>\n<p><img loading=\"lazy\" decoding=\"async\" src=\"https:\/\/xdoc.pt\/web\/wp-content\/uploads\/2015\/06\/clicequipamentos_07.jpg\" alt=\"clicequipamentos_07\" width=\"409\" height=\"243\" class=\"aligncenter size-full wp-image-690 eq\" srcset=\"https:\/\/xdoc.pt\/web\/wp-content\/uploads\/2015\/06\/clicequipamentos_07.jpg 409w, https:\/\/xdoc.pt\/web\/wp-content\/uploads\/2015\/06\/clicequipamentos_07-300x178.jpg 300w\" sizes=\"auto, (max-width: 409px) 100vw, 409px\" \/><\/p>\n<p>VER MAIS<\/p>\n<p>GRANDES FORMATOS<\/p>\n<p><img loading=\"lazy\" decoding=\"async\" src=\"https:\/\/xdoc.pt\/web\/wp-content\/uploads\/2015\/06\/clicequipamentos_08.jpg\" alt=\"clicequipamentos_08\" width=\"380\" height=\"243\" class=\"aligncenter size-full wp-image-691 eq\" srcset=\"https:\/\/xdoc.pt\/web\/wp-content\/uploads\/2015\/06\/clicequipamentos_08.jpg 380w, https:\/\/xdoc.pt\/web\/wp-content\/uploads\/2015\/06\/clicequipamentos_08-300x192.jpg 300w\" sizes=\"auto, (max-width: 380px) 100vw, 380px\" \/><\/p>\n<p>VER MAIS<\/p>\n","protected":false},"author":2,"featured_media":0,"parent":9,"menu_order":0,"comment_status":"closed","ping_status":"closed","template":"","meta":{"_monsterinsights_skip_tracking":false,"_monsterinsights_sitenote_active":false,"_monsterinsights_sitenote_note":"","_monsterinsights_sitenote_category":0,"footnotes":""},"class_list":["post-59","page","type-page","status-publish","hentry"],"yoast_head":"<!-- This site is optimized with the Yoast SEO plugin v24.6 - https:\/\/yoast.com\/wordpress\/plugins\/seo\/ -->\n<title>EQUIPAMENTOS - XDOC - Equipamentos Escrit\u00f3rio, Lda<\/title>\n<meta name=\"description\" content=\"Somos um Concession\u00c3\u00a1rio Xerox que focaliza o seu neg\u00c3\u00b3cio na comercializa\u00c3\u00a7\u00c3\u00a3o de equipamentos de impress\u00c3\u00a3o, c\u00c3\u00b3pia e gest\u00c3\u00a3o documental.\" \/>\n<meta name=\"robots\" content=\"index, follow, max-snippet:-1, max-image-preview:large, max-video-preview:-1\" \/>\n<link rel=\"canonical\" href=\"https:\/\/xdoc.pt\/web\/produtos\/equipamentos\/\" \/>\n<meta property=\"og:locale\" content=\"pt_PT\" \/>\n<meta property=\"og:type\" content=\"article\" \/>\n<meta property=\"og:title\" content=\"EQUIPAMENTOS - XDOC - Equipamentos Escrit\u00f3rio, Lda\" \/>\n<meta property=\"og:description\" content=\"Somos um Concession\u00c3\u00a1rio Xerox que focaliza o seu neg\u00c3\u00b3cio na comercializa\u00c3\u00a7\u00c3\u00a3o de equipamentos de impress\u00c3\u00a3o, c\u00c3\u00b3pia e gest\u00c3\u00a3o documental.\" \/>\n<meta property=\"og:url\" content=\"https:\/\/xdoc.pt\/web\/produtos\/equipamentos\/\" \/>\n<meta property=\"og:site_name\" content=\"XDOC - Equipamentos Escrit\u00f3rio, Lda\" \/>\n<meta property=\"article:publisher\" content=\"https:\/\/www.facebook.com\/xdoc.pt\" \/>\n<meta property=\"article:modified_time\" content=\"2021-04-22T17:49:52+00:00\" \/>\n<meta property=\"og:image\" content=\"https:\/\/xdoc.pt\/web\/wp-content\/uploads\/2015\/06\/clicequipamentos_03.jpg\" \/>\n\t<meta property=\"og:image:width\" content=\"409\" \/>\n\t<meta property=\"og:image:height\" content=\"250\" \/>\n\t<meta property=\"og:image:type\" content=\"image\/jpeg\" \/>\n<meta name=\"twitter:card\" content=\"summary_large_image\" \/>\n<meta name=\"twitter:label1\" content=\"Tempo estimado de leitura\" \/>\n\t<meta name=\"twitter:data1\" content=\"1 minuto\" \/>\n<script type=\"application\/ld+json\" class=\"yoast-schema-graph\">{\"@context\":\"https:\/\/schema.org\",\"@graph\":[{\"@type\":\"WebPage\",\"@id\":\"https:\/\/xdoc.pt\/web\/produtos\/equipamentos\/\",\"url\":\"https:\/\/xdoc.pt\/web\/produtos\/equipamentos\/\",\"name\":\"EQUIPAMENTOS - XDOC - Equipamentos Escrit\u00f3rio, Lda\",\"isPartOf\":{\"@id\":\"https:\/\/xdoc.pt\/web\/#website\"},\"primaryImageOfPage\":{\"@id\":\"https:\/\/xdoc.pt\/web\/produtos\/equipamentos\/#primaryimage\"},\"image\":{\"@id\":\"https:\/\/xdoc.pt\/web\/produtos\/equipamentos\/#primaryimage\"},\"thumbnailUrl\":\"https:\/\/xdoc.pt\/web\/wp-content\/uploads\/2015\/06\/clicequipamentos_03.jpg\",\"datePublished\":\"2015-06-25T11:41:46+00:00\",\"dateModified\":\"2021-04-22T17:49:52+00:00\",\"description\":\"Somos um Concession\u00c3\u00a1rio Xerox que focaliza o seu neg\u00c3\u00b3cio na comercializa\u00c3\u00a7\u00c3\u00a3o de equipamentos de impress\u00c3\u00a3o, c\u00c3\u00b3pia e gest\u00c3\u00a3o documental.\",\"breadcrumb\":{\"@id\":\"https:\/\/xdoc.pt\/web\/produtos\/equipamentos\/#breadcrumb\"},\"inLanguage\":\"pt-PT\",\"potentialAction\":[{\"@type\":\"ReadAction\",\"target\":[\"https:\/\/xdoc.pt\/web\/produtos\/equipamentos\/\"]}]},{\"@type\":\"ImageObject\",\"inLanguage\":\"pt-PT\",\"@id\":\"https:\/\/xdoc.pt\/web\/produtos\/equipamentos\/#primaryimage\",\"url\":\"https:\/\/xdoc.pt\/web\/wp-content\/uploads\/2015\/06\/clicequipamentos_03.jpg\",\"contentUrl\":\"https:\/\/xdoc.pt\/web\/wp-content\/uploads\/2015\/06\/clicequipamentos_03.jpg\",\"width\":409,\"height\":250},{\"@type\":\"BreadcrumbList\",\"@id\":\"https:\/\/xdoc.pt\/web\/produtos\/equipamentos\/#breadcrumb\",\"itemListElement\":[{\"@type\":\"ListItem\",\"position\":1,\"name\":\"In\u00edcio\",\"item\":\"https:\/\/xdoc.pt\/web\/\"},{\"@type\":\"ListItem\",\"position\":2,\"name\":\"PRODUTOS\",\"item\":\"https:\/\/xdoc.pt\/web\/produtos\/\"},{\"@type\":\"ListItem\",\"position\":3,\"name\":\"EQUIPAMENTOS\"}]},{\"@type\":\"WebSite\",\"@id\":\"https:\/\/xdoc.pt\/web\/#website\",\"url\":\"https:\/\/xdoc.pt\/web\/\",\"name\":\"XDOC - Equipamentos Escrit\u00f3rio, Lda\",\"description\":\"Concession\u00e1rio Xerox, especializado em impress\u00e3o digital para empresas de \u00e1rea gr\u00e1fica desde a mais pequena impressora de mesa at\u00e9 \u00e0 produ\u00e7\u00e3o de grandes volumes em equipamentos vocacionados para produ\u00e7\u00e3o com e sem acabamento.\",\"potentialAction\":[{\"@type\":\"SearchAction\",\"target\":{\"@type\":\"EntryPoint\",\"urlTemplate\":\"https:\/\/xdoc.pt\/web\/?s={search_term_string}\"},\"query-input\":{\"@type\":\"PropertyValueSpecification\",\"valueRequired\":true,\"valueName\":\"search_term_string\"}}],\"inLanguage\":\"pt-PT\"}]}<\/script>\n<!-- \/ Yoast SEO plugin. -->","yoast_head_json":{"title":"EQUIPAMENTOS - XDOC - Equipamentos Escrit\u00f3rio, Lda","description":"Somos um Concession\u00c3\u00a1rio Xerox que focaliza o seu neg\u00c3\u00b3cio na comercializa\u00c3\u00a7\u00c3\u00a3o de equipamentos de impress\u00c3\u00a3o, c\u00c3\u00b3pia e gest\u00c3\u00a3o documental.","robots":{"index":"index","follow":"follow","max-snippet":"max-snippet:-1","max-image-preview":"max-image-preview:large","max-video-preview":"max-video-preview:-1"},"canonical":"https:\/\/xdoc.pt\/web\/produtos\/equipamentos\/","og_locale":"pt_PT","og_type":"article","og_title":"EQUIPAMENTOS - XDOC - Equipamentos Escrit\u00f3rio, Lda","og_description":"Somos um Concession\u00c3\u00a1rio Xerox que focaliza o seu neg\u00c3\u00b3cio na comercializa\u00c3\u00a7\u00c3\u00a3o de equipamentos de impress\u00c3\u00a3o, c\u00c3\u00b3pia e gest\u00c3\u00a3o documental.","og_url":"https:\/\/xdoc.pt\/web\/produtos\/equipamentos\/","og_site_name":"XDOC - Equipamentos Escrit\u00f3rio, Lda","article_publisher":"https:\/\/www.facebook.com\/xdoc.pt","article_modified_time":"2021-04-22T17:49:52+00:00","og_image":[{"width":409,"height":250,"url":"https:\/\/xdoc.pt\/web\/wp-content\/uploads\/2015\/06\/clicequipamentos_03.jpg","type":"image\/jpeg"}],"twitter_card":"summary_large_image","twitter_misc":{"Tempo estimado de leitura":"1 minuto"},"schema":{"@context":"https:\/\/schema.org","@graph":[{"@type":"WebPage","@id":"https:\/\/xdoc.pt\/web\/produtos\/equipamentos\/","url":"https:\/\/xdoc.pt\/web\/produtos\/equipamentos\/","name":"EQUIPAMENTOS - XDOC - Equipamentos Escrit\u00f3rio, Lda","isPartOf":{"@id":"https:\/\/xdoc.pt\/web\/#website"},"primaryImageOfPage":{"@id":"https:\/\/xdoc.pt\/web\/produtos\/equipamentos\/#primaryimage"},"image":{"@id":"https:\/\/xdoc.pt\/web\/produtos\/equipamentos\/#primaryimage"},"thumbnailUrl":"https:\/\/xdoc.pt\/web\/wp-content\/uploads\/2015\/06\/clicequipamentos_03.jpg","datePublished":"2015-06-25T11:41:46+00:00","dateModified":"2021-04-22T17:49:52+00:00","description":"Somos um Concession\u00c3\u00a1rio Xerox que focaliza o seu neg\u00c3\u00b3cio na comercializa\u00c3\u00a7\u00c3\u00a3o de equipamentos de impress\u00c3\u00a3o, c\u00c3\u00b3pia e gest\u00c3\u00a3o documental.","breadcrumb":{"@id":"https:\/\/xdoc.pt\/web\/produtos\/equipamentos\/#breadcrumb"},"inLanguage":"pt-PT","potentialAction":[{"@type":"ReadAction","target":["https:\/\/xdoc.pt\/web\/produtos\/equipamentos\/"]}]},{"@type":"ImageObject","inLanguage":"pt-PT","@id":"https:\/\/xdoc.pt\/web\/produtos\/equipamentos\/#primaryimage","url":"https:\/\/xdoc.pt\/web\/wp-content\/uploads\/2015\/06\/clicequipamentos_03.jpg","contentUrl":"https:\/\/xdoc.pt\/web\/wp-content\/uploads\/2015\/06\/clicequipamentos_03.jpg","width":409,"height":250},{"@type":"BreadcrumbList","@id":"https:\/\/xdoc.pt\/web\/produtos\/equipamentos\/#breadcrumb","itemListElement":[{"@type":"ListItem","position":1,"name":"In\u00edcio","item":"https:\/\/xdoc.pt\/web\/"},{"@type":"ListItem","position":2,"name":"PRODUTOS","item":"https:\/\/xdoc.pt\/web\/produtos\/"},{"@type":"ListItem","position":3,"name":"EQUIPAMENTOS"}]},{"@type":"WebSite","@id":"https:\/\/xdoc.pt\/web\/#website","url":"https:\/\/xdoc.pt\/web\/","name":"XDOC - Equipamentos Escrit\u00f3rio, Lda","description":"Concession\u00e1rio Xerox, especializado em impress\u00e3o digital para empresas de \u00e1rea gr\u00e1fica desde a mais pequena impressora de mesa at\u00e9 \u00e0 produ\u00e7\u00e3o de grandes volumes em equipamentos vocacionados para produ\u00e7\u00e3o com e sem acabamento.","potentialAction":[{"@type":"SearchAction","target":{"@type":"EntryPoint","urlTemplate":"https:\/\/xdoc.pt\/web\/?s={search_term_string}"},"query-input":{"@type":"PropertyValueSpecification","valueRequired":true,"valueName":"search_term_string"}}],"inLanguage":"pt-PT"}]}},"_links":{"self":[{"href":"https:\/\/xdoc.pt\/web\/wp-json\/wp\/v2\/pages\/59","targetHints":{"allow":["GET"]}}],"collection":[{"href":"https:\/\/xdoc.pt\/web\/wp-json\/wp\/v2\/pages"}],"about":[{"href":"https:\/\/xdoc.pt\/web\/wp-json\/wp\/v2\/types\/page"}],"author":[{"embeddable":true,"href":"https:\/\/xdoc.pt\/web\/wp-json\/wp\/v2\/users\/2"}],"replies":[{"embeddable":true,"href":"https:\/\/xdoc.pt\/web\/wp-json\/wp\/v2\/comments?post=59"}],"version-history":[{"count":24,"href":"https:\/\/xdoc.pt\/web\/wp-json\/wp\/v2\/pages\/59\/revisions"}],"predecessor-version":[{"id":2274,"href":"https:\/\/xdoc.pt\/web\/wp-json\/wp\/v2\/pages\/59\/revisions\/2274"}],"up":[{"embeddable":true,"href":"https:\/\/xdoc.pt\/web\/wp-json\/wp\/v2\/pages\/9"}],"wp:attachment":[{"href":"https:\/\/xdoc.pt\/web\/wp-json\/wp\/v2\/media?parent=59"}],"curies":[{"name":"wp","href":"https:\/\/api.w.org\/{rel}","templated":true}]}}