{"id":2726,"date":"2022-05-25T10:09:45","date_gmt":"2022-05-25T10:09:45","guid":{"rendered":"https:\/\/xdoc.pt\/web\/?page_id=2726"},"modified":"2022-05-25T10:32:42","modified_gmt":"2022-05-25T10:32:42","slug":"workflow-central","status":"publish","type":"page","link":"https:\/\/xdoc.pt\/web\/workflow-central\/","title":{"rendered":"Workflow Central"},"content":{"rendered":"<div class=\"xrx_sc_blurb\" style=\"text-align: left;\">\n<h3 style=\"color:#ff0000;\">Xerox\u00ae Workflow Central<\/h3>\n<p style=\"text-align:justify;\">Xerox Workflow Central \u00e9 uma <strong>solu\u00e7\u00e3o cont\u00ednua baseada na cloud<\/strong> e que ajuda a <strong>transformar facilmente documentos f\u00edsicos e digitais<\/strong> em qualquer lugar e em qualquer dispositivo.<\/p>\n<p style=\"text-align:justify;\">Transforme os seus documentos em <strong>formatos edit\u00e1veis<\/strong> com processos seguros e automatizados que eliminam v\u00e1rias etapas e tarefas manuais.<\/p>\n<p style=\"text-align:justify;\">Com esta solu\u00e7\u00e3o consiga fluxos de trabalho inovadores numa \u00fanica plataforma central.<\/p>\n<p style=\"text-align:justify;\">Utilize o Workflow Central diretamente nos MFPs, que possuem tecnologia Xerox ConnectKey, e tire proveito de uma biblioteca de fluxos de trabalho que ajudam a <strong>simplificar processos focados em documentos<\/strong>.<\/p>\n<\/div>\n<p><img loading=\"lazy\" decoding=\"async\" class=\"aligncenter wp-image-2593 size-medium\" style=\"display:table; margin:auto;width: 450px;\" src=\"https:\/\/xdoc.pt\/web\/wp-content\/uploads\/2022\/05\/Workflow-Central.png\" alt=\"\" width=\"300\" height=\"212\"><\/p>\n<div style=\"margin-top:30px;text-align:justify;\">\n<strong style=\"font-size:20px;color:#ff0000;\">O que pode conseguir<\/strong><\/p>\n<ul>\n<li>Convers\u00e3o para \u00e1udio: Converta os <strong>documentos em ficheiros de \u00e1udio<\/strong>, que poder\u00e1 ouvir onde e quando quiser.<\/li>\n<li>Converter para MS Office: Converta PDFs, ficheiros impressos ou ficheiros de imagens em <strong>formatos do Microsoft Office edit\u00e1veis e digitais<\/strong>.<\/li>\n<li>Convers\u00e3o de manuscritos para texto: <strong>Transforme os seu apontamentos<\/strong> em ficheiros digitais leg\u00edveis, edit\u00e1veis, partilh\u00e1veis e f\u00e1ceis de ler.<\/li>\n<li>Resumir: <strong>Resuma os pontos principais<\/strong> de um relat\u00f3rio, artigo ou livro branco mais extenso numa vers\u00e3o mais pequena.<\/li>\n<li>Ocultar: <strong>Oculte informa\u00e7\u00f5es confidenciais ou pessoais<\/strong> identific\u00e1veis (PII) com precis\u00e3o e rapidez.<\/li>\n<li>Traduzir: Traduza de forma instant\u00e2nea os seus documentos em mais de <strong>40 idiomas<\/strong>.<\/li>\n<li>Combinar: <strong>Re\u00fana at\u00e9 5 ficheiros num s\u00f3<\/strong> sem que formatos diferentes travem o processo.<\/li>\n<li>Combina\u00e7\u00f5es predefinidas: <strong>Guarde as suas prefer\u00eancias<\/strong> e beneficie da efici\u00eancia dos workflows com um s\u00f3 clique.<\/li>\n<\/ul>\n<p><strong style=\"font-size:20px;color:#ff0000;\">Principais fun\u00e7\u00f5es \/ caracter\u00edsticas<\/strong><br \/>\n<strong style=\"font-size:15px;\">Produtividade com arquivos digitais<\/strong><\/p>\n<ul>\n<li>Esta solu\u00e7\u00e3o pode eliminar a dist\u00e2ncia entre o formato em papel e o formato digital. Fa\u00e7a o upload de documentos, fotos e arquivos de imagem para a plataforma Workflow Central para obter melhor produtividade.<\/li>\n<\/ul>\n<p><strong style=\"font-size:15px;\">Acesso flex\u00edvel, a qualquer momento e em qualquer lugar<\/strong><\/p>\n<ul>\n<li>Aceda ao Workflow Central a qualquer momento, em qualquer local, a partir de computadores, dispositivos m\u00f3veis e in\u00fameras impressoras multifuncionais Xerox, utilizando a tecnologia ConnectKey da Xerox e a experi\u00eancia Print and Scan Xerox\u00ae.<\/li>\n<\/ul>\n<p><strong style=\"font-size:20px;color:#ff0000;\">Vantagens<\/strong><\/p>\n<ul>\n<li>Consegue<strong>rever v\u00e1rios conte\u00fados cr\u00edticos<\/strong>, como relat\u00f3rios ou propostas, \u00e9 t\u00e3o f\u00e1cil quanto ouvir um podcast (combinar + convers\u00e3o para \u00e1udio).<\/li>\n<li>Permite <strong>traduzir e resumir<\/strong> conte\u00fados num idioma \u00e0 sua escolha (resumir + traduzir).<\/li>\n<li>Pode <strong>utilizar predefini\u00e7\u00f5es<\/strong>. Selecione entre mais de 10 fluxos de trabalho de combina\u00e7\u00e3o predefinidos.<\/li>\n<li>Guarda as suas prefer\u00eancias. Com um s\u00f3 clique <strong>guarde as suas prefer\u00eancias<\/strong> para melhorar a efici\u00eancia do seu fluxo de trabalho. Partilhe com a sua equipa as suas prefer\u00eancias para tornar o trabalho simples e consistente.<\/li>\n<\/ul>\n<div style=\"padding:10px;background-color:#ed1c24;color:#fff;width:100px;\"><strong><a style=\"text-decoration:none;\" href=\"https:\/\/xdoc.pt\/web\/contactos\" target=\"_blank\" rel=\"noopener\">Saber mais &gt; <\/a><\/strong><\/div>\n<div style=\"margin-top:5px;padding:10px;background-color:#ed1c24;color:#fff;width:205px;\"><strong><a style=\"text-decoration:none;\" href=\"https:\/\/xdoc.pt\/web\/wp-content\/uploads\/2022\/05\/Xerox-Workflow-Central-Platform.pdf\" target=\"_blank\" rel=\"noopener\">Brochura Workflow Central &gt;<\/a><\/strong><\/div>\n<\/div>\n","protected":false},"excerpt":{"rendered":"<p>Xerox\u00ae Workflow Central<br \/>\nXerox Workflow Central \u00e9 uma solu\u00e7\u00e3o cont\u00ednua baseada na cloud e que ajuda a transformar facilmente documentos f\u00edsicos e digitais em qualquer lugar e em qualquer dispositivo.<br \/>\nTransforme os seus documentos em formatos edit\u00e1veis com processos seguros e automatizados que eliminam v\u00e1rias etapas e tarefas manuais.<br \/>\nCom esta solu\u00e7\u00e3o consiga fluxos de trabalho inovadores numa \u00fanica plataforma central.<br \/>\nUtilize o Workflow Central diretamente nos MFPs, que possuem tecnologia Xerox ConnectKey, e tire proveito de uma biblioteca de fluxos de trabalho que ajudam a simplificar processos focados em documentos.<\/p>\n<p><img loading=\"lazy\" decoding=\"async\" class=\"aligncenter wp-image-2593 size-medium\" style=\"display:table; margin:auto;width: 450px;\" src=\"https:\/\/xdoc.pt\/web\/wp-content\/uploads\/2022\/05\/Workflow-Central.png\" alt=\"\" width=\"300\" height=\"212\"><\/p>\n<p>O que pode conseguir<\/p>\n<p>Convers\u00e3o para \u00e1udio: Converta os documentos em ficheiros de \u00e1udio, que poder\u00e1 ouvir onde e quando quiser.<br \/>\nConverter para MS [&#8230;]<\/p>\n","protected":false},"author":2,"featured_media":0,"parent":0,"menu_order":0,"comment_status":"closed","ping_status":"closed","template":"","meta":{"_monsterinsights_skip_tracking":false,"_monsterinsights_sitenote_active":false,"_monsterinsights_sitenote_note":"","_monsterinsights_sitenote_category":0,"footnotes":""},"class_list":["post-2726","page","type-page","status-publish","hentry"],"yoast_head":"<!-- This site is optimized with the Yoast SEO plugin v24.6 - https:\/\/yoast.com\/wordpress\/plugins\/seo\/ -->\n<title>Workflow Central - XDOC - Equipamentos Escrit\u00f3rio, Lda<\/title>\n<meta name=\"description\" content=\"Xerox Workflow Central \u00e9 uma cont\u00ednua baseada na cloud e que ajuda a transformar documentos f\u00edsicos e digitais em qualquer lugar.\" \/>\n<meta name=\"robots\" content=\"index, follow, max-snippet:-1, max-image-preview:large, max-video-preview:-1\" \/>\n<link rel=\"canonical\" href=\"https:\/\/xdoc.pt\/web\/workflow-central\/\" \/>\n<meta property=\"og:locale\" content=\"pt_PT\" \/>\n<meta property=\"og:type\" content=\"article\" \/>\n<meta property=\"og:title\" content=\"Workflow Central - XDOC - Equipamentos Escrit\u00f3rio, Lda\" \/>\n<meta property=\"og:description\" content=\"Xerox Workflow Central \u00e9 uma cont\u00ednua baseada na cloud e que ajuda a transformar documentos f\u00edsicos e digitais em qualquer lugar.\" \/>\n<meta property=\"og:url\" content=\"https:\/\/xdoc.pt\/web\/workflow-central\/\" \/>\n<meta property=\"og:site_name\" content=\"XDOC - Equipamentos Escrit\u00f3rio, Lda\" \/>\n<meta property=\"article:publisher\" content=\"https:\/\/www.facebook.com\/xdoc.pt\" \/>\n<meta property=\"article:modified_time\" content=\"2022-05-25T10:32:42+00:00\" \/>\n<meta property=\"og:image\" content=\"https:\/\/xdoc.pt\/web\/wp-content\/uploads\/2022\/05\/Workflow-Central.png\" \/>\n<meta name=\"twitter:card\" content=\"summary_large_image\" \/>\n<meta name=\"twitter:label1\" content=\"Tempo estimado de leitura\" \/>\n\t<meta name=\"twitter:data1\" content=\"3 minutos\" \/>\n<script type=\"application\/ld+json\" class=\"yoast-schema-graph\">{\"@context\":\"https:\/\/schema.org\",\"@graph\":[{\"@type\":\"WebPage\",\"@id\":\"https:\/\/xdoc.pt\/web\/workflow-central\/\",\"url\":\"https:\/\/xdoc.pt\/web\/workflow-central\/\",\"name\":\"Workflow Central - XDOC - Equipamentos Escrit\u00f3rio, Lda\",\"isPartOf\":{\"@id\":\"https:\/\/xdoc.pt\/web\/#website\"},\"primaryImageOfPage\":{\"@id\":\"https:\/\/xdoc.pt\/web\/workflow-central\/#primaryimage\"},\"image\":{\"@id\":\"https:\/\/xdoc.pt\/web\/workflow-central\/#primaryimage\"},\"thumbnailUrl\":\"https:\/\/xdoc.pt\/web\/wp-content\/uploads\/2022\/05\/Workflow-Central.png\",\"datePublished\":\"2022-05-25T10:09:45+00:00\",\"dateModified\":\"2022-05-25T10:32:42+00:00\",\"description\":\"Xerox Workflow Central \u00e9 uma cont\u00ednua baseada na cloud e que ajuda a transformar documentos f\u00edsicos e digitais em qualquer lugar.\",\"breadcrumb\":{\"@id\":\"https:\/\/xdoc.pt\/web\/workflow-central\/#breadcrumb\"},\"inLanguage\":\"pt-PT\",\"potentialAction\":[{\"@type\":\"ReadAction\",\"target\":[\"https:\/\/xdoc.pt\/web\/workflow-central\/\"]}]},{\"@type\":\"ImageObject\",\"inLanguage\":\"pt-PT\",\"@id\":\"https:\/\/xdoc.pt\/web\/workflow-central\/#primaryimage\",\"url\":\"https:\/\/xdoc.pt\/web\/wp-content\/uploads\/2022\/05\/Workflow-Central.png\",\"contentUrl\":\"https:\/\/xdoc.pt\/web\/wp-content\/uploads\/2022\/05\/Workflow-Central.png\",\"width\":2000,\"height\":1125,\"caption\":\"Xerox Workflow Central\"},{\"@type\":\"BreadcrumbList\",\"@id\":\"https:\/\/xdoc.pt\/web\/workflow-central\/#breadcrumb\",\"itemListElement\":[{\"@type\":\"ListItem\",\"position\":1,\"name\":\"In\u00edcio\",\"item\":\"https:\/\/xdoc.pt\/web\/\"},{\"@type\":\"ListItem\",\"position\":2,\"name\":\"Workflow Central\"}]},{\"@type\":\"WebSite\",\"@id\":\"https:\/\/xdoc.pt\/web\/#website\",\"url\":\"https:\/\/xdoc.pt\/web\/\",\"name\":\"XDOC - Equipamentos Escrit\u00f3rio, Lda\",\"description\":\"Concession\u00e1rio Xerox, especializado em impress\u00e3o digital para empresas de \u00e1rea gr\u00e1fica desde a mais pequena impressora de mesa at\u00e9 \u00e0 produ\u00e7\u00e3o de grandes volumes em equipamentos vocacionados para produ\u00e7\u00e3o com e sem acabamento.\",\"potentialAction\":[{\"@type\":\"SearchAction\",\"target\":{\"@type\":\"EntryPoint\",\"urlTemplate\":\"https:\/\/xdoc.pt\/web\/?s={search_term_string}\"},\"query-input\":{\"@type\":\"PropertyValueSpecification\",\"valueRequired\":true,\"valueName\":\"search_term_string\"}}],\"inLanguage\":\"pt-PT\"}]}<\/script>\n<!-- \/ Yoast SEO plugin. -->","yoast_head_json":{"title":"Workflow Central - XDOC - Equipamentos Escrit\u00f3rio, Lda","description":"Xerox Workflow Central \u00e9 uma cont\u00ednua baseada na cloud e que ajuda a transformar documentos f\u00edsicos e digitais em qualquer lugar.","robots":{"index":"index","follow":"follow","max-snippet":"max-snippet:-1","max-image-preview":"max-image-preview:large","max-video-preview":"max-video-preview:-1"},"canonical":"https:\/\/xdoc.pt\/web\/workflow-central\/","og_locale":"pt_PT","og_type":"article","og_title":"Workflow Central - XDOC - Equipamentos Escrit\u00f3rio, Lda","og_description":"Xerox Workflow Central \u00e9 uma cont\u00ednua baseada na cloud e que ajuda a transformar documentos f\u00edsicos e digitais em qualquer lugar.","og_url":"https:\/\/xdoc.pt\/web\/workflow-central\/","og_site_name":"XDOC - Equipamentos Escrit\u00f3rio, Lda","article_publisher":"https:\/\/www.facebook.com\/xdoc.pt","article_modified_time":"2022-05-25T10:32:42+00:00","og_image":[{"url":"https:\/\/xdoc.pt\/web\/wp-content\/uploads\/2022\/05\/Workflow-Central.png","type":"","width":"","height":""}],"twitter_card":"summary_large_image","twitter_misc":{"Tempo estimado de leitura":"3 minutos"},"schema":{"@context":"https:\/\/schema.org","@graph":[{"@type":"WebPage","@id":"https:\/\/xdoc.pt\/web\/workflow-central\/","url":"https:\/\/xdoc.pt\/web\/workflow-central\/","name":"Workflow Central - XDOC - Equipamentos Escrit\u00f3rio, Lda","isPartOf":{"@id":"https:\/\/xdoc.pt\/web\/#website"},"primaryImageOfPage":{"@id":"https:\/\/xdoc.pt\/web\/workflow-central\/#primaryimage"},"image":{"@id":"https:\/\/xdoc.pt\/web\/workflow-central\/#primaryimage"},"thumbnailUrl":"https:\/\/xdoc.pt\/web\/wp-content\/uploads\/2022\/05\/Workflow-Central.png","datePublished":"2022-05-25T10:09:45+00:00","dateModified":"2022-05-25T10:32:42+00:00","description":"Xerox Workflow Central \u00e9 uma cont\u00ednua baseada na cloud e que ajuda a transformar documentos f\u00edsicos e digitais em qualquer lugar.","breadcrumb":{"@id":"https:\/\/xdoc.pt\/web\/workflow-central\/#breadcrumb"},"inLanguage":"pt-PT","potentialAction":[{"@type":"ReadAction","target":["https:\/\/xdoc.pt\/web\/workflow-central\/"]}]},{"@type":"ImageObject","inLanguage":"pt-PT","@id":"https:\/\/xdoc.pt\/web\/workflow-central\/#primaryimage","url":"https:\/\/xdoc.pt\/web\/wp-content\/uploads\/2022\/05\/Workflow-Central.png","contentUrl":"https:\/\/xdoc.pt\/web\/wp-content\/uploads\/2022\/05\/Workflow-Central.png","width":2000,"height":1125,"caption":"Xerox Workflow Central"},{"@type":"BreadcrumbList","@id":"https:\/\/xdoc.pt\/web\/workflow-central\/#breadcrumb","itemListElement":[{"@type":"ListItem","position":1,"name":"In\u00edcio","item":"https:\/\/xdoc.pt\/web\/"},{"@type":"ListItem","position":2,"name":"Workflow Central"}]},{"@type":"WebSite","@id":"https:\/\/xdoc.pt\/web\/#website","url":"https:\/\/xdoc.pt\/web\/","name":"XDOC - Equipamentos Escrit\u00f3rio, Lda","description":"Concession\u00e1rio Xerox, especializado em impress\u00e3o digital para empresas de \u00e1rea gr\u00e1fica desde a mais pequena impressora de mesa at\u00e9 \u00e0 produ\u00e7\u00e3o de grandes volumes em equipamentos vocacionados para produ\u00e7\u00e3o com e sem acabamento.","potentialAction":[{"@type":"SearchAction","target":{"@type":"EntryPoint","urlTemplate":"https:\/\/xdoc.pt\/web\/?s={search_term_string}"},"query-input":{"@type":"PropertyValueSpecification","valueRequired":true,"valueName":"search_term_string"}}],"inLanguage":"pt-PT"}]}},"_links":{"self":[{"href":"https:\/\/xdoc.pt\/web\/wp-json\/wp\/v2\/pages\/2726","targetHints":{"allow":["GET"]}}],"collection":[{"href":"https:\/\/xdoc.pt\/web\/wp-json\/wp\/v2\/pages"}],"about":[{"href":"https:\/\/xdoc.pt\/web\/wp-json\/wp\/v2\/types\/page"}],"author":[{"embeddable":true,"href":"https:\/\/xdoc.pt\/web\/wp-json\/wp\/v2\/users\/2"}],"replies":[{"embeddable":true,"href":"https:\/\/xdoc.pt\/web\/wp-json\/wp\/v2\/comments?post=2726"}],"version-history":[{"count":9,"href":"https:\/\/xdoc.pt\/web\/wp-json\/wp\/v2\/pages\/2726\/revisions"}],"predecessor-version":[{"id":2739,"href":"https:\/\/xdoc.pt\/web\/wp-json\/wp\/v2\/pages\/2726\/revisions\/2739"}],"wp:attachment":[{"href":"https:\/\/xdoc.pt\/web\/wp-json\/wp\/v2\/media?parent=2726"}],"curies":[{"name":"wp","href":"https:\/\/api.w.org\/{rel}","templated":true}]}}