{"id":2712,"date":"2022-05-25T09:49:19","date_gmt":"2022-05-25T09:49:19","guid":{"rendered":"https:\/\/xdoc.pt\/web\/?page_id=2712"},"modified":"2022-05-25T10:09:06","modified_gmt":"2022-05-25T10:09:06","slug":"docushare-go","status":"publish","type":"page","link":"https:\/\/xdoc.pt\/web\/docushare-go\/","title":{"rendered":"DocuShare Go"},"content":{"rendered":"<div class=\"xrx_sc_blurb\" style=\"text-align: left;\">\n<h3 style=\"color:#ff0000;\">Xerox\u00ae DocuShare\u00ae Go<\/h3>\n<p style=\"text-align:justify;\">Xerox\u00ae DocuShare\u00ae Go \u00e9 uma plataforma de colabora\u00e7\u00e3o em Gest\u00e3o de Conte\u00fado <strong>hospedada na cloud (SaaS)<\/strong>. Ideal para processos focados no neg\u00f3cio que usam a mais recente tecnologia de <strong>Intelig\u00eancia Artificial<\/strong> (AI), <strong>Intelligent Character Recognition<\/strong> (ICR) e <strong>Machine Learning<\/strong> (ML).<\/p>\n<p style=\"text-align:justify;\">O DocuShare Go \u00e9 a solu\u00e7\u00e3o perfeita para gerir conte\u00fado na cloud, com capacidade para expans\u00e3o junto com a sua empresa pequena ou m\u00e9dia.<\/p>\n<p style=\"text-align:justify;\">A plataforma de gest\u00e3o de conte\u00fados Xerox DocuShare Go permite que, independentemente do formato ou da quantidade de informa\u00e7\u00f5es, <strong>consiga gerir o conte\u00fado e automatizar a organiza\u00e7\u00e3o, partilha, colabora\u00e7\u00e3o e backups dos seus conte\u00fados cr\u00edticos<\/strong>.<\/p>\n<p style=\"text-align:justify;\">Com Xerox\u00ae Connect para DocuShare\u00ae Go, pode conectar as impressoras multifuncionais habilitadas para a tecnologia Xerox\u00ae ConnectKey\u00ae diretamente e com seguran\u00e7a \u00e0 sua conta DocuShare\u00ae Go.<\/p>\n<\/div>\n<p><img loading=\"lazy\" decoding=\"async\" class=\"aligncenter wp-image-2593 size-medium\" style=\"display:table; margin:auto;width: 450px;\" src=\"https:\/\/xdoc.pt\/web\/wp-content\/uploads\/2022\/05\/docushare_go.png\" alt=\"\" width=\"300\" height=\"212\"><\/p>\n<div style=\"margin-top:30px;text-align:justify;\">\n<strong style=\"font-size:20px;color:#ff0000;\">Principais fun\u00e7\u00f5es \/ caracter\u00edsticas<\/strong><\/p>\n<ul>\n<li>Pronto para o uso, ap\u00f3s criar uma conta fica operacional em minutos.<\/li>\n<li>A tecnologia de IA <strong>reconhece o conte\u00fado<\/strong> capturado, marca-o e armazena-o sem a necessidade de entrada ou interven\u00e7\u00e3o manual.<\/li>\n<li>A tecnologia de ML atualiza constantemente a base de dados para <strong>acelerar o processamento<\/strong> na pr\u00f3xima inst\u00e2ncia.<\/li>\n<li>A vers\u00e3o do documentos \u00e9 <strong>guardada automaticamente<\/strong> durante a colabora\u00e7\u00e3o para garantir que todas as altera\u00e7\u00f5es sejam capturadas e vistas por outras pessoas instantaneamente.<\/li>\n<li>A <strong>hospedagem segura na cloud<\/strong> e a criptografia de ponta a ponta mant\u00eam todas as suas comunica\u00e7\u00f5es e informa\u00e7\u00f5es partilhadas <strong>seguras<\/strong>.<\/li>\n<li>Armazena e gere documentos estruturados, anota\u00e7\u00f5es escritas, v\u00eddeos, faturas, formul\u00e1rios e muito mais.<\/li>\n<\/ul>\n<p><strong style=\"font-size:20px;color:#ff0000;\">Vantagens<\/strong><\/p>\n<ul>\n<li>Mais inteligente: com as mais recentes tecnologias de IA e ML, a extra\u00e7\u00e3o de informa\u00e7\u00e3o tornou-se automatizada.<\/li>\n<li>Os logotipos, n\u00fameros de faturas e at\u00e9 mesmo texto manuscrito podem ser <strong>analisados, reconhecidos e etiquetados automaticamente<\/strong>, permitindo que consiga encontrar mais facilmente o que procura.<\/li>\n<li>Elimina todo o inc\u00f4modo da gest\u00e3o de conte\u00fado.<\/li>\n<li>A automa\u00e7\u00e3o impulsiona a efici\u00eancia, tornando as informa\u00e7\u00f5es f\u00e1ceis de encontrar e partilhar com outras pessoas.<\/li>\n<li>O controlo de vers\u00f5es \u00e9 <strong>autom\u00e1tico e em tempo real<\/strong>.<\/li>\n<li>Pode permanecer conectado a conte\u00fado relevante em qualquer local, independentemente do dispositivo.<\/li>\n<li>Permite partilhar documentos com pessoas de fora da organiza\u00e7\u00e3o, incluindo clientes e fornecedores.<\/li>\n<li>Altamente seguro devido a hospedagem segura de refer\u00eancia do setor e a criptografia de ponta a ponta.<\/li>\n<li><strong>Somente aqueles com permiss\u00e3o podem aceder<\/strong>.<\/li>\n<\/ul>\n<div style=\"padding:10px;background-color:#ed1c24;color:#fff;width:100px;\"><strong><a style=\"text-decoration:none;\" href=\"https:\/\/xdoc.pt\/web\/contactos\" target=\"_blank\" rel=\"noopener\">Saber mais &gt; <\/a><\/strong><\/div>\n<div style=\"margin-top:5px;padding:10px;background-color:#ed1c24;color:#fff;width:190px;\"><strong><a style=\"text-decoration:none;\" href=\"https:\/\/xdoc.pt\/web\/wp-content\/uploads\/2022\/05\/Xerox-DocuShare-Go.pdf\" target=\"_blank\" rel=\"noopener\">Brochura DocuShare Go &gt;<\/a><\/strong><\/div>\n<\/div>\n","protected":false},"excerpt":{"rendered":"<p>Xerox\u00ae DocuShare\u00ae Go<br \/>\nXerox\u00ae DocuShare\u00ae Go \u00e9 uma plataforma de colabora\u00e7\u00e3o em Gest\u00e3o de Conte\u00fado hospedada na cloud (SaaS). Ideal para processos focados no neg\u00f3cio que usam a mais recente tecnologia de Intelig\u00eancia Artificial (AI), Intelligent Character Recognition (ICR) e Machine Learning (ML).<br \/>\nO DocuShare Go \u00e9 a solu\u00e7\u00e3o perfeita para gerir conte\u00fado na cloud, com capacidade para expans\u00e3o junto com a sua empresa pequena ou m\u00e9dia.<br \/>\nA plataforma de gest\u00e3o de conte\u00fados Xerox DocuShare Go permite que, independentemente do formato ou da quantidade de informa\u00e7\u00f5es, consiga gerir o conte\u00fado e automatizar a organiza\u00e7\u00e3o, partilha, colabora\u00e7\u00e3o e backups dos seus conte\u00fados cr\u00edticos.<br \/>\nCom Xerox\u00ae Connect para DocuShare\u00ae Go, pode conectar as impressoras multifuncionais habilitadas para a tecnologia Xerox\u00ae ConnectKey\u00ae diretamente e com seguran\u00e7a \u00e0 [&#8230;]<\/p>\n","protected":false},"author":2,"featured_media":0,"parent":0,"menu_order":0,"comment_status":"closed","ping_status":"closed","template":"","meta":{"_monsterinsights_skip_tracking":false,"_monsterinsights_sitenote_active":false,"_monsterinsights_sitenote_note":"","_monsterinsights_sitenote_category":0,"footnotes":""},"class_list":["post-2712","page","type-page","status-publish","hentry"],"yoast_head":"<!-- This site is optimized with the Yoast SEO plugin v24.6 - https:\/\/yoast.com\/wordpress\/plugins\/seo\/ -->\n<title>DocuShare Go - XDOC - Equipamentos Escrit\u00f3rio, Lda<\/title>\n<meta name=\"description\" content=\"Xerox\u00ae DocuShare\u00ae Go \u00e9 uma plataforma de colabora\u00e7\u00e3o em Gest\u00e3o de Conte\u00fado hospedada na cloud (SaaS) para processos focados no neg\u00f3cio.\" \/>\n<meta name=\"robots\" content=\"index, follow, max-snippet:-1, max-image-preview:large, max-video-preview:-1\" \/>\n<link rel=\"canonical\" href=\"https:\/\/xdoc.pt\/web\/docushare-go\/\" \/>\n<meta property=\"og:locale\" content=\"pt_PT\" \/>\n<meta property=\"og:type\" content=\"article\" \/>\n<meta property=\"og:title\" content=\"DocuShare Go - XDOC - Equipamentos Escrit\u00f3rio, Lda\" \/>\n<meta property=\"og:description\" content=\"Xerox\u00ae DocuShare\u00ae Go \u00e9 uma plataforma de colabora\u00e7\u00e3o em Gest\u00e3o de Conte\u00fado hospedada na cloud (SaaS) para processos focados no neg\u00f3cio.\" \/>\n<meta property=\"og:url\" content=\"https:\/\/xdoc.pt\/web\/docushare-go\/\" \/>\n<meta property=\"og:site_name\" content=\"XDOC - Equipamentos Escrit\u00f3rio, Lda\" \/>\n<meta property=\"article:publisher\" content=\"https:\/\/www.facebook.com\/xdoc.pt\" \/>\n<meta property=\"article:modified_time\" content=\"2022-05-25T10:09:06+00:00\" \/>\n<meta property=\"og:image\" content=\"https:\/\/xdoc.pt\/web\/wp-content\/uploads\/2022\/05\/docushare_go.png\" \/>\n<meta name=\"twitter:card\" content=\"summary_large_image\" \/>\n<meta name=\"twitter:label1\" content=\"Tempo estimado de leitura\" \/>\n\t<meta name=\"twitter:data1\" content=\"3 minutos\" \/>\n<script type=\"application\/ld+json\" class=\"yoast-schema-graph\">{\"@context\":\"https:\/\/schema.org\",\"@graph\":[{\"@type\":\"WebPage\",\"@id\":\"https:\/\/xdoc.pt\/web\/docushare-go\/\",\"url\":\"https:\/\/xdoc.pt\/web\/docushare-go\/\",\"name\":\"DocuShare Go - XDOC - Equipamentos Escrit\u00f3rio, Lda\",\"isPartOf\":{\"@id\":\"https:\/\/xdoc.pt\/web\/#website\"},\"primaryImageOfPage\":{\"@id\":\"https:\/\/xdoc.pt\/web\/docushare-go\/#primaryimage\"},\"image\":{\"@id\":\"https:\/\/xdoc.pt\/web\/docushare-go\/#primaryimage\"},\"thumbnailUrl\":\"https:\/\/xdoc.pt\/web\/wp-content\/uploads\/2022\/05\/docushare_go.png\",\"datePublished\":\"2022-05-25T09:49:19+00:00\",\"dateModified\":\"2022-05-25T10:09:06+00:00\",\"description\":\"Xerox\u00ae DocuShare\u00ae Go \u00e9 uma plataforma de colabora\u00e7\u00e3o em Gest\u00e3o de Conte\u00fado hospedada na cloud (SaaS) para processos focados no neg\u00f3cio.\",\"breadcrumb\":{\"@id\":\"https:\/\/xdoc.pt\/web\/docushare-go\/#breadcrumb\"},\"inLanguage\":\"pt-PT\",\"potentialAction\":[{\"@type\":\"ReadAction\",\"target\":[\"https:\/\/xdoc.pt\/web\/docushare-go\/\"]}]},{\"@type\":\"ImageObject\",\"inLanguage\":\"pt-PT\",\"@id\":\"https:\/\/xdoc.pt\/web\/docushare-go\/#primaryimage\",\"url\":\"https:\/\/xdoc.pt\/web\/wp-content\/uploads\/2022\/05\/docushare_go.png\",\"contentUrl\":\"https:\/\/xdoc.pt\/web\/wp-content\/uploads\/2022\/05\/docushare_go.png\",\"width\":2000,\"height\":1334,\"caption\":\"docushare go\"},{\"@type\":\"BreadcrumbList\",\"@id\":\"https:\/\/xdoc.pt\/web\/docushare-go\/#breadcrumb\",\"itemListElement\":[{\"@type\":\"ListItem\",\"position\":1,\"name\":\"In\u00edcio\",\"item\":\"https:\/\/xdoc.pt\/web\/\"},{\"@type\":\"ListItem\",\"position\":2,\"name\":\"DocuShare Go\"}]},{\"@type\":\"WebSite\",\"@id\":\"https:\/\/xdoc.pt\/web\/#website\",\"url\":\"https:\/\/xdoc.pt\/web\/\",\"name\":\"XDOC - Equipamentos Escrit\u00f3rio, Lda\",\"description\":\"Concession\u00e1rio Xerox, especializado em impress\u00e3o digital para empresas de \u00e1rea gr\u00e1fica desde a mais pequena impressora de mesa at\u00e9 \u00e0 produ\u00e7\u00e3o de grandes volumes em equipamentos vocacionados para produ\u00e7\u00e3o com e sem acabamento.\",\"potentialAction\":[{\"@type\":\"SearchAction\",\"target\":{\"@type\":\"EntryPoint\",\"urlTemplate\":\"https:\/\/xdoc.pt\/web\/?s={search_term_string}\"},\"query-input\":{\"@type\":\"PropertyValueSpecification\",\"valueRequired\":true,\"valueName\":\"search_term_string\"}}],\"inLanguage\":\"pt-PT\"}]}<\/script>\n<!-- \/ Yoast SEO plugin. -->","yoast_head_json":{"title":"DocuShare Go - XDOC - Equipamentos Escrit\u00f3rio, Lda","description":"Xerox\u00ae DocuShare\u00ae Go \u00e9 uma plataforma de colabora\u00e7\u00e3o em Gest\u00e3o de Conte\u00fado hospedada na cloud (SaaS) para processos focados no neg\u00f3cio.","robots":{"index":"index","follow":"follow","max-snippet":"max-snippet:-1","max-image-preview":"max-image-preview:large","max-video-preview":"max-video-preview:-1"},"canonical":"https:\/\/xdoc.pt\/web\/docushare-go\/","og_locale":"pt_PT","og_type":"article","og_title":"DocuShare Go - XDOC - Equipamentos Escrit\u00f3rio, Lda","og_description":"Xerox\u00ae DocuShare\u00ae Go \u00e9 uma plataforma de colabora\u00e7\u00e3o em Gest\u00e3o de Conte\u00fado hospedada na cloud (SaaS) para processos focados no neg\u00f3cio.","og_url":"https:\/\/xdoc.pt\/web\/docushare-go\/","og_site_name":"XDOC - Equipamentos Escrit\u00f3rio, Lda","article_publisher":"https:\/\/www.facebook.com\/xdoc.pt","article_modified_time":"2022-05-25T10:09:06+00:00","og_image":[{"url":"https:\/\/xdoc.pt\/web\/wp-content\/uploads\/2022\/05\/docushare_go.png","type":"","width":"","height":""}],"twitter_card":"summary_large_image","twitter_misc":{"Tempo estimado de leitura":"3 minutos"},"schema":{"@context":"https:\/\/schema.org","@graph":[{"@type":"WebPage","@id":"https:\/\/xdoc.pt\/web\/docushare-go\/","url":"https:\/\/xdoc.pt\/web\/docushare-go\/","name":"DocuShare Go - XDOC - Equipamentos Escrit\u00f3rio, Lda","isPartOf":{"@id":"https:\/\/xdoc.pt\/web\/#website"},"primaryImageOfPage":{"@id":"https:\/\/xdoc.pt\/web\/docushare-go\/#primaryimage"},"image":{"@id":"https:\/\/xdoc.pt\/web\/docushare-go\/#primaryimage"},"thumbnailUrl":"https:\/\/xdoc.pt\/web\/wp-content\/uploads\/2022\/05\/docushare_go.png","datePublished":"2022-05-25T09:49:19+00:00","dateModified":"2022-05-25T10:09:06+00:00","description":"Xerox\u00ae DocuShare\u00ae Go \u00e9 uma plataforma de colabora\u00e7\u00e3o em Gest\u00e3o de Conte\u00fado hospedada na cloud (SaaS) para processos focados no neg\u00f3cio.","breadcrumb":{"@id":"https:\/\/xdoc.pt\/web\/docushare-go\/#breadcrumb"},"inLanguage":"pt-PT","potentialAction":[{"@type":"ReadAction","target":["https:\/\/xdoc.pt\/web\/docushare-go\/"]}]},{"@type":"ImageObject","inLanguage":"pt-PT","@id":"https:\/\/xdoc.pt\/web\/docushare-go\/#primaryimage","url":"https:\/\/xdoc.pt\/web\/wp-content\/uploads\/2022\/05\/docushare_go.png","contentUrl":"https:\/\/xdoc.pt\/web\/wp-content\/uploads\/2022\/05\/docushare_go.png","width":2000,"height":1334,"caption":"docushare go"},{"@type":"BreadcrumbList","@id":"https:\/\/xdoc.pt\/web\/docushare-go\/#breadcrumb","itemListElement":[{"@type":"ListItem","position":1,"name":"In\u00edcio","item":"https:\/\/xdoc.pt\/web\/"},{"@type":"ListItem","position":2,"name":"DocuShare Go"}]},{"@type":"WebSite","@id":"https:\/\/xdoc.pt\/web\/#website","url":"https:\/\/xdoc.pt\/web\/","name":"XDOC - Equipamentos Escrit\u00f3rio, Lda","description":"Concession\u00e1rio Xerox, especializado em impress\u00e3o digital para empresas de \u00e1rea gr\u00e1fica desde a mais pequena impressora de mesa at\u00e9 \u00e0 produ\u00e7\u00e3o de grandes volumes em equipamentos vocacionados para produ\u00e7\u00e3o com e sem acabamento.","potentialAction":[{"@type":"SearchAction","target":{"@type":"EntryPoint","urlTemplate":"https:\/\/xdoc.pt\/web\/?s={search_term_string}"},"query-input":{"@type":"PropertyValueSpecification","valueRequired":true,"valueName":"search_term_string"}}],"inLanguage":"pt-PT"}]}},"_links":{"self":[{"href":"https:\/\/xdoc.pt\/web\/wp-json\/wp\/v2\/pages\/2712","targetHints":{"allow":["GET"]}}],"collection":[{"href":"https:\/\/xdoc.pt\/web\/wp-json\/wp\/v2\/pages"}],"about":[{"href":"https:\/\/xdoc.pt\/web\/wp-json\/wp\/v2\/types\/page"}],"author":[{"embeddable":true,"href":"https:\/\/xdoc.pt\/web\/wp-json\/wp\/v2\/users\/2"}],"replies":[{"embeddable":true,"href":"https:\/\/xdoc.pt\/web\/wp-json\/wp\/v2\/comments?post=2712"}],"version-history":[{"count":8,"href":"https:\/\/xdoc.pt\/web\/wp-json\/wp\/v2\/pages\/2712\/revisions"}],"predecessor-version":[{"id":2725,"href":"https:\/\/xdoc.pt\/web\/wp-json\/wp\/v2\/pages\/2712\/revisions\/2725"}],"wp:attachment":[{"href":"https:\/\/xdoc.pt\/web\/wp-json\/wp\/v2\/media?parent=2712"}],"curies":[{"name":"wp","href":"https:\/\/api.w.org\/{rel}","templated":true}]}}