{"id":2227,"date":"2021-04-21T10:25:00","date_gmt":"2021-04-21T10:25:00","guid":{"rendered":"https:\/\/xdoc.pt\/web\/?page_id=2227"},"modified":"2021-11-22T14:40:18","modified_gmt":"2021-11-22T14:40:18","slug":"xerox-translate-and-print","status":"publish","type":"page","link":"https:\/\/xdoc.pt\/web\/xerox-translate-and-print\/","title":{"rendered":"Xerox Translate and Print"},"content":{"rendered":"<div class=\"xrx_sc_blurb\" style=\"text-align: left;\">\n<h3 style=\"color:#ff0000;\">Xerox\u00ae Translate and Print<\/h3>\n<p style=\"text-align:justify;\">Xerox Translate and Print utiliza tecnologia de ponta para fornecer <strong>tradu\u00e7\u00f5es autom\u00e1ticas e instant\u00e1neas<\/strong> na sua impressora multifuncional (MFP) habilitada para a tecnologia <strong>Xerox\u00ae ConnectKey\u00ae<\/strong>.<\/p>\n<p style=\"text-align:justify;\">Somente \u00e9 necess\u00e1rio digitalizar o documento para o recebe de volta no idioma escolhido.<\/p>\n<p style=\"text-align:justify;\">Receba rapidamente o seu documento traduzido em formato <strong>impresso e\/ou numa vers\u00e3o edit\u00e1vel do Microsoft\u00ae Word (.docx) enviada por e-mail<\/strong> para um ou mais endere\u00e7os de e-mail.<\/p>\n<p style=\"text-align:justify;\">Tradu\u00e7\u00f5es instant\u00e2neas em mais de <strong>44 idiomas<\/strong> \u00e0 sua disposi\u00e7\u00e3o.<\/p>\n<p style=\"text-align:justify;\"><strong>Elimine as barreiras do idioma instantaneamente.<\/strong><\/p>\n<\/div>\n<div style=\"margin-top:30px;text-align:justify;\">\n<strong style=\"font-size:20px;color:#ff0000;\">Principais fun\u00e7\u00f5es \/ caracter\u00edsticas<\/strong><\/p>\n<ul>\n<li>Um jeito mais r\u00e1pido e f\u00e1cil de traduzir e de manter o layout original.<\/li>\n<li>Basta escolher os idiomas de origem e de destino e, em seguida, digitalizar.<\/li>\n<li>Possui 44 idiomas dispon\u00edveis para tradu\u00e7\u00e3o.<\/li>\n<li>Quebra a barreira da comunica\u00e7\u00e3o para estabelecer uma conex\u00e3o mais significativa.<\/li>\n<li>Simplifica os fluxos de trabalho e elimina processos complexos ou demorados.<\/li>\n<\/ul>\n<\/div>\n<p><img loading=\"lazy\" decoding=\"async\" class=\"aligncenter wp-image-2606 size-medium\" style=\"display:table; margin:auto;\" src=\"https:\/\/xdoc.pt\/web\/wp-content\/uploads\/2021\/09\/Xerox-Translate-and-Print.jpg\" alt=\"\" width=\"300\" height=\"212\"><\/p>\n<div style=\"padding:10px;background-color:#ed1c24;color:#fff;width:100px;\"><strong><a style=\"text-decoration:none;\" href=\"https:\/\/appgallery.services.xerox.com\/#!\/home\/app-details\/81adbe78-1881-413d-997c-c01908e2e37b\" target=\"_blank\" rel=\"noopener\">Saber mais &gt; <\/a><\/strong><\/div>\n<div style=\"margin-top:5px;padding:10px;background-color:#ed1c24;color:#fff;width:100px;\"><strong><a style=\"text-decoration:none;\" href=\"https:\/\/xdoc.pt\/web\/wp-content\/uploads\/2021\/04\/Xerox_Translate_and_Print.pdf\" target=\"_blank\" rel=\"noopener\">Brochura &gt;<\/a><\/strong><\/div>\n","protected":false},"excerpt":{"rendered":"<p>Xerox\u00ae Translate and Print<br \/>\nXerox Translate and Print utiliza tecnologia de ponta para fornecer tradu\u00e7\u00f5es autom\u00e1ticas e instant\u00e1neas na sua impressora multifuncional (MFP) habilitada para a tecnologia Xerox\u00ae ConnectKey\u00ae.<br \/>\nSomente \u00e9 necess\u00e1rio digitalizar o documento para o recebe de volta no idioma escolhido.<br \/>\nReceba rapidamente o seu documento traduzido em formato impresso e\/ou numa vers\u00e3o edit\u00e1vel do Microsoft\u00ae Word (.docx) enviada por e-mail para um ou mais endere\u00e7os de e-mail.<br \/>\nTradu\u00e7\u00f5es instant\u00e2neas em mais de 44 idiomas \u00e0 sua disposi\u00e7\u00e3o.<br \/>\nElimine as barreiras do idioma instantaneamente.<\/p>\n<p>Principais fun\u00e7\u00f5es \/ caracter\u00edsticas<\/p>\n<p>Um jeito mais r\u00e1pido e f\u00e1cil de traduzir e de manter o layout original.<br \/>\nBasta escolher os idiomas de origem e de destino e, em seguida, digitalizar.<br \/>\nPossui 44 idiomas dispon\u00edveis para tradu\u00e7\u00e3o.<br \/>\nQuebra a barreira da comunica\u00e7\u00e3o para estabelecer [&#8230;]<\/p>\n","protected":false},"author":2,"featured_media":0,"parent":0,"menu_order":0,"comment_status":"closed","ping_status":"closed","template":"","meta":{"_monsterinsights_skip_tracking":false,"_monsterinsights_sitenote_active":false,"_monsterinsights_sitenote_note":"","_monsterinsights_sitenote_category":0,"footnotes":""},"class_list":["post-2227","page","type-page","status-publish","hentry"],"yoast_head":"<!-- This site is optimized with the Yoast SEO plugin v24.6 - https:\/\/yoast.com\/wordpress\/plugins\/seo\/ -->\n<title>Xerox Translate and Print - XDOC - Equipamentos Escrit\u00f3rio, Lda<\/title>\n<meta name=\"description\" content=\"Xerox Translate and Print utiliza tecnologia de ponta para fornecer tradu\u00e7\u00f5es autom\u00e1ticas e instant\u00e2neas na sua impressora multifuncional.\" \/>\n<meta name=\"robots\" content=\"index, follow, max-snippet:-1, max-image-preview:large, max-video-preview:-1\" \/>\n<link rel=\"canonical\" href=\"https:\/\/xdoc.pt\/web\/xerox-translate-and-print\/\" \/>\n<meta property=\"og:locale\" content=\"pt_PT\" \/>\n<meta property=\"og:type\" content=\"article\" \/>\n<meta property=\"og:title\" content=\"Xerox Translate and Print - XDOC - Equipamentos Escrit\u00f3rio, Lda\" \/>\n<meta property=\"og:description\" content=\"Xerox Translate and Print utiliza tecnologia de ponta para fornecer tradu\u00e7\u00f5es autom\u00e1ticas e instant\u00e2neas na sua impressora multifuncional.\" \/>\n<meta property=\"og:url\" content=\"https:\/\/xdoc.pt\/web\/xerox-translate-and-print\/\" \/>\n<meta property=\"og:site_name\" content=\"XDOC - Equipamentos Escrit\u00f3rio, Lda\" \/>\n<meta property=\"article:publisher\" content=\"https:\/\/www.facebook.com\/xdoc.pt\" \/>\n<meta property=\"article:modified_time\" content=\"2021-11-22T14:40:18+00:00\" \/>\n<meta property=\"og:image\" content=\"https:\/\/xdoc.pt\/web\/wp-content\/uploads\/2021\/09\/Xerox-Translate-and-Print.jpg\" \/>\n<meta name=\"twitter:card\" content=\"summary_large_image\" \/>\n<meta name=\"twitter:label1\" content=\"Tempo estimado de leitura\" \/>\n\t<meta name=\"twitter:data1\" content=\"1 minuto\" \/>\n<script type=\"application\/ld+json\" class=\"yoast-schema-graph\">{\"@context\":\"https:\/\/schema.org\",\"@graph\":[{\"@type\":\"WebPage\",\"@id\":\"https:\/\/xdoc.pt\/web\/xerox-translate-and-print\/\",\"url\":\"https:\/\/xdoc.pt\/web\/xerox-translate-and-print\/\",\"name\":\"Xerox Translate and Print - XDOC - Equipamentos Escrit\u00f3rio, Lda\",\"isPartOf\":{\"@id\":\"https:\/\/xdoc.pt\/web\/#website\"},\"primaryImageOfPage\":{\"@id\":\"https:\/\/xdoc.pt\/web\/xerox-translate-and-print\/#primaryimage\"},\"image\":{\"@id\":\"https:\/\/xdoc.pt\/web\/xerox-translate-and-print\/#primaryimage\"},\"thumbnailUrl\":\"https:\/\/xdoc.pt\/web\/wp-content\/uploads\/2021\/09\/Xerox-Translate-and-Print.jpg\",\"datePublished\":\"2021-04-21T10:25:00+00:00\",\"dateModified\":\"2021-11-22T14:40:18+00:00\",\"description\":\"Xerox Translate and Print utiliza tecnologia de ponta para fornecer tradu\u00e7\u00f5es autom\u00e1ticas e instant\u00e2neas na sua impressora multifuncional.\",\"breadcrumb\":{\"@id\":\"https:\/\/xdoc.pt\/web\/xerox-translate-and-print\/#breadcrumb\"},\"inLanguage\":\"pt-PT\",\"potentialAction\":[{\"@type\":\"ReadAction\",\"target\":[\"https:\/\/xdoc.pt\/web\/xerox-translate-and-print\/\"]}]},{\"@type\":\"ImageObject\",\"inLanguage\":\"pt-PT\",\"@id\":\"https:\/\/xdoc.pt\/web\/xerox-translate-and-print\/#primaryimage\",\"url\":\"https:\/\/xdoc.pt\/web\/wp-content\/uploads\/2021\/09\/Xerox-Translate-and-Print.jpg\",\"contentUrl\":\"https:\/\/xdoc.pt\/web\/wp-content\/uploads\/2021\/09\/Xerox-Translate-and-Print.jpg\",\"width\":1000,\"height\":563},{\"@type\":\"BreadcrumbList\",\"@id\":\"https:\/\/xdoc.pt\/web\/xerox-translate-and-print\/#breadcrumb\",\"itemListElement\":[{\"@type\":\"ListItem\",\"position\":1,\"name\":\"In\u00edcio\",\"item\":\"https:\/\/xdoc.pt\/web\/\"},{\"@type\":\"ListItem\",\"position\":2,\"name\":\"Xerox Translate and Print\"}]},{\"@type\":\"WebSite\",\"@id\":\"https:\/\/xdoc.pt\/web\/#website\",\"url\":\"https:\/\/xdoc.pt\/web\/\",\"name\":\"XDOC - Equipamentos Escrit\u00f3rio, Lda\",\"description\":\"Concession\u00e1rio Xerox, especializado em impress\u00e3o digital para empresas de \u00e1rea gr\u00e1fica desde a mais pequena impressora de mesa at\u00e9 \u00e0 produ\u00e7\u00e3o de grandes volumes em equipamentos vocacionados para produ\u00e7\u00e3o com e sem acabamento.\",\"potentialAction\":[{\"@type\":\"SearchAction\",\"target\":{\"@type\":\"EntryPoint\",\"urlTemplate\":\"https:\/\/xdoc.pt\/web\/?s={search_term_string}\"},\"query-input\":{\"@type\":\"PropertyValueSpecification\",\"valueRequired\":true,\"valueName\":\"search_term_string\"}}],\"inLanguage\":\"pt-PT\"}]}<\/script>\n<!-- \/ Yoast SEO plugin. -->","yoast_head_json":{"title":"Xerox Translate and Print - XDOC - Equipamentos Escrit\u00f3rio, Lda","description":"Xerox Translate and Print utiliza tecnologia de ponta para fornecer tradu\u00e7\u00f5es autom\u00e1ticas e instant\u00e2neas na sua impressora multifuncional.","robots":{"index":"index","follow":"follow","max-snippet":"max-snippet:-1","max-image-preview":"max-image-preview:large","max-video-preview":"max-video-preview:-1"},"canonical":"https:\/\/xdoc.pt\/web\/xerox-translate-and-print\/","og_locale":"pt_PT","og_type":"article","og_title":"Xerox Translate and Print - XDOC - Equipamentos Escrit\u00f3rio, Lda","og_description":"Xerox Translate and Print utiliza tecnologia de ponta para fornecer tradu\u00e7\u00f5es autom\u00e1ticas e instant\u00e2neas na sua impressora multifuncional.","og_url":"https:\/\/xdoc.pt\/web\/xerox-translate-and-print\/","og_site_name":"XDOC - Equipamentos Escrit\u00f3rio, Lda","article_publisher":"https:\/\/www.facebook.com\/xdoc.pt","article_modified_time":"2021-11-22T14:40:18+00:00","og_image":[{"url":"https:\/\/xdoc.pt\/web\/wp-content\/uploads\/2021\/09\/Xerox-Translate-and-Print.jpg","type":"","width":"","height":""}],"twitter_card":"summary_large_image","twitter_misc":{"Tempo estimado de leitura":"1 minuto"},"schema":{"@context":"https:\/\/schema.org","@graph":[{"@type":"WebPage","@id":"https:\/\/xdoc.pt\/web\/xerox-translate-and-print\/","url":"https:\/\/xdoc.pt\/web\/xerox-translate-and-print\/","name":"Xerox Translate and Print - XDOC - Equipamentos Escrit\u00f3rio, Lda","isPartOf":{"@id":"https:\/\/xdoc.pt\/web\/#website"},"primaryImageOfPage":{"@id":"https:\/\/xdoc.pt\/web\/xerox-translate-and-print\/#primaryimage"},"image":{"@id":"https:\/\/xdoc.pt\/web\/xerox-translate-and-print\/#primaryimage"},"thumbnailUrl":"https:\/\/xdoc.pt\/web\/wp-content\/uploads\/2021\/09\/Xerox-Translate-and-Print.jpg","datePublished":"2021-04-21T10:25:00+00:00","dateModified":"2021-11-22T14:40:18+00:00","description":"Xerox Translate and Print utiliza tecnologia de ponta para fornecer tradu\u00e7\u00f5es autom\u00e1ticas e instant\u00e2neas na sua impressora multifuncional.","breadcrumb":{"@id":"https:\/\/xdoc.pt\/web\/xerox-translate-and-print\/#breadcrumb"},"inLanguage":"pt-PT","potentialAction":[{"@type":"ReadAction","target":["https:\/\/xdoc.pt\/web\/xerox-translate-and-print\/"]}]},{"@type":"ImageObject","inLanguage":"pt-PT","@id":"https:\/\/xdoc.pt\/web\/xerox-translate-and-print\/#primaryimage","url":"https:\/\/xdoc.pt\/web\/wp-content\/uploads\/2021\/09\/Xerox-Translate-and-Print.jpg","contentUrl":"https:\/\/xdoc.pt\/web\/wp-content\/uploads\/2021\/09\/Xerox-Translate-and-Print.jpg","width":1000,"height":563},{"@type":"BreadcrumbList","@id":"https:\/\/xdoc.pt\/web\/xerox-translate-and-print\/#breadcrumb","itemListElement":[{"@type":"ListItem","position":1,"name":"In\u00edcio","item":"https:\/\/xdoc.pt\/web\/"},{"@type":"ListItem","position":2,"name":"Xerox Translate and Print"}]},{"@type":"WebSite","@id":"https:\/\/xdoc.pt\/web\/#website","url":"https:\/\/xdoc.pt\/web\/","name":"XDOC - Equipamentos Escrit\u00f3rio, Lda","description":"Concession\u00e1rio Xerox, especializado em impress\u00e3o digital para empresas de \u00e1rea gr\u00e1fica desde a mais pequena impressora de mesa at\u00e9 \u00e0 produ\u00e7\u00e3o de grandes volumes em equipamentos vocacionados para produ\u00e7\u00e3o com e sem acabamento.","potentialAction":[{"@type":"SearchAction","target":{"@type":"EntryPoint","urlTemplate":"https:\/\/xdoc.pt\/web\/?s={search_term_string}"},"query-input":{"@type":"PropertyValueSpecification","valueRequired":true,"valueName":"search_term_string"}}],"inLanguage":"pt-PT"}]}},"_links":{"self":[{"href":"https:\/\/xdoc.pt\/web\/wp-json\/wp\/v2\/pages\/2227","targetHints":{"allow":["GET"]}}],"collection":[{"href":"https:\/\/xdoc.pt\/web\/wp-json\/wp\/v2\/pages"}],"about":[{"href":"https:\/\/xdoc.pt\/web\/wp-json\/wp\/v2\/types\/page"}],"author":[{"embeddable":true,"href":"https:\/\/xdoc.pt\/web\/wp-json\/wp\/v2\/users\/2"}],"replies":[{"embeddable":true,"href":"https:\/\/xdoc.pt\/web\/wp-json\/wp\/v2\/comments?post=2227"}],"version-history":[{"count":11,"href":"https:\/\/xdoc.pt\/web\/wp-json\/wp\/v2\/pages\/2227\/revisions"}],"predecessor-version":[{"id":2632,"href":"https:\/\/xdoc.pt\/web\/wp-json\/wp\/v2\/pages\/2227\/revisions\/2632"}],"wp:attachment":[{"href":"https:\/\/xdoc.pt\/web\/wp-json\/wp\/v2\/media?parent=2227"}],"curies":[{"name":"wp","href":"https:\/\/api.w.org\/{rel}","templated":true}]}}