{"id":2209,"date":"2021-04-19T15:28:38","date_gmt":"2021-04-19T15:28:38","guid":{"rendered":"https:\/\/xdoc.pt\/web\/?page_id=2209"},"modified":"2021-11-22T14:47:44","modified_gmt":"2021-11-22T14:47:44","slug":"connect-for-microsoft-365","status":"publish","type":"page","link":"https:\/\/xdoc.pt\/web\/connect-for-microsoft-365\/","title":{"rendered":"Connect for Microsoft\u00ae 365"},"content":{"rendered":"<div class=\"xrx_sc_blurb\" style=\"text-align: left;\">\n<h3 style=\"color:#ff0000;\">Connect for Microsoft\u00ae 365<\/h3>\n<p style=\"text-align:justify;\">As organiza\u00e7\u00f5es e funcion\u00e1rios est\u00e3o a aproveitar a conveni\u00eancia dos servi\u00e7os na cloud.<\/p>\n<p style=\"text-align:justify;\">O Xerox Connect for Microsoft\u00ae 365 torna a digitaliza\u00e7\u00e3o de documentos <strong>segura e intuitiva<\/strong>. Com esta aplica\u00e7\u00e3o compat\u00edvel com ConnectKey\u00ae pode imprimir ou digitalizar facilmente para uma <strong>conta individual ou compartilhada do Microsoft\u00ae 365<\/strong>.<\/p>\n<\/div>\n<div style=\"margin-top:30px;text-align:justify;\">\n<strong style=\"font-size:20px;color:#ff0000;\">Principais fun\u00e7\u00f5es \/ caracter\u00edsticas<\/strong><br \/>\n<strong style=\"font-size:15px;\">Xerox Connect for Microsoft\u00ae 365 pode:<\/strong><\/p>\n<ul>\n<li>Utilizar as credenciais do Exchange da sua empresa no login.<\/li>\n<li>Navegar na estrutura de pastas e, em seguida, digitalizar facilmente seu documento em c\u00f3pia impressa.<\/li>\n<li>Imprimir rapidamente um ou v\u00e1rios documentos.<\/li>\n<li>Conectar-se ao Microsoft\u00ae SharePoint.<\/li>\n<\/ul>\n<p><img loading=\"lazy\" decoding=\"async\" class=\"aligncenter wp-image-2610 size-medium\" style=\"width: 100%;display: table; margin: auto;\" src=\"https:\/\/xdoc.pt\/web\/wp-content\/uploads\/2021\/09\/Cloud_ConnectKey.jpg\" alt=\"\" width=\"300\" height=\"212\"><\/p>\n<div style=\"padding:10px;background-color:#ed1c24;color:#fff;width:100px;\"><strong><a style=\"text-decoration:none;\" href=\"https:\/\/appgallery.services.xerox.com\/#!\/home\/app-details\/33d9d664-b3ab-4843-873e-a77c88ef6b77\" target=\"_blank\" rel=\"noopener\">Saber mais &gt; <\/a><\/strong><\/div>\n<div style=\"margin-top:5px;padding:10px;background-color:#ed1c24;color:#fff;width:100px;\"><strong><a style=\"text-decoration:none;\" href=\"https:\/\/xdoc.pt\/web\/wp-content\/uploads\/2021\/04\/Xerox-Connect-for-Microsoft\u00c2\u00ae-365.pdf\" target=\"_blank\" rel=\"noopener\">Brochura &gt; <\/a><\/strong><\/div>\n<\/div>\n","protected":false},"excerpt":{"rendered":"<p>Connect for Microsoft\u00ae 365<br \/>\nAs organiza\u00e7\u00f5es e funcion\u00e1rios est\u00e3o a aproveitar a conveni\u00eancia dos servi\u00e7os na cloud.<br \/>\nO Xerox Connect for Microsoft\u00ae 365 torna a digitaliza\u00e7\u00e3o de documentos segura e intuitiva. Com esta aplica\u00e7\u00e3o compat\u00edvel com ConnectKey\u00ae pode imprimir ou digitalizar facilmente para uma conta individual ou compartilhada do Microsoft\u00ae 365.<\/p>\n<p>Principais fun\u00e7\u00f5es \/ caracter\u00edsticas<br \/>\nXerox Connect for Microsoft\u00ae 365 pode:<\/p>\n<p>Utilizar as credenciais do Exchange da sua empresa no login.<br \/>\nNavegar na estrutura de pastas e, em seguida, digitalizar facilmente seu documento em c\u00f3pia impressa.<br \/>\nImprimir rapidamente um ou v\u00e1rios documentos.<br \/>\nConectar-se ao Microsoft\u00ae SharePoint.<\/p>\n<p><img loading=\"lazy\" decoding=\"async\" class=\"aligncenter wp-image-2610 size-medium\" style=\"width: 100%;display: table; margin: auto;\" src=\"https:\/\/xdoc.pt\/web\/wp-content\/uploads\/2021\/09\/Cloud_ConnectKey.jpg\" alt=\"\" width=\"300\" height=\"212\"><br \/>\nSaber mais &gt;<br \/>\nBrochura &gt; <\/p>\n","protected":false},"author":2,"featured_media":0,"parent":0,"menu_order":0,"comment_status":"closed","ping_status":"closed","template":"","meta":{"_monsterinsights_skip_tracking":false,"_monsterinsights_sitenote_active":false,"_monsterinsights_sitenote_note":"","_monsterinsights_sitenote_category":0,"footnotes":""},"class_list":["post-2209","page","type-page","status-publish","hentry"],"yoast_head":"<!-- This site is optimized with the Yoast SEO plugin v24.6 - https:\/\/yoast.com\/wordpress\/plugins\/seo\/ -->\n<title>Connect for Microsoft\u00ae 365 - XDOC - Equipamentos Escrit\u00f3rio, Lda<\/title>\n<meta name=\"description\" content=\"Connect for Microsoft 365 torna a digitaliza\u00e7\u00e3o de documentos segura. Pode imprimir ou digitalizar facilmente para uma conta Microsoft.\" \/>\n<meta name=\"robots\" content=\"index, follow, max-snippet:-1, max-image-preview:large, max-video-preview:-1\" \/>\n<link rel=\"canonical\" href=\"https:\/\/xdoc.pt\/web\/connect-for-microsoft-365\/\" \/>\n<meta property=\"og:locale\" content=\"pt_PT\" \/>\n<meta property=\"og:type\" content=\"article\" \/>\n<meta property=\"og:title\" content=\"Connect for Microsoft\u00ae 365 - XDOC - Equipamentos Escrit\u00f3rio, Lda\" \/>\n<meta property=\"og:description\" content=\"Connect for Microsoft 365 torna a digitaliza\u00e7\u00e3o de documentos segura. Pode imprimir ou digitalizar facilmente para uma conta Microsoft.\" \/>\n<meta property=\"og:url\" content=\"https:\/\/xdoc.pt\/web\/connect-for-microsoft-365\/\" \/>\n<meta property=\"og:site_name\" content=\"XDOC - Equipamentos Escrit\u00f3rio, Lda\" \/>\n<meta property=\"article:publisher\" content=\"https:\/\/www.facebook.com\/xdoc.pt\" \/>\n<meta property=\"article:modified_time\" content=\"2021-11-22T14:47:44+00:00\" \/>\n<meta property=\"og:image\" content=\"https:\/\/xdoc.pt\/web\/wp-content\/uploads\/2021\/09\/Cloud_ConnectKey.jpg\" \/>\n<meta name=\"twitter:card\" content=\"summary_large_image\" \/>\n<meta name=\"twitter:label1\" content=\"Tempo estimado de leitura\" \/>\n\t<meta name=\"twitter:data1\" content=\"1 minuto\" \/>\n<script type=\"application\/ld+json\" class=\"yoast-schema-graph\">{\"@context\":\"https:\/\/schema.org\",\"@graph\":[{\"@type\":\"WebPage\",\"@id\":\"https:\/\/xdoc.pt\/web\/connect-for-microsoft-365\/\",\"url\":\"https:\/\/xdoc.pt\/web\/connect-for-microsoft-365\/\",\"name\":\"Connect for Microsoft\u00ae 365 - XDOC - Equipamentos Escrit\u00f3rio, Lda\",\"isPartOf\":{\"@id\":\"https:\/\/xdoc.pt\/web\/#website\"},\"primaryImageOfPage\":{\"@id\":\"https:\/\/xdoc.pt\/web\/connect-for-microsoft-365\/#primaryimage\"},\"image\":{\"@id\":\"https:\/\/xdoc.pt\/web\/connect-for-microsoft-365\/#primaryimage\"},\"thumbnailUrl\":\"https:\/\/xdoc.pt\/web\/wp-content\/uploads\/2021\/09\/Cloud_ConnectKey.jpg\",\"datePublished\":\"2021-04-19T15:28:38+00:00\",\"dateModified\":\"2021-11-22T14:47:44+00:00\",\"description\":\"Connect for Microsoft 365 torna a digitaliza\u00e7\u00e3o de documentos segura. Pode imprimir ou digitalizar facilmente para uma conta Microsoft.\",\"breadcrumb\":{\"@id\":\"https:\/\/xdoc.pt\/web\/connect-for-microsoft-365\/#breadcrumb\"},\"inLanguage\":\"pt-PT\",\"potentialAction\":[{\"@type\":\"ReadAction\",\"target\":[\"https:\/\/xdoc.pt\/web\/connect-for-microsoft-365\/\"]}]},{\"@type\":\"ImageObject\",\"inLanguage\":\"pt-PT\",\"@id\":\"https:\/\/xdoc.pt\/web\/connect-for-microsoft-365\/#primaryimage\",\"url\":\"https:\/\/xdoc.pt\/web\/wp-content\/uploads\/2021\/09\/Cloud_ConnectKey.jpg\",\"contentUrl\":\"https:\/\/xdoc.pt\/web\/wp-content\/uploads\/2021\/09\/Cloud_ConnectKey.jpg\",\"width\":651,\"height\":271},{\"@type\":\"BreadcrumbList\",\"@id\":\"https:\/\/xdoc.pt\/web\/connect-for-microsoft-365\/#breadcrumb\",\"itemListElement\":[{\"@type\":\"ListItem\",\"position\":1,\"name\":\"In\u00edcio\",\"item\":\"https:\/\/xdoc.pt\/web\/\"},{\"@type\":\"ListItem\",\"position\":2,\"name\":\"Connect for Microsoft\u00ae 365\"}]},{\"@type\":\"WebSite\",\"@id\":\"https:\/\/xdoc.pt\/web\/#website\",\"url\":\"https:\/\/xdoc.pt\/web\/\",\"name\":\"XDOC - Equipamentos Escrit\u00f3rio, Lda\",\"description\":\"Concession\u00e1rio Xerox, especializado em impress\u00e3o digital para empresas de \u00e1rea gr\u00e1fica desde a mais pequena impressora de mesa at\u00e9 \u00e0 produ\u00e7\u00e3o de grandes volumes em equipamentos vocacionados para produ\u00e7\u00e3o com e sem acabamento.\",\"potentialAction\":[{\"@type\":\"SearchAction\",\"target\":{\"@type\":\"EntryPoint\",\"urlTemplate\":\"https:\/\/xdoc.pt\/web\/?s={search_term_string}\"},\"query-input\":{\"@type\":\"PropertyValueSpecification\",\"valueRequired\":true,\"valueName\":\"search_term_string\"}}],\"inLanguage\":\"pt-PT\"}]}<\/script>\n<!-- \/ Yoast SEO plugin. -->","yoast_head_json":{"title":"Connect for Microsoft\u00ae 365 - XDOC - Equipamentos Escrit\u00f3rio, Lda","description":"Connect for Microsoft 365 torna a digitaliza\u00e7\u00e3o de documentos segura. Pode imprimir ou digitalizar facilmente para uma conta Microsoft.","robots":{"index":"index","follow":"follow","max-snippet":"max-snippet:-1","max-image-preview":"max-image-preview:large","max-video-preview":"max-video-preview:-1"},"canonical":"https:\/\/xdoc.pt\/web\/connect-for-microsoft-365\/","og_locale":"pt_PT","og_type":"article","og_title":"Connect for Microsoft\u00ae 365 - XDOC - Equipamentos Escrit\u00f3rio, Lda","og_description":"Connect for Microsoft 365 torna a digitaliza\u00e7\u00e3o de documentos segura. Pode imprimir ou digitalizar facilmente para uma conta Microsoft.","og_url":"https:\/\/xdoc.pt\/web\/connect-for-microsoft-365\/","og_site_name":"XDOC - Equipamentos Escrit\u00f3rio, Lda","article_publisher":"https:\/\/www.facebook.com\/xdoc.pt","article_modified_time":"2021-11-22T14:47:44+00:00","og_image":[{"url":"https:\/\/xdoc.pt\/web\/wp-content\/uploads\/2021\/09\/Cloud_ConnectKey.jpg","type":"","width":"","height":""}],"twitter_card":"summary_large_image","twitter_misc":{"Tempo estimado de leitura":"1 minuto"},"schema":{"@context":"https:\/\/schema.org","@graph":[{"@type":"WebPage","@id":"https:\/\/xdoc.pt\/web\/connect-for-microsoft-365\/","url":"https:\/\/xdoc.pt\/web\/connect-for-microsoft-365\/","name":"Connect for Microsoft\u00ae 365 - XDOC - Equipamentos Escrit\u00f3rio, Lda","isPartOf":{"@id":"https:\/\/xdoc.pt\/web\/#website"},"primaryImageOfPage":{"@id":"https:\/\/xdoc.pt\/web\/connect-for-microsoft-365\/#primaryimage"},"image":{"@id":"https:\/\/xdoc.pt\/web\/connect-for-microsoft-365\/#primaryimage"},"thumbnailUrl":"https:\/\/xdoc.pt\/web\/wp-content\/uploads\/2021\/09\/Cloud_ConnectKey.jpg","datePublished":"2021-04-19T15:28:38+00:00","dateModified":"2021-11-22T14:47:44+00:00","description":"Connect for Microsoft 365 torna a digitaliza\u00e7\u00e3o de documentos segura. Pode imprimir ou digitalizar facilmente para uma conta Microsoft.","breadcrumb":{"@id":"https:\/\/xdoc.pt\/web\/connect-for-microsoft-365\/#breadcrumb"},"inLanguage":"pt-PT","potentialAction":[{"@type":"ReadAction","target":["https:\/\/xdoc.pt\/web\/connect-for-microsoft-365\/"]}]},{"@type":"ImageObject","inLanguage":"pt-PT","@id":"https:\/\/xdoc.pt\/web\/connect-for-microsoft-365\/#primaryimage","url":"https:\/\/xdoc.pt\/web\/wp-content\/uploads\/2021\/09\/Cloud_ConnectKey.jpg","contentUrl":"https:\/\/xdoc.pt\/web\/wp-content\/uploads\/2021\/09\/Cloud_ConnectKey.jpg","width":651,"height":271},{"@type":"BreadcrumbList","@id":"https:\/\/xdoc.pt\/web\/connect-for-microsoft-365\/#breadcrumb","itemListElement":[{"@type":"ListItem","position":1,"name":"In\u00edcio","item":"https:\/\/xdoc.pt\/web\/"},{"@type":"ListItem","position":2,"name":"Connect for Microsoft\u00ae 365"}]},{"@type":"WebSite","@id":"https:\/\/xdoc.pt\/web\/#website","url":"https:\/\/xdoc.pt\/web\/","name":"XDOC - Equipamentos Escrit\u00f3rio, Lda","description":"Concession\u00e1rio Xerox, especializado em impress\u00e3o digital para empresas de \u00e1rea gr\u00e1fica desde a mais pequena impressora de mesa at\u00e9 \u00e0 produ\u00e7\u00e3o de grandes volumes em equipamentos vocacionados para produ\u00e7\u00e3o com e sem acabamento.","potentialAction":[{"@type":"SearchAction","target":{"@type":"EntryPoint","urlTemplate":"https:\/\/xdoc.pt\/web\/?s={search_term_string}"},"query-input":{"@type":"PropertyValueSpecification","valueRequired":true,"valueName":"search_term_string"}}],"inLanguage":"pt-PT"}]}},"_links":{"self":[{"href":"https:\/\/xdoc.pt\/web\/wp-json\/wp\/v2\/pages\/2209","targetHints":{"allow":["GET"]}}],"collection":[{"href":"https:\/\/xdoc.pt\/web\/wp-json\/wp\/v2\/pages"}],"about":[{"href":"https:\/\/xdoc.pt\/web\/wp-json\/wp\/v2\/types\/page"}],"author":[{"embeddable":true,"href":"https:\/\/xdoc.pt\/web\/wp-json\/wp\/v2\/users\/2"}],"replies":[{"embeddable":true,"href":"https:\/\/xdoc.pt\/web\/wp-json\/wp\/v2\/comments?post=2209"}],"version-history":[{"count":11,"href":"https:\/\/xdoc.pt\/web\/wp-json\/wp\/v2\/pages\/2209\/revisions"}],"predecessor-version":[{"id":2636,"href":"https:\/\/xdoc.pt\/web\/wp-json\/wp\/v2\/pages\/2209\/revisions\/2636"}],"wp:attachment":[{"href":"https:\/\/xdoc.pt\/web\/wp-json\/wp\/v2\/media?parent=2209"}],"curies":[{"name":"wp","href":"https:\/\/api.w.org\/{rel}","templated":true}]}}