{"id":2198,"date":"2021-04-19T14:49:05","date_gmt":"2021-04-19T14:49:05","guid":{"rendered":"https:\/\/xdoc.pt\/web\/?page_id=2198"},"modified":"2021-11-22T14:41:52","modified_gmt":"2021-11-22T14:41:52","slug":"xerox-audio-documents","status":"publish","type":"page","link":"https:\/\/xdoc.pt\/web\/xerox-audio-documents\/","title":{"rendered":"Xerox Audio Documents"},"content":{"rendered":"<div class=\"xrx_sc_blurb\" style=\"text-align: left;\">\n<h3 style=\"color:#ff0000;\"> Xerox\u00ae Audio Documents<\/h3>\n<p style=\"text-align:justify;\">O Xerox Audio Documents permite aos utilizadores <strong>transformar c\u00f3pias impressas de documentos em arquivos MP3<\/strong>. O link para o arquivo MP3 \u00e9 enviado por e-mail para o destinat\u00e1rio.<\/p>\n<p style=\"text-align:justify;\">Com apenas uma \u00fanica e f\u00e1cil digitaliza\u00e7\u00e3o, tire proveito de novos n\u00edveis de produtividade. Abra o link no seu e-mail ou toque no arquivo dentro da aplica\u00e7\u00e3o no seu dispositivo m\u00f3vel. <strong>Poder\u00e1 ouvir os seus documentos<\/strong> em vez de l\u00ea-los, onde e quando quiser.<\/p>\n<\/div>\n<div style=\"margin-top:30px;text-align:justify;\">\n<strong style=\"font-size:20px;color:#ff0000;\">Principais fun\u00e7\u00f5es \/ caracter\u00edsticas<\/strong><\/p>\n<ul>\n<li>Converte o conte\u00fado impresso num arquivo de \u00e1udio numa impressora multifuncional.<\/li>\n<li>Cria arquivos de \u00e1udio instantaneamente.<\/li>\n<li>Permite ouvir o documento convertido onde e quando quiser.<\/li>\n<li>Converte todos os formatos de documento desafiadores.<\/li>\n<li>Oferece a funcionalidade de logon \u00fanico ao usar uma solu\u00e7\u00e3o de autentica\u00e7\u00e3o compat\u00edvel.<\/li>\n<li>Permite economizar tempo e reduzir a frustra\u00e7\u00e3o.<\/li>\n<\/ul>\n<\/div>\n<p><a style=\"text-decoration:none;\" href=\"https:\/\/www.xerox.com\/en-us\/connectkey\/workplace-apps\/text-to-mp3-app\" target=\"_blank\" rel=\"noopener\"><img loading=\"lazy\" decoding=\"async\" class=\"aligncenter wp-image-2608 size-medium\" style=\"display:table; margin:auto;\" src=\"https:\/\/xdoc.pt\/web\/wp-content\/uploads\/2021\/09\/audio-documents.jpg\" alt=\"\" width=\"300\" height=\"212\"><\/a><\/p>\n<div style=\"margin-top:5px;padding:10px;background-color:#ed1c24;color:#fff;width:100px;\"><strong><a style=\"text-decoration:none;\" href=\"https:\/\/appgallery.services.xerox.com\/#!\/home\/app-details\/8cb0413c-7330-4bf8-9e61-f6233a46f9a8\" target=\"_blank\" rel=\"noopener\">Saber mais &gt; <\/a><\/strong><\/div>\n<div style=\"margin-top:5px;padding:10px;background-color:#ed1c24;color:#fff;width:155px;\"><strong><a style=\"text-decoration:none;\" href=\"https:\/\/xdoc.pt\/web\/contactos\/\" target=\"_blank\" rel=\"noopener\">Pedir informa\u00e7\u00f5es &gt; <\/a><\/strong><\/div>\n","protected":false},"excerpt":{"rendered":"<p> Xerox\u00ae Audio Documents<br \/>\nO Xerox Audio Documents permite aos utilizadores transformar c\u00f3pias impressas de documentos em arquivos MP3. O link para o arquivo MP3 \u00e9 enviado por e-mail para o destinat\u00e1rio.<br \/>\nCom apenas uma \u00fanica e f\u00e1cil digitaliza\u00e7\u00e3o, tire proveito de novos n\u00edveis de produtividade. Abra o link no seu e-mail ou toque no arquivo dentro da aplica\u00e7\u00e3o no seu dispositivo m\u00f3vel. Poder\u00e1 ouvir os seus documentos em vez de l\u00ea-los, onde e quando quiser.<\/p>\n<p>Principais fun\u00e7\u00f5es \/ caracter\u00edsticas<\/p>\n<p>Converte o conte\u00fado impresso num arquivo de \u00e1udio numa impressora multifuncional.<br \/>\nCria arquivos de \u00e1udio instantaneamente.<br \/>\nPermite ouvir o documento convertido onde e quando quiser.<br \/>\nConverte todos os formatos de documento desafiadores.<br \/>\nOferece a funcionalidade de logon \u00fanico ao usar uma solu\u00e7\u00e3o de autentica\u00e7\u00e3o compat\u00edvel.<br \/>\nPermite economizar tempo e [&#8230;]<\/p>\n","protected":false},"author":2,"featured_media":0,"parent":0,"menu_order":0,"comment_status":"closed","ping_status":"closed","template":"","meta":{"_monsterinsights_skip_tracking":false,"_monsterinsights_sitenote_active":false,"_monsterinsights_sitenote_note":"","_monsterinsights_sitenote_category":0,"footnotes":""},"class_list":["post-2198","page","type-page","status-publish","hentry"],"yoast_head":"<!-- This site is optimized with the Yoast SEO plugin v24.6 - https:\/\/yoast.com\/wordpress\/plugins\/seo\/ -->\n<title>Xerox Audio Documents - XDOC - Equipamentos Escrit\u00f3rio, Lda<\/title>\n<meta name=\"description\" content=\"O Xerox Audio Documents permite transformar c\u00f3pias impressas de documentos em arquivos MP3. O link do arquivo MP3 \u00e9 enviado por e-mail.\" \/>\n<meta name=\"robots\" content=\"index, follow, max-snippet:-1, max-image-preview:large, max-video-preview:-1\" \/>\n<link rel=\"canonical\" href=\"https:\/\/xdoc.pt\/web\/xerox-audio-documents\/\" \/>\n<meta property=\"og:locale\" content=\"pt_PT\" \/>\n<meta property=\"og:type\" content=\"article\" \/>\n<meta property=\"og:title\" content=\"Xerox Audio Documents - XDOC - Equipamentos Escrit\u00f3rio, Lda\" \/>\n<meta property=\"og:description\" content=\"O Xerox Audio Documents permite transformar c\u00f3pias impressas de documentos em arquivos MP3. O link do arquivo MP3 \u00e9 enviado por e-mail.\" \/>\n<meta property=\"og:url\" content=\"https:\/\/xdoc.pt\/web\/xerox-audio-documents\/\" \/>\n<meta property=\"og:site_name\" content=\"XDOC - Equipamentos Escrit\u00f3rio, Lda\" \/>\n<meta property=\"article:publisher\" content=\"https:\/\/www.facebook.com\/xdoc.pt\" \/>\n<meta property=\"article:modified_time\" content=\"2021-11-22T14:41:52+00:00\" \/>\n<meta property=\"og:image\" content=\"https:\/\/xdoc.pt\/web\/wp-content\/uploads\/2021\/09\/audio-documents.jpg\" \/>\n<meta name=\"twitter:card\" content=\"summary_large_image\" \/>\n<meta name=\"twitter:label1\" content=\"Tempo estimado de leitura\" \/>\n\t<meta name=\"twitter:data1\" content=\"1 minuto\" \/>\n<script type=\"application\/ld+json\" class=\"yoast-schema-graph\">{\"@context\":\"https:\/\/schema.org\",\"@graph\":[{\"@type\":\"WebPage\",\"@id\":\"https:\/\/xdoc.pt\/web\/xerox-audio-documents\/\",\"url\":\"https:\/\/xdoc.pt\/web\/xerox-audio-documents\/\",\"name\":\"Xerox Audio Documents - XDOC - Equipamentos Escrit\u00f3rio, Lda\",\"isPartOf\":{\"@id\":\"https:\/\/xdoc.pt\/web\/#website\"},\"primaryImageOfPage\":{\"@id\":\"https:\/\/xdoc.pt\/web\/xerox-audio-documents\/#primaryimage\"},\"image\":{\"@id\":\"https:\/\/xdoc.pt\/web\/xerox-audio-documents\/#primaryimage\"},\"thumbnailUrl\":\"https:\/\/xdoc.pt\/web\/wp-content\/uploads\/2021\/09\/audio-documents.jpg\",\"datePublished\":\"2021-04-19T14:49:05+00:00\",\"dateModified\":\"2021-11-22T14:41:52+00:00\",\"description\":\"O Xerox Audio Documents permite transformar c\u00f3pias impressas de documentos em arquivos MP3. O link do arquivo MP3 \u00e9 enviado por e-mail.\",\"breadcrumb\":{\"@id\":\"https:\/\/xdoc.pt\/web\/xerox-audio-documents\/#breadcrumb\"},\"inLanguage\":\"pt-PT\",\"potentialAction\":[{\"@type\":\"ReadAction\",\"target\":[\"https:\/\/xdoc.pt\/web\/xerox-audio-documents\/\"]}]},{\"@type\":\"ImageObject\",\"inLanguage\":\"pt-PT\",\"@id\":\"https:\/\/xdoc.pt\/web\/xerox-audio-documents\/#primaryimage\",\"url\":\"https:\/\/xdoc.pt\/web\/wp-content\/uploads\/2021\/09\/audio-documents.jpg\",\"contentUrl\":\"https:\/\/xdoc.pt\/web\/wp-content\/uploads\/2021\/09\/audio-documents.jpg\",\"width\":800,\"height\":450},{\"@type\":\"BreadcrumbList\",\"@id\":\"https:\/\/xdoc.pt\/web\/xerox-audio-documents\/#breadcrumb\",\"itemListElement\":[{\"@type\":\"ListItem\",\"position\":1,\"name\":\"In\u00edcio\",\"item\":\"https:\/\/xdoc.pt\/web\/\"},{\"@type\":\"ListItem\",\"position\":2,\"name\":\"Xerox Audio Documents\"}]},{\"@type\":\"WebSite\",\"@id\":\"https:\/\/xdoc.pt\/web\/#website\",\"url\":\"https:\/\/xdoc.pt\/web\/\",\"name\":\"XDOC - Equipamentos Escrit\u00f3rio, Lda\",\"description\":\"Concession\u00e1rio Xerox, especializado em impress\u00e3o digital para empresas de \u00e1rea gr\u00e1fica desde a mais pequena impressora de mesa at\u00e9 \u00e0 produ\u00e7\u00e3o de grandes volumes em equipamentos vocacionados para produ\u00e7\u00e3o com e sem acabamento.\",\"potentialAction\":[{\"@type\":\"SearchAction\",\"target\":{\"@type\":\"EntryPoint\",\"urlTemplate\":\"https:\/\/xdoc.pt\/web\/?s={search_term_string}\"},\"query-input\":{\"@type\":\"PropertyValueSpecification\",\"valueRequired\":true,\"valueName\":\"search_term_string\"}}],\"inLanguage\":\"pt-PT\"}]}<\/script>\n<!-- \/ Yoast SEO plugin. -->","yoast_head_json":{"title":"Xerox Audio Documents - XDOC - Equipamentos Escrit\u00f3rio, Lda","description":"O Xerox Audio Documents permite transformar c\u00f3pias impressas de documentos em arquivos MP3. O link do arquivo MP3 \u00e9 enviado por e-mail.","robots":{"index":"index","follow":"follow","max-snippet":"max-snippet:-1","max-image-preview":"max-image-preview:large","max-video-preview":"max-video-preview:-1"},"canonical":"https:\/\/xdoc.pt\/web\/xerox-audio-documents\/","og_locale":"pt_PT","og_type":"article","og_title":"Xerox Audio Documents - XDOC - Equipamentos Escrit\u00f3rio, Lda","og_description":"O Xerox Audio Documents permite transformar c\u00f3pias impressas de documentos em arquivos MP3. O link do arquivo MP3 \u00e9 enviado por e-mail.","og_url":"https:\/\/xdoc.pt\/web\/xerox-audio-documents\/","og_site_name":"XDOC - Equipamentos Escrit\u00f3rio, Lda","article_publisher":"https:\/\/www.facebook.com\/xdoc.pt","article_modified_time":"2021-11-22T14:41:52+00:00","og_image":[{"url":"https:\/\/xdoc.pt\/web\/wp-content\/uploads\/2021\/09\/audio-documents.jpg","type":"","width":"","height":""}],"twitter_card":"summary_large_image","twitter_misc":{"Tempo estimado de leitura":"1 minuto"},"schema":{"@context":"https:\/\/schema.org","@graph":[{"@type":"WebPage","@id":"https:\/\/xdoc.pt\/web\/xerox-audio-documents\/","url":"https:\/\/xdoc.pt\/web\/xerox-audio-documents\/","name":"Xerox Audio Documents - XDOC - Equipamentos Escrit\u00f3rio, Lda","isPartOf":{"@id":"https:\/\/xdoc.pt\/web\/#website"},"primaryImageOfPage":{"@id":"https:\/\/xdoc.pt\/web\/xerox-audio-documents\/#primaryimage"},"image":{"@id":"https:\/\/xdoc.pt\/web\/xerox-audio-documents\/#primaryimage"},"thumbnailUrl":"https:\/\/xdoc.pt\/web\/wp-content\/uploads\/2021\/09\/audio-documents.jpg","datePublished":"2021-04-19T14:49:05+00:00","dateModified":"2021-11-22T14:41:52+00:00","description":"O Xerox Audio Documents permite transformar c\u00f3pias impressas de documentos em arquivos MP3. O link do arquivo MP3 \u00e9 enviado por e-mail.","breadcrumb":{"@id":"https:\/\/xdoc.pt\/web\/xerox-audio-documents\/#breadcrumb"},"inLanguage":"pt-PT","potentialAction":[{"@type":"ReadAction","target":["https:\/\/xdoc.pt\/web\/xerox-audio-documents\/"]}]},{"@type":"ImageObject","inLanguage":"pt-PT","@id":"https:\/\/xdoc.pt\/web\/xerox-audio-documents\/#primaryimage","url":"https:\/\/xdoc.pt\/web\/wp-content\/uploads\/2021\/09\/audio-documents.jpg","contentUrl":"https:\/\/xdoc.pt\/web\/wp-content\/uploads\/2021\/09\/audio-documents.jpg","width":800,"height":450},{"@type":"BreadcrumbList","@id":"https:\/\/xdoc.pt\/web\/xerox-audio-documents\/#breadcrumb","itemListElement":[{"@type":"ListItem","position":1,"name":"In\u00edcio","item":"https:\/\/xdoc.pt\/web\/"},{"@type":"ListItem","position":2,"name":"Xerox Audio Documents"}]},{"@type":"WebSite","@id":"https:\/\/xdoc.pt\/web\/#website","url":"https:\/\/xdoc.pt\/web\/","name":"XDOC - Equipamentos Escrit\u00f3rio, Lda","description":"Concession\u00e1rio Xerox, especializado em impress\u00e3o digital para empresas de \u00e1rea gr\u00e1fica desde a mais pequena impressora de mesa at\u00e9 \u00e0 produ\u00e7\u00e3o de grandes volumes em equipamentos vocacionados para produ\u00e7\u00e3o com e sem acabamento.","potentialAction":[{"@type":"SearchAction","target":{"@type":"EntryPoint","urlTemplate":"https:\/\/xdoc.pt\/web\/?s={search_term_string}"},"query-input":{"@type":"PropertyValueSpecification","valueRequired":true,"valueName":"search_term_string"}}],"inLanguage":"pt-PT"}]}},"_links":{"self":[{"href":"https:\/\/xdoc.pt\/web\/wp-json\/wp\/v2\/pages\/2198","targetHints":{"allow":["GET"]}}],"collection":[{"href":"https:\/\/xdoc.pt\/web\/wp-json\/wp\/v2\/pages"}],"about":[{"href":"https:\/\/xdoc.pt\/web\/wp-json\/wp\/v2\/types\/page"}],"author":[{"embeddable":true,"href":"https:\/\/xdoc.pt\/web\/wp-json\/wp\/v2\/users\/2"}],"replies":[{"embeddable":true,"href":"https:\/\/xdoc.pt\/web\/wp-json\/wp\/v2\/comments?post=2198"}],"version-history":[{"count":11,"href":"https:\/\/xdoc.pt\/web\/wp-json\/wp\/v2\/pages\/2198\/revisions"}],"predecessor-version":[{"id":2633,"href":"https:\/\/xdoc.pt\/web\/wp-json\/wp\/v2\/pages\/2198\/revisions\/2633"}],"wp:attachment":[{"href":"https:\/\/xdoc.pt\/web\/wp-json\/wp\/v2\/media?parent=2198"}],"curies":[{"name":"wp","href":"https:\/\/api.w.org\/{rel}","templated":true}]}}