{"id":2192,"date":"2021-04-19T14:18:56","date_gmt":"2021-04-19T14:18:56","guid":{"rendered":"https:\/\/xdoc.pt\/web\/?page_id=2192"},"modified":"2021-11-22T14:38:16","modified_gmt":"2021-11-22T14:38:16","slug":"xerox-auto-redaction","status":"publish","type":"page","link":"https:\/\/xdoc.pt\/web\/xerox-auto-redaction\/","title":{"rendered":"Xerox Auto Redaction"},"content":{"rendered":"<div class=\"xrx_sc_blurb\" style=\"text-align: left;\">\n<h3 style=\"color:#ff0000;\">Xerox\u00ae Auto-Redaction<\/h3>\n<p style=\"text-align:justify;\"><strong>Proteja dados confidenciais<\/strong> com o Xerox Auto-Redaction.<\/p>\n<p style=\"text-align:justify;\">O Xerox Auto-Redaction aproveita a avan\u00e7ada tecnologia de IA do <strong>software de Preven\u00e7\u00e3o de Perda de Dados<\/strong> (DLP) do Google. Este software permite selecionar Informa\u00e7\u00f5es Pessoalmente Identific\u00e1veis (PII) predefinidas ou palavras e frases personalizadas e, em seguida, redigi-las automaticamente.<\/p>\n<p style=\"text-align:justify;\">Esses dados confidenciais tornam-se <strong>ileg\u00edveis<\/strong>, enquanto todas as outras informa\u00e7\u00f5es no documento s\u00e3o mantidas intactas.<\/p>\n<p style=\"text-align:justify;\">Os documentos autor redigidos finalizados podem ser, ent\u00e3o, impressos ou enviados por e-mail diretamente de um MFP com Tecnologia Xerox\u00ae ConnectKey\u00ae, ajudando a manter seguros os dados confidenciais da sua organiza\u00e7\u00e3o.<\/p>\n<\/div>\n<div style=\"margin-top:30px;text-align:justify;\">\n<strong style=\"font-size:20px;color:#ff0000;\">Principais fun\u00e7\u00f5es \/ caracter\u00edsticas<\/strong><\/p>\n<ul>\n<li>Permite remover informa\u00e7\u00f5es sens\u00edveis e de identifica\u00e7\u00e3o pessoal de um documento inteiro em segundos.<\/li>\n<li>Privacidade apenas a um scan de dist\u00e2ncia.<\/li>\n<li>Aproveita a tecnologia de IA de ponta que utiliza o software Data Loss Prevention (DLP) do Google.<\/li>\n<li>Facilita a digitaliza\u00e7\u00e3o de documentos impressos e a obten\u00e7\u00e3o de resultados instant\u00e2neos.<\/li>\n<li>Permite digitalizar a partir de uma das predefini\u00e7\u00f5es salvas ou PII personalizadas.<\/li>\n<li>Permite visualizar os resultados no seu dispositivo e imprimir ou partilhar documentos por email.<\/li>\n<\/ul>\n<\/div>\n<p><img loading=\"lazy\" decoding=\"async\" class=\"aligncenter wp-image-2604 size-medium\" style=\"display:table; margin:auto;\" src=\"https:\/\/xdoc.pt\/web\/wp-content\/uploads\/2021\/09\/auto-redaction-app.jpg\" alt=\"\" width=\"300\" height=\"212\"><\/p>\n<div style=\"padding:10px;background-color:#ed1c24;color:#fff;width:100px;\"><strong><a style=\"text-decoration:none;\" href=\"https:\/\/appgallery.services.xerox.com\/#!\/home\/app-details\/49d1b6a9-5bcd-4edd-91cb-a647bc7296aa\" target=\"_blank\" rel=\"noopener\">Saber mais &gt; <\/a><\/strong><\/div>\n<div style=\"margin-top:5px;padding:10px;background-color:#ed1c24;color:#fff;width:100px;\"><strong><a style=\"text-decoration:none;\" href=\"https:\/\/xdoc.pt\/web\/wp-content\/uploads\/2021\/04\/XeroxAuto-Redaction.pdf\" target=\"_blank\" rel=\"noopener\">Brochura &gt;<\/a><\/strong><\/div>\n","protected":false},"excerpt":{"rendered":"<p>Xerox\u00ae Auto-Redaction<br \/>\nProteja dados confidenciais com o Xerox Auto-Redaction.<br \/>\nO Xerox Auto-Redaction aproveita a avan\u00e7ada tecnologia de IA do software de Preven\u00e7\u00e3o de Perda de Dados (DLP) do Google. Este software permite selecionar Informa\u00e7\u00f5es Pessoalmente Identific\u00e1veis (PII) predefinidas ou palavras e frases personalizadas e, em seguida, redigi-las automaticamente.<br \/>\nEsses dados confidenciais tornam-se ileg\u00edveis, enquanto todas as outras informa\u00e7\u00f5es no documento s\u00e3o mantidas intactas.<br \/>\nOs documentos autor redigidos finalizados podem ser, ent\u00e3o, impressos ou enviados por e-mail diretamente de um MFP com Tecnologia Xerox\u00ae ConnectKey\u00ae, ajudando a manter seguros os dados confidenciais da sua organiza\u00e7\u00e3o.<\/p>\n<p>Principais fun\u00e7\u00f5es \/ caracter\u00edsticas<\/p>\n<p>Permite remover informa\u00e7\u00f5es sens\u00edveis e de identifica\u00e7\u00e3o pessoal de um documento inteiro em segundos.<br \/>\nPrivacidade apenas a um scan de dist\u00e2ncia.<br \/>\nAproveita a tecnologia de IA de ponta que utiliza [&#8230;]<\/p>\n","protected":false},"author":2,"featured_media":0,"parent":0,"menu_order":0,"comment_status":"closed","ping_status":"closed","template":"","meta":{"_monsterinsights_skip_tracking":false,"_monsterinsights_sitenote_active":false,"_monsterinsights_sitenote_note":"","_monsterinsights_sitenote_category":0,"footnotes":""},"class_list":["post-2192","page","type-page","status-publish","hentry"],"yoast_head":"<!-- This site is optimized with the Yoast SEO plugin v24.6 - https:\/\/yoast.com\/wordpress\/plugins\/seo\/ -->\n<title>Xerox Auto Redaction - XDOC - Equipamentos Escrit\u00f3rio, Lda<\/title>\n<meta name=\"description\" content=\"Xerox Auto Redaction aproveita a tecnologia de IA do software de Preven\u00e7\u00e3o de Perda de Dados do Google. Proteja dados confidenciais.\" \/>\n<meta name=\"robots\" content=\"index, follow, max-snippet:-1, max-image-preview:large, max-video-preview:-1\" \/>\n<link rel=\"canonical\" href=\"https:\/\/xdoc.pt\/web\/xerox-auto-redaction\/\" \/>\n<meta property=\"og:locale\" content=\"pt_PT\" \/>\n<meta property=\"og:type\" content=\"article\" \/>\n<meta property=\"og:title\" content=\"Xerox Auto Redaction - XDOC - Equipamentos Escrit\u00f3rio, Lda\" \/>\n<meta property=\"og:description\" content=\"Xerox Auto Redaction aproveita a tecnologia de IA do software de Preven\u00e7\u00e3o de Perda de Dados do Google. Proteja dados confidenciais.\" \/>\n<meta property=\"og:url\" content=\"https:\/\/xdoc.pt\/web\/xerox-auto-redaction\/\" \/>\n<meta property=\"og:site_name\" content=\"XDOC - Equipamentos Escrit\u00f3rio, Lda\" \/>\n<meta property=\"article:publisher\" content=\"https:\/\/www.facebook.com\/xdoc.pt\" \/>\n<meta property=\"article:modified_time\" content=\"2021-11-22T14:38:16+00:00\" \/>\n<meta property=\"og:image\" content=\"https:\/\/xdoc.pt\/web\/wp-content\/uploads\/2021\/09\/auto-redaction-app.jpg\" \/>\n<meta name=\"twitter:card\" content=\"summary_large_image\" \/>\n<meta name=\"twitter:label1\" content=\"Tempo estimado de leitura\" \/>\n\t<meta name=\"twitter:data1\" content=\"1 minuto\" \/>\n<script type=\"application\/ld+json\" class=\"yoast-schema-graph\">{\"@context\":\"https:\/\/schema.org\",\"@graph\":[{\"@type\":\"WebPage\",\"@id\":\"https:\/\/xdoc.pt\/web\/xerox-auto-redaction\/\",\"url\":\"https:\/\/xdoc.pt\/web\/xerox-auto-redaction\/\",\"name\":\"Xerox Auto Redaction - XDOC - Equipamentos Escrit\u00f3rio, Lda\",\"isPartOf\":{\"@id\":\"https:\/\/xdoc.pt\/web\/#website\"},\"primaryImageOfPage\":{\"@id\":\"https:\/\/xdoc.pt\/web\/xerox-auto-redaction\/#primaryimage\"},\"image\":{\"@id\":\"https:\/\/xdoc.pt\/web\/xerox-auto-redaction\/#primaryimage\"},\"thumbnailUrl\":\"https:\/\/xdoc.pt\/web\/wp-content\/uploads\/2021\/09\/auto-redaction-app.jpg\",\"datePublished\":\"2021-04-19T14:18:56+00:00\",\"dateModified\":\"2021-11-22T14:38:16+00:00\",\"description\":\"Xerox Auto Redaction aproveita a tecnologia de IA do software de Preven\u00e7\u00e3o de Perda de Dados do Google. Proteja dados confidenciais.\",\"breadcrumb\":{\"@id\":\"https:\/\/xdoc.pt\/web\/xerox-auto-redaction\/#breadcrumb\"},\"inLanguage\":\"pt-PT\",\"potentialAction\":[{\"@type\":\"ReadAction\",\"target\":[\"https:\/\/xdoc.pt\/web\/xerox-auto-redaction\/\"]}]},{\"@type\":\"ImageObject\",\"inLanguage\":\"pt-PT\",\"@id\":\"https:\/\/xdoc.pt\/web\/xerox-auto-redaction\/#primaryimage\",\"url\":\"https:\/\/xdoc.pt\/web\/wp-content\/uploads\/2021\/09\/auto-redaction-app.jpg\",\"contentUrl\":\"https:\/\/xdoc.pt\/web\/wp-content\/uploads\/2021\/09\/auto-redaction-app.jpg\",\"width\":800,\"height\":480},{\"@type\":\"BreadcrumbList\",\"@id\":\"https:\/\/xdoc.pt\/web\/xerox-auto-redaction\/#breadcrumb\",\"itemListElement\":[{\"@type\":\"ListItem\",\"position\":1,\"name\":\"In\u00edcio\",\"item\":\"https:\/\/xdoc.pt\/web\/\"},{\"@type\":\"ListItem\",\"position\":2,\"name\":\"Xerox Auto Redaction\"}]},{\"@type\":\"WebSite\",\"@id\":\"https:\/\/xdoc.pt\/web\/#website\",\"url\":\"https:\/\/xdoc.pt\/web\/\",\"name\":\"XDOC - Equipamentos Escrit\u00f3rio, Lda\",\"description\":\"Concession\u00e1rio Xerox, especializado em impress\u00e3o digital para empresas de \u00e1rea gr\u00e1fica desde a mais pequena impressora de mesa at\u00e9 \u00e0 produ\u00e7\u00e3o de grandes volumes em equipamentos vocacionados para produ\u00e7\u00e3o com e sem acabamento.\",\"potentialAction\":[{\"@type\":\"SearchAction\",\"target\":{\"@type\":\"EntryPoint\",\"urlTemplate\":\"https:\/\/xdoc.pt\/web\/?s={search_term_string}\"},\"query-input\":{\"@type\":\"PropertyValueSpecification\",\"valueRequired\":true,\"valueName\":\"search_term_string\"}}],\"inLanguage\":\"pt-PT\"}]}<\/script>\n<!-- \/ Yoast SEO plugin. -->","yoast_head_json":{"title":"Xerox Auto Redaction - XDOC - Equipamentos Escrit\u00f3rio, Lda","description":"Xerox Auto Redaction aproveita a tecnologia de IA do software de Preven\u00e7\u00e3o de Perda de Dados do Google. Proteja dados confidenciais.","robots":{"index":"index","follow":"follow","max-snippet":"max-snippet:-1","max-image-preview":"max-image-preview:large","max-video-preview":"max-video-preview:-1"},"canonical":"https:\/\/xdoc.pt\/web\/xerox-auto-redaction\/","og_locale":"pt_PT","og_type":"article","og_title":"Xerox Auto Redaction - XDOC - Equipamentos Escrit\u00f3rio, Lda","og_description":"Xerox Auto Redaction aproveita a tecnologia de IA do software de Preven\u00e7\u00e3o de Perda de Dados do Google. Proteja dados confidenciais.","og_url":"https:\/\/xdoc.pt\/web\/xerox-auto-redaction\/","og_site_name":"XDOC - Equipamentos Escrit\u00f3rio, Lda","article_publisher":"https:\/\/www.facebook.com\/xdoc.pt","article_modified_time":"2021-11-22T14:38:16+00:00","og_image":[{"url":"https:\/\/xdoc.pt\/web\/wp-content\/uploads\/2021\/09\/auto-redaction-app.jpg","type":"","width":"","height":""}],"twitter_card":"summary_large_image","twitter_misc":{"Tempo estimado de leitura":"1 minuto"},"schema":{"@context":"https:\/\/schema.org","@graph":[{"@type":"WebPage","@id":"https:\/\/xdoc.pt\/web\/xerox-auto-redaction\/","url":"https:\/\/xdoc.pt\/web\/xerox-auto-redaction\/","name":"Xerox Auto Redaction - XDOC - Equipamentos Escrit\u00f3rio, Lda","isPartOf":{"@id":"https:\/\/xdoc.pt\/web\/#website"},"primaryImageOfPage":{"@id":"https:\/\/xdoc.pt\/web\/xerox-auto-redaction\/#primaryimage"},"image":{"@id":"https:\/\/xdoc.pt\/web\/xerox-auto-redaction\/#primaryimage"},"thumbnailUrl":"https:\/\/xdoc.pt\/web\/wp-content\/uploads\/2021\/09\/auto-redaction-app.jpg","datePublished":"2021-04-19T14:18:56+00:00","dateModified":"2021-11-22T14:38:16+00:00","description":"Xerox Auto Redaction aproveita a tecnologia de IA do software de Preven\u00e7\u00e3o de Perda de Dados do Google. Proteja dados confidenciais.","breadcrumb":{"@id":"https:\/\/xdoc.pt\/web\/xerox-auto-redaction\/#breadcrumb"},"inLanguage":"pt-PT","potentialAction":[{"@type":"ReadAction","target":["https:\/\/xdoc.pt\/web\/xerox-auto-redaction\/"]}]},{"@type":"ImageObject","inLanguage":"pt-PT","@id":"https:\/\/xdoc.pt\/web\/xerox-auto-redaction\/#primaryimage","url":"https:\/\/xdoc.pt\/web\/wp-content\/uploads\/2021\/09\/auto-redaction-app.jpg","contentUrl":"https:\/\/xdoc.pt\/web\/wp-content\/uploads\/2021\/09\/auto-redaction-app.jpg","width":800,"height":480},{"@type":"BreadcrumbList","@id":"https:\/\/xdoc.pt\/web\/xerox-auto-redaction\/#breadcrumb","itemListElement":[{"@type":"ListItem","position":1,"name":"In\u00edcio","item":"https:\/\/xdoc.pt\/web\/"},{"@type":"ListItem","position":2,"name":"Xerox Auto Redaction"}]},{"@type":"WebSite","@id":"https:\/\/xdoc.pt\/web\/#website","url":"https:\/\/xdoc.pt\/web\/","name":"XDOC - Equipamentos Escrit\u00f3rio, Lda","description":"Concession\u00e1rio Xerox, especializado em impress\u00e3o digital para empresas de \u00e1rea gr\u00e1fica desde a mais pequena impressora de mesa at\u00e9 \u00e0 produ\u00e7\u00e3o de grandes volumes em equipamentos vocacionados para produ\u00e7\u00e3o com e sem acabamento.","potentialAction":[{"@type":"SearchAction","target":{"@type":"EntryPoint","urlTemplate":"https:\/\/xdoc.pt\/web\/?s={search_term_string}"},"query-input":{"@type":"PropertyValueSpecification","valueRequired":true,"valueName":"search_term_string"}}],"inLanguage":"pt-PT"}]}},"_links":{"self":[{"href":"https:\/\/xdoc.pt\/web\/wp-json\/wp\/v2\/pages\/2192","targetHints":{"allow":["GET"]}}],"collection":[{"href":"https:\/\/xdoc.pt\/web\/wp-json\/wp\/v2\/pages"}],"about":[{"href":"https:\/\/xdoc.pt\/web\/wp-json\/wp\/v2\/types\/page"}],"author":[{"embeddable":true,"href":"https:\/\/xdoc.pt\/web\/wp-json\/wp\/v2\/users\/2"}],"replies":[{"embeddable":true,"href":"https:\/\/xdoc.pt\/web\/wp-json\/wp\/v2\/comments?post=2192"}],"version-history":[{"count":8,"href":"https:\/\/xdoc.pt\/web\/wp-json\/wp\/v2\/pages\/2192\/revisions"}],"predecessor-version":[{"id":2631,"href":"https:\/\/xdoc.pt\/web\/wp-json\/wp\/v2\/pages\/2192\/revisions\/2631"}],"wp:attachment":[{"href":"https:\/\/xdoc.pt\/web\/wp-json\/wp\/v2\/media?parent=2192"}],"curies":[{"name":"wp","href":"https:\/\/api.w.org\/{rel}","templated":true}]}}