{"id":2170,"date":"2021-04-19T13:28:13","date_gmt":"2021-04-19T13:28:13","guid":{"rendered":"https:\/\/xdoc.pt\/web\/?page_id=2170"},"modified":"2021-11-22T14:34:23","modified_gmt":"2021-11-22T14:34:23","slug":"xerox-app-gallery","status":"publish","type":"page","link":"https:\/\/xdoc.pt\/web\/xerox-app-gallery\/","title":{"rendered":"Xerox App Gallery"},"content":{"rendered":"<div class=\"xrx_sc_blurb\" style=\"text-align: left;\">\n<h3 style=\"color:#ff0000;\">Xerox App Gallery<\/h3>\n<p style=\"text-align:justify;\">A Xerox App Gallery a sua porta de entrada para um conjunto crescente de aplica\u00e7\u00f5es com <strong>f\u00e1cil download e instala\u00e7\u00e3o<\/strong> projetadas para transformar a forma como lida com documentos e dados.<\/p>\n<p style=\"text-align:justify;\">Simplifique esses processos demorados, repetitivos ou complexos, <strong>ampliando as capacidades da impressora<\/strong> de maneiras inesperadas. Com estas aplica\u00e7\u00f5es de f\u00e1cil utiliza\u00e7\u00e3o, a sua impressora com tecnologia Xerox\u00ae ConnectKey\u00ae ou MFP (impressora multifuncional) transforma-se num assistente <strong>bem conectado e sempre acess\u00edvel<\/strong> no local de trabalho.<\/p>\n<p style=\"text-align:justify;\">Tenha acesso imediato a uma cole\u00e7\u00e3o cada vez maior de aplica\u00e7\u00f5es, diretamente no dispositivo.<\/p>\n<\/div>\n<div style=\"margin-top:30px;text-align:justify;\">\n<strong style=\"font-size:20px;color:#ff0000;\">Principais fun\u00e7\u00f5es \/ caracter\u00edsticas<\/strong><\/p>\n<ul>\n<li>Menos etapas para o mesmo processo.<\/li>\n<li>Aumenta a produtividade dos neg\u00f3cios em geral.<\/li>\n<li>Reduz potenciais erros.<\/li>\n<li>Diminui os custos.<\/li>\n<li>Tecnologias f\u00e1ceis de utilizar.<\/li>\n<li>Seguran\u00e7a das informa\u00e7\u00f5es cr\u00edticas ao neg\u00f3cio aumentada gra\u00e7as \u00e0s conex\u00f5es diretas.<\/li>\n<li>Vem pr\u00e9 instalado em todos os dispositivos Xerox.<\/li>\n<li>Pode ser acedida atrav\u00e9s do computador.<\/li>\n<\/ul>\n<\/div>\n<p><img loading=\"lazy\" decoding=\"async\" class=\"aligncenter wp-image-2602 size-medium\" style=\"display:table; margin:auto;\" src=\"https:\/\/xdoc.pt\/web\/wp-content\/uploads\/2021\/09\/Xerox-App-Gallery.jpg\" alt=\"\" width=\"300\" height=\"212\"><\/p>\n<div style=\"padding:10px;background-color:#ed1c24;color:#fff;width:100px;\"><strong><a style=\"text-decoration:none;\" href=\"https:\/\/appgallery.services.xerox.com\/#!\/home\/app-details\/974d22ae-76df-470e-9749-fc6e4d477e55\" target=\"_blank\" rel=\"noopener\">Saber mais &gt; <\/a><\/strong><\/div>\n<div style=\"margin-top:5px;padding:10px;background-color:#ed1c24;color:#fff;width:100px;\"><strong><a style=\"text-decoration:none;\" href=\"https:\/\/xdoc.pt\/web\/wp-content\/uploads\/2021\/04\/Xerox App Gallery.PDF\" target=\"_blank\" rel=\"noopener\">Brochura &gt;<\/a><\/strong><\/div>\n","protected":false},"excerpt":{"rendered":"<p>Xerox App Gallery<br \/>\nA Xerox App Gallery a sua porta de entrada para um conjunto crescente de aplica\u00e7\u00f5es com f\u00e1cil download e instala\u00e7\u00e3o projetadas para transformar a forma como lida com documentos e dados.<br \/>\nSimplifique esses processos demorados, repetitivos ou complexos, ampliando as capacidades da impressora de maneiras inesperadas. Com estas aplica\u00e7\u00f5es de f\u00e1cil utiliza\u00e7\u00e3o, a sua impressora com tecnologia Xerox\u00ae ConnectKey\u00ae ou MFP (impressora multifuncional) transforma-se num assistente bem conectado e sempre acess\u00edvel no local de trabalho.<br \/>\nTenha acesso imediato a uma cole\u00e7\u00e3o cada vez maior de aplica\u00e7\u00f5es, diretamente no dispositivo.<\/p>\n<p>Principais fun\u00e7\u00f5es \/ caracter\u00edsticas<\/p>\n<p>Menos etapas para o mesmo processo.<br \/>\nAumenta a produtividade dos neg\u00f3cios em geral.<br \/>\nReduz potenciais erros.<br \/>\nDiminui os custos.<br \/>\nTecnologias f\u00e1ceis de utilizar.<br \/>\nSeguran\u00e7a das informa\u00e7\u00f5es cr\u00edticas ao neg\u00f3cio aumentada gra\u00e7as \u00e0s conex\u00f5es diretas.<br \/>\nVem [&#8230;]<\/p>\n","protected":false},"author":2,"featured_media":0,"parent":0,"menu_order":0,"comment_status":"closed","ping_status":"closed","template":"","meta":{"_monsterinsights_skip_tracking":false,"_monsterinsights_sitenote_active":false,"_monsterinsights_sitenote_note":"","_monsterinsights_sitenote_category":0,"footnotes":""},"class_list":["post-2170","page","type-page","status-publish","hentry"],"yoast_head":"<!-- This site is optimized with the Yoast SEO plugin v24.6 - https:\/\/yoast.com\/wordpress\/plugins\/seo\/ -->\n<title>Xerox App Gallery - XDOC - Equipamentos Escrit\u00f3rio, Lda<\/title>\n<meta name=\"description\" content=\"A Xerox App Gallery tem um conjunto crescente de aplica\u00e7\u00f5es com f\u00e1cil download e instala\u00e7\u00e3o. Simplifique esses processos demorados.\" \/>\n<meta name=\"robots\" content=\"index, follow, max-snippet:-1, max-image-preview:large, max-video-preview:-1\" \/>\n<link rel=\"canonical\" href=\"https:\/\/xdoc.pt\/web\/xerox-app-gallery\/\" \/>\n<meta property=\"og:locale\" content=\"pt_PT\" \/>\n<meta property=\"og:type\" content=\"article\" \/>\n<meta property=\"og:title\" content=\"Xerox App Gallery - XDOC - Equipamentos Escrit\u00f3rio, Lda\" \/>\n<meta property=\"og:description\" content=\"A Xerox App Gallery tem um conjunto crescente de aplica\u00e7\u00f5es com f\u00e1cil download e instala\u00e7\u00e3o. Simplifique esses processos demorados.\" \/>\n<meta property=\"og:url\" content=\"https:\/\/xdoc.pt\/web\/xerox-app-gallery\/\" \/>\n<meta property=\"og:site_name\" content=\"XDOC - Equipamentos Escrit\u00f3rio, Lda\" \/>\n<meta property=\"article:publisher\" content=\"https:\/\/www.facebook.com\/xdoc.pt\" \/>\n<meta property=\"article:modified_time\" content=\"2021-11-22T14:34:23+00:00\" \/>\n<meta property=\"og:image\" content=\"https:\/\/xdoc.pt\/web\/wp-content\/uploads\/2021\/09\/Xerox-App-Gallery.jpg\" \/>\n<meta name=\"twitter:card\" content=\"summary_large_image\" \/>\n<meta name=\"twitter:label1\" content=\"Tempo estimado de leitura\" \/>\n\t<meta name=\"twitter:data1\" content=\"1 minuto\" \/>\n<script type=\"application\/ld+json\" class=\"yoast-schema-graph\">{\"@context\":\"https:\/\/schema.org\",\"@graph\":[{\"@type\":\"WebPage\",\"@id\":\"https:\/\/xdoc.pt\/web\/xerox-app-gallery\/\",\"url\":\"https:\/\/xdoc.pt\/web\/xerox-app-gallery\/\",\"name\":\"Xerox App Gallery - XDOC - Equipamentos Escrit\u00f3rio, Lda\",\"isPartOf\":{\"@id\":\"https:\/\/xdoc.pt\/web\/#website\"},\"primaryImageOfPage\":{\"@id\":\"https:\/\/xdoc.pt\/web\/xerox-app-gallery\/#primaryimage\"},\"image\":{\"@id\":\"https:\/\/xdoc.pt\/web\/xerox-app-gallery\/#primaryimage\"},\"thumbnailUrl\":\"https:\/\/xdoc.pt\/web\/wp-content\/uploads\/2021\/09\/Xerox-App-Gallery.jpg\",\"datePublished\":\"2021-04-19T13:28:13+00:00\",\"dateModified\":\"2021-11-22T14:34:23+00:00\",\"description\":\"A Xerox App Gallery tem um conjunto crescente de aplica\u00e7\u00f5es com f\u00e1cil download e instala\u00e7\u00e3o. Simplifique esses processos demorados.\",\"breadcrumb\":{\"@id\":\"https:\/\/xdoc.pt\/web\/xerox-app-gallery\/#breadcrumb\"},\"inLanguage\":\"pt-PT\",\"potentialAction\":[{\"@type\":\"ReadAction\",\"target\":[\"https:\/\/xdoc.pt\/web\/xerox-app-gallery\/\"]}]},{\"@type\":\"ImageObject\",\"inLanguage\":\"pt-PT\",\"@id\":\"https:\/\/xdoc.pt\/web\/xerox-app-gallery\/#primaryimage\",\"url\":\"https:\/\/xdoc.pt\/web\/wp-content\/uploads\/2021\/09\/Xerox-App-Gallery.jpg\",\"contentUrl\":\"https:\/\/xdoc.pt\/web\/wp-content\/uploads\/2021\/09\/Xerox-App-Gallery.jpg\",\"width\":900,\"height\":380},{\"@type\":\"BreadcrumbList\",\"@id\":\"https:\/\/xdoc.pt\/web\/xerox-app-gallery\/#breadcrumb\",\"itemListElement\":[{\"@type\":\"ListItem\",\"position\":1,\"name\":\"In\u00edcio\",\"item\":\"https:\/\/xdoc.pt\/web\/\"},{\"@type\":\"ListItem\",\"position\":2,\"name\":\"Xerox App Gallery\"}]},{\"@type\":\"WebSite\",\"@id\":\"https:\/\/xdoc.pt\/web\/#website\",\"url\":\"https:\/\/xdoc.pt\/web\/\",\"name\":\"XDOC - Equipamentos Escrit\u00f3rio, Lda\",\"description\":\"Concession\u00e1rio Xerox, especializado em impress\u00e3o digital para empresas de \u00e1rea gr\u00e1fica desde a mais pequena impressora de mesa at\u00e9 \u00e0 produ\u00e7\u00e3o de grandes volumes em equipamentos vocacionados para produ\u00e7\u00e3o com e sem acabamento.\",\"potentialAction\":[{\"@type\":\"SearchAction\",\"target\":{\"@type\":\"EntryPoint\",\"urlTemplate\":\"https:\/\/xdoc.pt\/web\/?s={search_term_string}\"},\"query-input\":{\"@type\":\"PropertyValueSpecification\",\"valueRequired\":true,\"valueName\":\"search_term_string\"}}],\"inLanguage\":\"pt-PT\"}]}<\/script>\n<!-- \/ Yoast SEO plugin. -->","yoast_head_json":{"title":"Xerox App Gallery - XDOC - Equipamentos Escrit\u00f3rio, Lda","description":"A Xerox App Gallery tem um conjunto crescente de aplica\u00e7\u00f5es com f\u00e1cil download e instala\u00e7\u00e3o. Simplifique esses processos demorados.","robots":{"index":"index","follow":"follow","max-snippet":"max-snippet:-1","max-image-preview":"max-image-preview:large","max-video-preview":"max-video-preview:-1"},"canonical":"https:\/\/xdoc.pt\/web\/xerox-app-gallery\/","og_locale":"pt_PT","og_type":"article","og_title":"Xerox App Gallery - XDOC - Equipamentos Escrit\u00f3rio, Lda","og_description":"A Xerox App Gallery tem um conjunto crescente de aplica\u00e7\u00f5es com f\u00e1cil download e instala\u00e7\u00e3o. Simplifique esses processos demorados.","og_url":"https:\/\/xdoc.pt\/web\/xerox-app-gallery\/","og_site_name":"XDOC - Equipamentos Escrit\u00f3rio, Lda","article_publisher":"https:\/\/www.facebook.com\/xdoc.pt","article_modified_time":"2021-11-22T14:34:23+00:00","og_image":[{"url":"https:\/\/xdoc.pt\/web\/wp-content\/uploads\/2021\/09\/Xerox-App-Gallery.jpg","type":"","width":"","height":""}],"twitter_card":"summary_large_image","twitter_misc":{"Tempo estimado de leitura":"1 minuto"},"schema":{"@context":"https:\/\/schema.org","@graph":[{"@type":"WebPage","@id":"https:\/\/xdoc.pt\/web\/xerox-app-gallery\/","url":"https:\/\/xdoc.pt\/web\/xerox-app-gallery\/","name":"Xerox App Gallery - XDOC - Equipamentos Escrit\u00f3rio, Lda","isPartOf":{"@id":"https:\/\/xdoc.pt\/web\/#website"},"primaryImageOfPage":{"@id":"https:\/\/xdoc.pt\/web\/xerox-app-gallery\/#primaryimage"},"image":{"@id":"https:\/\/xdoc.pt\/web\/xerox-app-gallery\/#primaryimage"},"thumbnailUrl":"https:\/\/xdoc.pt\/web\/wp-content\/uploads\/2021\/09\/Xerox-App-Gallery.jpg","datePublished":"2021-04-19T13:28:13+00:00","dateModified":"2021-11-22T14:34:23+00:00","description":"A Xerox App Gallery tem um conjunto crescente de aplica\u00e7\u00f5es com f\u00e1cil download e instala\u00e7\u00e3o. Simplifique esses processos demorados.","breadcrumb":{"@id":"https:\/\/xdoc.pt\/web\/xerox-app-gallery\/#breadcrumb"},"inLanguage":"pt-PT","potentialAction":[{"@type":"ReadAction","target":["https:\/\/xdoc.pt\/web\/xerox-app-gallery\/"]}]},{"@type":"ImageObject","inLanguage":"pt-PT","@id":"https:\/\/xdoc.pt\/web\/xerox-app-gallery\/#primaryimage","url":"https:\/\/xdoc.pt\/web\/wp-content\/uploads\/2021\/09\/Xerox-App-Gallery.jpg","contentUrl":"https:\/\/xdoc.pt\/web\/wp-content\/uploads\/2021\/09\/Xerox-App-Gallery.jpg","width":900,"height":380},{"@type":"BreadcrumbList","@id":"https:\/\/xdoc.pt\/web\/xerox-app-gallery\/#breadcrumb","itemListElement":[{"@type":"ListItem","position":1,"name":"In\u00edcio","item":"https:\/\/xdoc.pt\/web\/"},{"@type":"ListItem","position":2,"name":"Xerox App Gallery"}]},{"@type":"WebSite","@id":"https:\/\/xdoc.pt\/web\/#website","url":"https:\/\/xdoc.pt\/web\/","name":"XDOC - Equipamentos Escrit\u00f3rio, Lda","description":"Concession\u00e1rio Xerox, especializado em impress\u00e3o digital para empresas de \u00e1rea gr\u00e1fica desde a mais pequena impressora de mesa at\u00e9 \u00e0 produ\u00e7\u00e3o de grandes volumes em equipamentos vocacionados para produ\u00e7\u00e3o com e sem acabamento.","potentialAction":[{"@type":"SearchAction","target":{"@type":"EntryPoint","urlTemplate":"https:\/\/xdoc.pt\/web\/?s={search_term_string}"},"query-input":{"@type":"PropertyValueSpecification","valueRequired":true,"valueName":"search_term_string"}}],"inLanguage":"pt-PT"}]}},"_links":{"self":[{"href":"https:\/\/xdoc.pt\/web\/wp-json\/wp\/v2\/pages\/2170","targetHints":{"allow":["GET"]}}],"collection":[{"href":"https:\/\/xdoc.pt\/web\/wp-json\/wp\/v2\/pages"}],"about":[{"href":"https:\/\/xdoc.pt\/web\/wp-json\/wp\/v2\/types\/page"}],"author":[{"embeddable":true,"href":"https:\/\/xdoc.pt\/web\/wp-json\/wp\/v2\/users\/2"}],"replies":[{"embeddable":true,"href":"https:\/\/xdoc.pt\/web\/wp-json\/wp\/v2\/comments?post=2170"}],"version-history":[{"count":9,"href":"https:\/\/xdoc.pt\/web\/wp-json\/wp\/v2\/pages\/2170\/revisions"}],"predecessor-version":[{"id":2628,"href":"https:\/\/xdoc.pt\/web\/wp-json\/wp\/v2\/pages\/2170\/revisions\/2628"}],"wp:attachment":[{"href":"https:\/\/xdoc.pt\/web\/wp-json\/wp\/v2\/media?parent=2170"}],"curies":[{"name":"wp","href":"https:\/\/api.w.org\/{rel}","templated":true}]}}