{"id":2112,"date":"2021-04-19T08:58:41","date_gmt":"2021-04-19T08:58:41","guid":{"rendered":"https:\/\/xdoc.pt\/web\/?page_id=2112"},"modified":"2021-11-22T14:23:08","modified_gmt":"2021-11-22T14:23:08","slug":"docushare","status":"publish","type":"page","link":"https:\/\/xdoc.pt\/web\/docushare\/","title":{"rendered":"DocuShare"},"content":{"rendered":"<div class=\"xrx_sc_blurb\" style=\"text-align: left;\">\n<h3 style=\"color:#ff0000;\">Xerox\u00ae DocuShare\u00ae<\/h3>\n<p style=\"text-align:justify;\">O Xerox\u00ae DocuShare\u00ae \u00e9 uma plataforma de <strong>gest\u00e3o dos conte\u00fados empresariais (ECM) m\u00f3vel<\/strong>, intuitiva e compat\u00edvel com a cloud. Pode ser implementada on-site para garantir maior controlo de TI, ou atrav\u00e9s de uma cloud privada e segura para beneficiar de maior mobilidade. Disponibiliza ferramentas robustas \u00e0s empresas para automatizarem os processos e enveredarem pela transforma\u00e7\u00e3o digital.<\/p>\n<\/div>\n<p><img loading=\"lazy\" decoding=\"async\" class=\"aligncenter wp-image-2593 size-medium\" style=\"display:table; margin:auto;width: 450px;\" src=\"https:\/\/xdoc.pt\/web\/wp-content\/uploads\/2021\/09\/docushare.jpg\" alt=\"\" width=\"300\" height=\"212\"><\/p>\n<div style=\"margin-top:30px;text-align:justify;\">\n<strong style=\"font-size:20px;color:#ff0000;\">Principais fun\u00e7\u00f5es \/ caracter\u00edsticas<\/strong><\/p>\n<p><strong style=\"font-size:15px;\">Automatiza\u00e7\u00e3o dos processos<\/strong><\/p>\n<ul>\n<li>Assuma o controlo da automatiza\u00e7\u00e3o dos processos. <strong>Ferramentas flex\u00edveis<\/strong> para utilizadores empresariais permitem-lhe <strong>configurar workflows<\/strong> com capacidades de encaminhamento intuitivas, regras de conte\u00fao automatizadas e gest\u00e3o avan\u00e7ada dos processos empresariais.<\/li>\n<li>O Xerox\u00ae DocuShare\u00ae Lifecycle Manager <strong>simplifica a atualiza\u00e7\u00e3o<\/strong> das informa\u00e7\u00f5es de import\u00e2ncia cr\u00edtica.<\/li>\n<\/ul>\n<p><strong style=\"font-size:15px;\">Captura<\/strong><\/p>\n<ul>\n<li>O suplemento DocuShare\u00ae Optical Character Recognition (OCR) permite-lhe <strong>transformar imagens digitalizadas em ficheiros PDF<\/strong>, documentos do Microsoft Office ou ficheiros de texto pesquis\u00e1veis e f\u00e1ceis de encontrar.<\/li>\n<li>O Enterprise Capture \u00e9 um servi\u00e7o que efetua a <strong>automatiza\u00e7\u00e3o integral dos workflows de digitaliza\u00e7\u00e3o<\/strong> de documentos para o DocuShare\u00ae. Ideal para o processamento de transa\u00e7\u00f5es de elevado volume com utiliza\u00e7\u00e3o intensiva de papel.<\/li>\n<\/ul>\n<p><strong style=\"font-size:15px;\">ConnectKey\u00ae for DocuShare\u00ae<\/strong><\/p>\n<ul>\n<li><strong>Digitaliza\u00e7\u00e3o de um s\u00f3 toque<\/strong>. Diretamente para os processos empresariais.<\/li>\n<li>O Xerox\u00ae ConnectKey\u00ae for DocuShare\u00ae \u00e9 um suplemento que lhe permite digitalizar documentos de impressoras multifun\u00e7\u00f5es Xerox\u00ae para processos automatizados de revis\u00e3o, aprova\u00e7\u00e3o ou armazenamento seguro. Basta selecionar o bot\u00e3o de digitaliza\u00e7\u00e3o personalizado, introduzir os metadados da sua base de dados e come\u00e7ar a digitalizar.<\/li>\n<\/ul>\n<p><strong style=\"font-size:15px;\">Aplica\u00e7\u00e3o para PC Desktop<\/strong><\/p>\n<ul>\n<li><strong>Integra\u00e7\u00e3o sem interrup\u00e7\u00f5es<\/strong> com computadores de secret\u00e1ria.<\/li>\n<li>O DocuShare\u00ae Drive permite-lhe aceder ao DocuShare\u00ae de um computador Microsoft Windows, do Microsoft Office ou de qualquer aplica\u00e7\u00e3o no seu computador. Depois de instalado, \u00e9 apresentado no computador como qualquer outra unidade ligada \u00e0 rede. Poder\u00e3o fazer drag and drop de ficheiros, guardar e abrir ficheiros no e do DocuShare\u00ae e efetuar atividades DocuShare\u00ae chave no Windows.<\/li>\n<\/ul>\n<p><strong style=\"font-size:15px;\">Servi\u00e7o de cloud privada<\/strong><\/p>\n<ul>\n<li>O Xerox\u00ae DocuShare\u00ae Private Cloud Service \u00e9 a forma <strong>segura e simples de partilhar, aceder a e gerir informa\u00e7\u00e3o na cloud<\/strong>. Oferece todas as vantagens da solu\u00e7\u00e3o de ECM e automatiza\u00e7\u00e3o do DocuShare\u00ae, numa solu\u00e7\u00e3o de utiliza\u00e7\u00e3o m\u00f3vel e f\u00e1cil de implementar.<\/li>\n<\/ul>\n<p><strong style=\"font-size:15px;\">Aplica\u00e7\u00f5es m\u00f3veis<\/strong><\/p>\n<ul>\n<li>O DocuShare\u00ae permite-lhe <strong>capturar, gerir, obter e distribuir conte\u00fados em movimento<\/strong>, de qualquer dispositivo m\u00f3vel. Utilize a interface flex\u00ed\u00advel e de utiliza\u00e7\u00e3o m\u00f3vel. Ou aceda a conte\u00fados com a aplica\u00e7\u00e3o m\u00f3vel DocuShare\u00ae gratuita para iOS e Android.<\/li>\n<\/ul>\n<p><strong style=\"font-size:15px;\">Integra\u00e7\u00e3o das aplica\u00e7\u00f5es<\/strong><\/p>\n<ul>\n<li>Estabele\u00e7a liga\u00e7\u00f5es imediatas.<\/li>\n<li>Com o suplemento Application Connector, pode aceder de imediato a documentos, imagens e outros conte\u00fados empresariais, geridos de forma segura no DocuShare, a partir de <strong>aplica\u00e7\u00f5es externas que utiliza todos os dias<\/strong>. Inclui aplica\u00e7\u00f5es de gest\u00e3o da rela\u00e7\u00e3o com os clientes (CRM) e de planeamento dos recursos empresariais (ERP).<\/li>\n<\/ul>\n<div style=\"padding:10px;background-color:#ed1c24;color:#fff;width:100px;\"><strong><a style=\"text-decoration:none;\" href=\"https:\/\/www.xerox.com\/pt-pt\/empresa-de-servicos\/solucoes-de-gestao-de-conteudo-corporativo\/docushare\" target=\"_blank\" rel=\"noopener\">Saber mais &gt; <\/a><\/strong><\/div>\n<div style=\"margin-top:5px;padding:10px;background-color:#ed1c24;color:#fff;width:165px;\"><strong><a style=\"text-decoration:none;\" href=\"https:\/\/xdoc.pt\/web\/wp-content\/uploads\/2021\/04\/Docushare-Brochure_PT.pdf\" target=\"_blank\" rel=\"noopener\">Brochura DocuShare &gt;<\/a><\/strong><\/div>\n<\/div>\n","protected":false},"excerpt":{"rendered":"<p>Xerox\u00ae DocuShare\u00ae<br \/>\nO Xerox\u00ae DocuShare\u00ae \u00e9 uma plataforma de gest\u00e3o dos conte\u00fados empresariais (ECM) m\u00f3vel, intuitiva e compat\u00edvel com a cloud. Pode ser implementada on-site para garantir maior controlo de TI, ou atrav\u00e9s de uma cloud privada e segura para beneficiar de maior mobilidade. Disponibiliza ferramentas robustas \u00e0s empresas para automatizarem os processos e enveredarem pela transforma\u00e7\u00e3o digital.<\/p>\n<p><img loading=\"lazy\" decoding=\"async\" class=\"aligncenter wp-image-2593 size-medium\" style=\"display:table; margin:auto;width: 450px;\" src=\"https:\/\/xdoc.pt\/web\/wp-content\/uploads\/2021\/09\/docushare.jpg\" alt=\"\" width=\"300\" height=\"212\"><\/p>\n<p>Principais fun\u00e7\u00f5es \/ caracter\u00edsticas<br \/>\nAutomatiza\u00e7\u00e3o dos processos<\/p>\n<p>Assuma o controlo da automatiza\u00e7\u00e3o dos processos. Ferramentas flex\u00edveis para utilizadores empresariais permitem-lhe configurar workflows com capacidades de encaminhamento intuitivas, regras de conte\u00fao automatizadas e gest\u00e3o avan\u00e7ada dos processos empresariais.<br \/>\nO Xerox\u00ae DocuShare\u00ae Lifecycle Manager simplifica a atualiza\u00e7\u00e3o das informa\u00e7\u00f5es de import\u00e2ncia cr\u00edtica.<\/p>\n<p>Captura<\/p>\n<p>O suplemento DocuShare\u00ae Optical Character Recognition [&#8230;]<\/p>\n","protected":false},"author":2,"featured_media":0,"parent":0,"menu_order":0,"comment_status":"closed","ping_status":"closed","template":"","meta":{"_monsterinsights_skip_tracking":false,"_monsterinsights_sitenote_active":false,"_monsterinsights_sitenote_note":"","_monsterinsights_sitenote_category":0,"footnotes":""},"class_list":["post-2112","page","type-page","status-publish","hentry"],"yoast_head":"<!-- This site is optimized with the Yoast SEO plugin v24.6 - https:\/\/yoast.com\/wordpress\/plugins\/seo\/ -->\n<title>DocuShare - XDOC - Equipamentos Escrit\u00f3rio, Lda<\/title>\n<meta name=\"description\" content=\"Xerox\u00ae DocuShare\u00ae \u00e9 uma plataforma de gest\u00e3o dos conte\u00fados empresariais (ECM) m\u00f3vel, intuitiva e compat\u00ed\u00advel com a cloud.\" \/>\n<meta name=\"robots\" content=\"index, follow, max-snippet:-1, max-image-preview:large, max-video-preview:-1\" \/>\n<link rel=\"canonical\" href=\"https:\/\/xdoc.pt\/web\/docushare\/\" \/>\n<meta property=\"og:locale\" content=\"pt_PT\" \/>\n<meta property=\"og:type\" content=\"article\" \/>\n<meta property=\"og:title\" content=\"DocuShare - XDOC - Equipamentos Escrit\u00f3rio, Lda\" \/>\n<meta property=\"og:description\" content=\"Xerox\u00ae DocuShare\u00ae \u00e9 uma plataforma de gest\u00e3o dos conte\u00fados empresariais (ECM) m\u00f3vel, intuitiva e compat\u00ed\u00advel com a cloud.\" \/>\n<meta property=\"og:url\" content=\"https:\/\/xdoc.pt\/web\/docushare\/\" \/>\n<meta property=\"og:site_name\" content=\"XDOC - Equipamentos Escrit\u00f3rio, Lda\" \/>\n<meta property=\"article:publisher\" content=\"https:\/\/www.facebook.com\/xdoc.pt\" \/>\n<meta property=\"article:modified_time\" content=\"2021-11-22T14:23:08+00:00\" \/>\n<meta property=\"og:image\" content=\"https:\/\/xdoc.pt\/web\/wp-content\/uploads\/2021\/09\/docushare.jpg\" \/>\n<meta name=\"twitter:card\" content=\"summary_large_image\" \/>\n<meta name=\"twitter:label1\" content=\"Tempo estimado de leitura\" \/>\n\t<meta name=\"twitter:data1\" content=\"3 minutos\" \/>\n<script type=\"application\/ld+json\" class=\"yoast-schema-graph\">{\"@context\":\"https:\/\/schema.org\",\"@graph\":[{\"@type\":\"WebPage\",\"@id\":\"https:\/\/xdoc.pt\/web\/docushare\/\",\"url\":\"https:\/\/xdoc.pt\/web\/docushare\/\",\"name\":\"DocuShare - XDOC - Equipamentos Escrit\u00f3rio, Lda\",\"isPartOf\":{\"@id\":\"https:\/\/xdoc.pt\/web\/#website\"},\"primaryImageOfPage\":{\"@id\":\"https:\/\/xdoc.pt\/web\/docushare\/#primaryimage\"},\"image\":{\"@id\":\"https:\/\/xdoc.pt\/web\/docushare\/#primaryimage\"},\"thumbnailUrl\":\"https:\/\/xdoc.pt\/web\/wp-content\/uploads\/2021\/09\/docushare.jpg\",\"datePublished\":\"2021-04-19T08:58:41+00:00\",\"dateModified\":\"2021-11-22T14:23:08+00:00\",\"description\":\"Xerox\u00ae DocuShare\u00ae \u00e9 uma plataforma de gest\u00e3o dos conte\u00fados empresariais (ECM) m\u00f3vel, intuitiva e compat\u00ed\u00advel com a cloud.\",\"breadcrumb\":{\"@id\":\"https:\/\/xdoc.pt\/web\/docushare\/#breadcrumb\"},\"inLanguage\":\"pt-PT\",\"potentialAction\":[{\"@type\":\"ReadAction\",\"target\":[\"https:\/\/xdoc.pt\/web\/docushare\/\"]}]},{\"@type\":\"ImageObject\",\"inLanguage\":\"pt-PT\",\"@id\":\"https:\/\/xdoc.pt\/web\/docushare\/#primaryimage\",\"url\":\"https:\/\/xdoc.pt\/web\/wp-content\/uploads\/2021\/09\/docushare.jpg\",\"contentUrl\":\"https:\/\/xdoc.pt\/web\/wp-content\/uploads\/2021\/09\/docushare.jpg\",\"width\":800,\"height\":432},{\"@type\":\"BreadcrumbList\",\"@id\":\"https:\/\/xdoc.pt\/web\/docushare\/#breadcrumb\",\"itemListElement\":[{\"@type\":\"ListItem\",\"position\":1,\"name\":\"In\u00edcio\",\"item\":\"https:\/\/xdoc.pt\/web\/\"},{\"@type\":\"ListItem\",\"position\":2,\"name\":\"DocuShare\"}]},{\"@type\":\"WebSite\",\"@id\":\"https:\/\/xdoc.pt\/web\/#website\",\"url\":\"https:\/\/xdoc.pt\/web\/\",\"name\":\"XDOC - Equipamentos Escrit\u00f3rio, Lda\",\"description\":\"Concession\u00e1rio Xerox, especializado em impress\u00e3o digital para empresas de \u00e1rea gr\u00e1fica desde a mais pequena impressora de mesa at\u00e9 \u00e0 produ\u00e7\u00e3o de grandes volumes em equipamentos vocacionados para produ\u00e7\u00e3o com e sem acabamento.\",\"potentialAction\":[{\"@type\":\"SearchAction\",\"target\":{\"@type\":\"EntryPoint\",\"urlTemplate\":\"https:\/\/xdoc.pt\/web\/?s={search_term_string}\"},\"query-input\":{\"@type\":\"PropertyValueSpecification\",\"valueRequired\":true,\"valueName\":\"search_term_string\"}}],\"inLanguage\":\"pt-PT\"}]}<\/script>\n<!-- \/ Yoast SEO plugin. -->","yoast_head_json":{"title":"DocuShare - XDOC - Equipamentos Escrit\u00f3rio, Lda","description":"Xerox\u00ae DocuShare\u00ae \u00e9 uma plataforma de gest\u00e3o dos conte\u00fados empresariais (ECM) m\u00f3vel, intuitiva e compat\u00ed\u00advel com a cloud.","robots":{"index":"index","follow":"follow","max-snippet":"max-snippet:-1","max-image-preview":"max-image-preview:large","max-video-preview":"max-video-preview:-1"},"canonical":"https:\/\/xdoc.pt\/web\/docushare\/","og_locale":"pt_PT","og_type":"article","og_title":"DocuShare - XDOC - Equipamentos Escrit\u00f3rio, Lda","og_description":"Xerox\u00ae DocuShare\u00ae \u00e9 uma plataforma de gest\u00e3o dos conte\u00fados empresariais (ECM) m\u00f3vel, intuitiva e compat\u00ed\u00advel com a cloud.","og_url":"https:\/\/xdoc.pt\/web\/docushare\/","og_site_name":"XDOC - Equipamentos Escrit\u00f3rio, Lda","article_publisher":"https:\/\/www.facebook.com\/xdoc.pt","article_modified_time":"2021-11-22T14:23:08+00:00","og_image":[{"url":"https:\/\/xdoc.pt\/web\/wp-content\/uploads\/2021\/09\/docushare.jpg","type":"","width":"","height":""}],"twitter_card":"summary_large_image","twitter_misc":{"Tempo estimado de leitura":"3 minutos"},"schema":{"@context":"https:\/\/schema.org","@graph":[{"@type":"WebPage","@id":"https:\/\/xdoc.pt\/web\/docushare\/","url":"https:\/\/xdoc.pt\/web\/docushare\/","name":"DocuShare - XDOC - Equipamentos Escrit\u00f3rio, Lda","isPartOf":{"@id":"https:\/\/xdoc.pt\/web\/#website"},"primaryImageOfPage":{"@id":"https:\/\/xdoc.pt\/web\/docushare\/#primaryimage"},"image":{"@id":"https:\/\/xdoc.pt\/web\/docushare\/#primaryimage"},"thumbnailUrl":"https:\/\/xdoc.pt\/web\/wp-content\/uploads\/2021\/09\/docushare.jpg","datePublished":"2021-04-19T08:58:41+00:00","dateModified":"2021-11-22T14:23:08+00:00","description":"Xerox\u00ae DocuShare\u00ae \u00e9 uma plataforma de gest\u00e3o dos conte\u00fados empresariais (ECM) m\u00f3vel, intuitiva e compat\u00ed\u00advel com a cloud.","breadcrumb":{"@id":"https:\/\/xdoc.pt\/web\/docushare\/#breadcrumb"},"inLanguage":"pt-PT","potentialAction":[{"@type":"ReadAction","target":["https:\/\/xdoc.pt\/web\/docushare\/"]}]},{"@type":"ImageObject","inLanguage":"pt-PT","@id":"https:\/\/xdoc.pt\/web\/docushare\/#primaryimage","url":"https:\/\/xdoc.pt\/web\/wp-content\/uploads\/2021\/09\/docushare.jpg","contentUrl":"https:\/\/xdoc.pt\/web\/wp-content\/uploads\/2021\/09\/docushare.jpg","width":800,"height":432},{"@type":"BreadcrumbList","@id":"https:\/\/xdoc.pt\/web\/docushare\/#breadcrumb","itemListElement":[{"@type":"ListItem","position":1,"name":"In\u00edcio","item":"https:\/\/xdoc.pt\/web\/"},{"@type":"ListItem","position":2,"name":"DocuShare"}]},{"@type":"WebSite","@id":"https:\/\/xdoc.pt\/web\/#website","url":"https:\/\/xdoc.pt\/web\/","name":"XDOC - Equipamentos Escrit\u00f3rio, Lda","description":"Concession\u00e1rio Xerox, especializado em impress\u00e3o digital para empresas de \u00e1rea gr\u00e1fica desde a mais pequena impressora de mesa at\u00e9 \u00e0 produ\u00e7\u00e3o de grandes volumes em equipamentos vocacionados para produ\u00e7\u00e3o com e sem acabamento.","potentialAction":[{"@type":"SearchAction","target":{"@type":"EntryPoint","urlTemplate":"https:\/\/xdoc.pt\/web\/?s={search_term_string}"},"query-input":{"@type":"PropertyValueSpecification","valueRequired":true,"valueName":"search_term_string"}}],"inLanguage":"pt-PT"}]}},"_links":{"self":[{"href":"https:\/\/xdoc.pt\/web\/wp-json\/wp\/v2\/pages\/2112","targetHints":{"allow":["GET"]}}],"collection":[{"href":"https:\/\/xdoc.pt\/web\/wp-json\/wp\/v2\/pages"}],"about":[{"href":"https:\/\/xdoc.pt\/web\/wp-json\/wp\/v2\/types\/page"}],"author":[{"embeddable":true,"href":"https:\/\/xdoc.pt\/web\/wp-json\/wp\/v2\/users\/2"}],"replies":[{"embeddable":true,"href":"https:\/\/xdoc.pt\/web\/wp-json\/wp\/v2\/comments?post=2112"}],"version-history":[{"count":12,"href":"https:\/\/xdoc.pt\/web\/wp-json\/wp\/v2\/pages\/2112\/revisions"}],"predecessor-version":[{"id":2617,"href":"https:\/\/xdoc.pt\/web\/wp-json\/wp\/v2\/pages\/2112\/revisions\/2617"}],"wp:attachment":[{"href":"https:\/\/xdoc.pt\/web\/wp-json\/wp\/v2\/media?parent=2112"}],"curies":[{"name":"wp","href":"https:\/\/api.w.org\/{rel}","templated":true}]}}