{"id":2095,"date":"2021-04-16T16:15:39","date_gmt":"2021-04-16T16:15:39","guid":{"rendered":"https:\/\/xdoc.pt\/web\/?page_id=2095"},"modified":"2021-11-22T14:22:16","modified_gmt":"2021-11-22T14:22:16","slug":"xerox-workplace-cloud","status":"publish","type":"page","link":"https:\/\/xdoc.pt\/web\/xerox-workplace-cloud\/","title":{"rendered":"Xerox Workplace Cloud"},"content":{"rendered":"<div class=\"xrx_sc_blurb\" style=\"text-align: left;\">\n<h3 style=\"color:#ff0000;\">Xerox\u00ae Workplace Cloud<\/h3>\n<p style=\"text-align:justify;\">Xerox Workplace Cloud oferece <strong>autentica\u00e7\u00e3o, gest\u00e3o de impress\u00e3o, controlo de custos e workflows em mobilidade<\/strong>. Esta plataforma \u00e9 ideal para clientes que pretendem reduzir a infraestrutura de rede local ou gerir impressoras em v\u00e1rios locais e redes. \u00c9 f\u00e1cil de instalar e utilizar e, como est\u00e1 hospedada na cloud, todas as atualiza\u00e7\u00f5es e patches s\u00e3o geridos pela Xerox. Assim, liberta os seus recursos inform\u00e1ticos, mantendo ao mesmo tempo a m\u00e1xima seguran\u00e7a de que n\u00e3o abdica.<\/p>\n<\/div>\n<p><img loading=\"lazy\" decoding=\"async\" class=\"aligncenter wp-image-2591 size-medium\" style=\"display:table; margin:auto;width: 450px;\" src=\"https:\/\/xdoc.pt\/web\/wp-content\/uploads\/2021\/09\/cloud.jpg\" alt=\"\" width=\"300\" height=\"212\" srcset=\"https:\/\/xdoc.pt\/web\/wp-content\/uploads\/2021\/09\/cloud.jpg 969w, https:\/\/xdoc.pt\/web\/wp-content\/uploads\/2021\/09\/cloud-300x212.jpg 300w, https:\/\/xdoc.pt\/web\/wp-content\/uploads\/2021\/09\/cloud-768x544.jpg 768w\" sizes=\"auto, (max-width: 300px) 100vw, 300px\" \/><\/p>\n<div style=\"margin-top:30px;text-align:justify;\">\n<strong style=\"font-size:20px;color:#ff0000;\">Principais fun\u00e7\u00f5es \/ caracter\u00edsticas<\/strong><\/p>\n<p><strong style=\"font-size:15px;\">Autentica\u00e7\u00e3o e controlo do acesso<\/strong><\/p>\n<ul>\n<li>As op\u00e7\u00f5es de autentica\u00e7\u00e3o s\u00e3o compat\u00ed\u00adveis com um vasto conjunto de <strong>leitores e cart\u00f5es standard<\/strong> de mercado.<\/li>\n<li>Escolha a autentica\u00e7\u00e3o <strong>por cart\u00e3o, sem cart\u00e3o ou atrav\u00e9s de dispositivo m\u00f3vel<\/strong>, usando o NFC, a aplica\u00e7\u00e3o Xerox\u00ae Print Portal e um c\u00f3digo QR para desbloquear os dispositivos.<\/li>\n<li>Aplique regras essenciais de impres\u00e3o para assumir o <strong>controlo dos custos<\/strong> e limitar o acesso aos dispositivos\/funcionalidades ao n\u00edvel do utilizador\/grupo.<\/li>\n<li>Capacidade de registo \u00fanico (SSO) a qualquer aplica\u00e7\u00e3o compat\u00edvel com SSO na sua impressora, como aplica\u00e7\u00f5es de liga\u00e7\u00e3o \u00e0 cloud e muito mais.<\/li>\n<li>Autentique de forma conveniente na impressora com o seu <strong>cart\u00e3o de identifica\u00e7\u00e3o, dispositivo m\u00f3vel ou credenciais<\/strong>. Aceda com seguran\u00e7a a todas as suas aplica\u00e7\u00f5es de MFP compat\u00edveis com SSO sem ter de efetuar mais nenhum registo moroso.<\/li>\n<\/ul>\n<p><strong style=\"font-size:15px;\">Impress\u00e3o m\u00f3vel<\/strong><\/p>\n<ul>\n<li>Torne a impress\u00e3o a partir de dispositivos m\u00f3veis <strong>flex\u00ed\u00advel e f\u00e1cil<\/strong>.<\/li>\n<li>Envie trabalhos de impress\u00e3o a partir de dispositivos Windows OS, Google Chromebooks, Mac OS, Linux e impress\u00e3o de aplica\u00e7\u00f5es m\u00f3veis para tablets iOS, Android e Windows Surface.<\/li>\n<li>Com um workflow de impress\u00e3o pull\/follow tradicional, envie trabalhos para <strong>uma \u00fanica fila de espera<\/strong> para disponibiliza\u00e7\u00e3o e recupera\u00e7\u00e3o quando estiver pronto para recolher os documentos.<\/li>\n<\/ul>\n<p><strong style=\"font-size:15px;\">Contabilidade, relat\u00f3rios e regras<\/strong><\/p>\n<ul>\n<li>Os administradores podem monitorizar de perto a impress\u00e3o em toda a organiza\u00e7\u00e3o com capacidades consolidadas de <strong>contabilidade e relat\u00f3rios a n\u00edvel do parque de impressoras<\/strong>.<\/li>\n<li>O painel de consulta r\u00e1pida oferece uma <strong>an\u00e1lise imediata da atividade e estado de impress\u00e3o<\/strong>.<\/li>\n<li>A capacidade para ver os principais utilizadores ou o modo de utiliza\u00e7\u00e3o ajuda os administradores a <strong>controlar os custos<\/strong>.<\/li>\n<\/ul>\n<\/div>\n<div style=\"margin-top:30px;\">\n<strong style=\"margin-top:20px;font-size:20px;color:#ff0000;\">Vantagens<\/strong><\/p>\n<ul>\n<li>A Xerox Workplace Cloud <strong>f\u00e1cil de instalar<\/strong> e utilizar e, como est\u00e1 hospedada na cloud, todas as atualiza\u00e7\u00f5es e patches s\u00e3o geridos pela Xerox.<\/li>\n<li><strong>Liberta os seus recursos inform\u00e1ticos<\/strong>, permitindo-lhes que se concentrem no seu core business.<\/li>\n<li>Acabaram as preocupa\u00e7\u00f5es com a gest\u00e3o de aplica\u00e7\u00f5es para equipamentos m\u00f3veis espec\u00ed\u00adficos. Disp\u00f5e de mais op\u00e7\u00f5es para <strong>imprimir onde e quando quiser<\/strong>.<\/li>\n<li>Sem necessidade de gerir drivers exclusivos para os diferentes equipamentos de impress\u00e3o da sua organiza\u00e7\u00e3o.<\/li>\n<li><strong>Pequena dimens\u00e3o<\/strong> reduzindo os servidores e os recursos para geri-los.<\/li>\n<\/ul>\n<\/div>\n<div style=\"margin-top:30px;\">\n<strong style=\"margin-top:20px;font-size:20px;color:#ff0000;\">Produtos Compat\u00ed\u00adveis<\/strong><\/p>\n<p><a class=\"ck-twof__cta\" href=\"https:\/\/xdoc.pt\/web\/versalink-b405-2\/\" target=\"_blank\" rel=\"noopener\" style=\"color:black !important;\">VersaLink\u00ae B405 &gt; <\/a>  <a class=\"ck-twof__cta\" href=\"https:\/\/xdoc.pt\/web\/versalink-b605-b615\/\" target=\"_blank\" rel=\"noopener\" style=\"color:black !important;\">VersaLink\u00ae B605\/B615 &gt; <\/a>  <a class=\"ck-twof__cta\" href=\"https:\/\/xdoc.pt\/web\/versalink-c405-2\/\" target=\"_blank\" rel=\"noopener\" style=\"color:black !important;\">VersaLink\u00ae C405 &gt; <\/a>  <a class=\"ck-twof__cta\" href=\"https:\/\/xdoc.pt\/web\/versalink-c505-2\/\" target=\"_blank\" rel=\"noopener\" style=\"color:black !important;\">VersaLink\u00ae C505 &gt; <\/a>  <a class=\"ck-twof__cta\" href=\"https:\/\/xdoc.pt\/web\/versalink-c605-2\/\" target=\"_blank\" rel=\"noopener\" style=\"color:black !important;\">VersaLink\u00ae C605 &gt; <\/a>  <a class=\"ck-twof__cta\" href=\"https:\/\/xdoc.pt\/web\/versalink-b400-2\/\" target=\"_blank\" rel=\"noopener\" style=\"color:black !important;\">VersaLink\u00ae B400 &gt; <\/a><br \/>\n<a class=\"ck-twof__cta\" href=\"https:\/\/xdoc.pt\/web\/versalink-b600-b610\/\" target=\"_blank\" rel=\"noopener\" style=\"color:black !important;\">VersaLink\u00ae B600\/B610 &gt; <\/a>  <a class=\"ck-twof__cta\" href=\"https:\/\/xdoc.pt\/web\/versalink-c400-2\/\" target=\"_blank\" rel=\"noopener\" style=\"color:black !important;\">VersaLink\u00ae C400 &gt; <\/a>  <a class=\"ck-twof__cta\" href=\"https:\/\/xdoc.pt\/web\/versalink-c500-2\/\" target=\"_blank\" rel=\"noopener\" style=\"color:black !important;\">VersaLink\u00ae C500 &gt; <\/a>  <a class=\"ck-twof__cta\" href=\"https:\/\/xdoc.pt\/web\/versalink-c600-2\/\" target=\"_blank\" rel=\"noopener\" style=\"color:black !important;\">VersaLink\u00ae C600 &gt; <\/a>  <a class=\"ck-twof__cta\" href=\"https:\/\/xdoc.pt\/web\/versalink-c7000-2\/\" target=\"_blank\" rel=\"noopener\" style=\"color:black !important;\">VersaLink\u00ae C7000 &gt; <\/a><\/p>\n<\/div>\n<div style=\"padding:10px;background-color:#ed1c24;color:#fff;width:100px;\"><strong><a style=\"text-decoration:none;\" href=\"https:\/\/www.office.xerox.com\/pt-pt\/software-solutions\/xerox-workplace-cloud?_ga=2.142301361.201377497.1618418591-1671085846.1559570574\" target=\"_blank\" rel=\"noopener\">Saber mais &gt; <\/a><\/strong><\/div>\n<div style=\"margin-top:5px;padding:10px;background-color:#ed1c24;color:#fff;width:205px;\"><strong><a style=\"text-decoration:none;\" href=\"https:\/\/xdoc.pt\/web\/wp-content\/uploads\/2021\/04\/Workplace-Solutions-Cloud.pdf\" target=\"_blank\" rel=\"noopener\">Brochura Workplace Cloud &gt; <\/a><\/strong><\/div>\n<div style=\"margin-top:5px;padding:10px;background-color:#ed1c24;color:#fff;width:230px;\"><strong><a style=\"text-decoration:none;\" href=\"https:\/\/xdoc.pt\/web\/wp-content\/uploads\/2021\/04\/Workplace-Solutions.pdf\" target=\"_blank\" rel=\"noopener\">Brochura Workplace Solutions &gt; <\/a><\/strong><\/div>\n","protected":false},"excerpt":{"rendered":"<p>Xerox\u00ae Workplace Cloud<br \/>\nXerox Workplace Cloud oferece autentica\u00e7\u00e3o, gest\u00e3o de impress\u00e3o, controlo de custos e workflows em mobilidade. Esta plataforma \u00e9 ideal para clientes que pretendem reduzir a infraestrutura de rede local ou gerir impressoras em v\u00e1rios locais e redes. \u00c9 f\u00e1cil de instalar e utilizar e, como est\u00e1 hospedada na cloud, todas as atualiza\u00e7\u00f5es e patches s\u00e3o geridos pela Xerox. Assim, liberta os seus recursos inform\u00e1ticos, mantendo ao mesmo tempo a m\u00e1xima seguran\u00e7a de que n\u00e3o abdica.<\/p>\n<p><img loading=\"lazy\" decoding=\"async\" class=\"aligncenter wp-image-2591 size-medium\" style=\"display:table; margin:auto;width: 450px;\" src=\"https:\/\/xdoc.pt\/web\/wp-content\/uploads\/2021\/09\/cloud.jpg\" alt=\"\" width=\"300\" height=\"212\" srcset=\"https:\/\/xdoc.pt\/web\/wp-content\/uploads\/2021\/09\/cloud.jpg 969w, https:\/\/xdoc.pt\/web\/wp-content\/uploads\/2021\/09\/cloud-300x212.jpg 300w, https:\/\/xdoc.pt\/web\/wp-content\/uploads\/2021\/09\/cloud-768x544.jpg 768w\" sizes=\"auto, (max-width: 300px) 100vw, 300px\" \/><\/p>\n<p>Principais fun\u00e7\u00f5es \/ caracter\u00edsticas<br \/>\nAutentica\u00e7\u00e3o e controlo do acesso<\/p>\n<p>As op\u00e7\u00f5es de autentica\u00e7\u00e3o s\u00e3o compat\u00ed\u00adveis com um vasto conjunto de leitores e [&#8230;]<\/p>\n","protected":false},"author":2,"featured_media":0,"parent":0,"menu_order":0,"comment_status":"closed","ping_status":"closed","template":"","meta":{"_monsterinsights_skip_tracking":false,"_monsterinsights_sitenote_active":false,"_monsterinsights_sitenote_note":"","_monsterinsights_sitenote_category":0,"footnotes":""},"class_list":["post-2095","page","type-page","status-publish","hentry"],"yoast_head":"<!-- This site is optimized with the Yoast SEO plugin v24.6 - https:\/\/yoast.com\/wordpress\/plugins\/seo\/ -->\n<title>Xerox Workplace Cloud - XDOC - Equipamentos Escrit\u00f3rio, Lda<\/title>\n<meta name=\"description\" content=\"Xerox Workplace Cloud \u00e9 ideal para clientes que pretendem reduzir a infraestrutura de rede local ou gerir impressoras em v\u00e1rios locais\/redes\" \/>\n<meta name=\"robots\" content=\"index, follow, max-snippet:-1, max-image-preview:large, max-video-preview:-1\" \/>\n<link rel=\"canonical\" href=\"https:\/\/xdoc.pt\/web\/xerox-workplace-cloud\/\" \/>\n<meta property=\"og:locale\" content=\"pt_PT\" \/>\n<meta property=\"og:type\" content=\"article\" \/>\n<meta property=\"og:title\" content=\"Xerox Workplace Cloud - XDOC - Equipamentos Escrit\u00f3rio, Lda\" \/>\n<meta property=\"og:description\" content=\"Xerox Workplace Cloud \u00e9 ideal para clientes que pretendem reduzir a infraestrutura de rede local ou gerir impressoras em v\u00e1rios locais\/redes\" \/>\n<meta property=\"og:url\" content=\"https:\/\/xdoc.pt\/web\/xerox-workplace-cloud\/\" \/>\n<meta property=\"og:site_name\" content=\"XDOC - Equipamentos Escrit\u00f3rio, Lda\" \/>\n<meta property=\"article:publisher\" content=\"https:\/\/www.facebook.com\/xdoc.pt\" \/>\n<meta property=\"article:modified_time\" content=\"2021-11-22T14:22:16+00:00\" \/>\n<meta property=\"og:image\" content=\"https:\/\/xdoc.pt\/web\/wp-content\/uploads\/2021\/09\/cloud.jpg\" \/>\n<meta name=\"twitter:card\" content=\"summary_large_image\" \/>\n<meta name=\"twitter:label1\" content=\"Tempo estimado de leitura\" \/>\n\t<meta name=\"twitter:data1\" content=\"3 minutos\" \/>\n<script type=\"application\/ld+json\" class=\"yoast-schema-graph\">{\"@context\":\"https:\/\/schema.org\",\"@graph\":[{\"@type\":\"WebPage\",\"@id\":\"https:\/\/xdoc.pt\/web\/xerox-workplace-cloud\/\",\"url\":\"https:\/\/xdoc.pt\/web\/xerox-workplace-cloud\/\",\"name\":\"Xerox Workplace Cloud - XDOC - Equipamentos Escrit\u00f3rio, Lda\",\"isPartOf\":{\"@id\":\"https:\/\/xdoc.pt\/web\/#website\"},\"primaryImageOfPage\":{\"@id\":\"https:\/\/xdoc.pt\/web\/xerox-workplace-cloud\/#primaryimage\"},\"image\":{\"@id\":\"https:\/\/xdoc.pt\/web\/xerox-workplace-cloud\/#primaryimage\"},\"thumbnailUrl\":\"https:\/\/xdoc.pt\/web\/wp-content\/uploads\/2021\/09\/cloud.jpg\",\"datePublished\":\"2021-04-16T16:15:39+00:00\",\"dateModified\":\"2021-11-22T14:22:16+00:00\",\"description\":\"Xerox Workplace Cloud \u00e9 ideal para clientes que pretendem reduzir a infraestrutura de rede local ou gerir impressoras em v\u00e1rios locais\/redes\",\"breadcrumb\":{\"@id\":\"https:\/\/xdoc.pt\/web\/xerox-workplace-cloud\/#breadcrumb\"},\"inLanguage\":\"pt-PT\",\"potentialAction\":[{\"@type\":\"ReadAction\",\"target\":[\"https:\/\/xdoc.pt\/web\/xerox-workplace-cloud\/\"]}]},{\"@type\":\"ImageObject\",\"inLanguage\":\"pt-PT\",\"@id\":\"https:\/\/xdoc.pt\/web\/xerox-workplace-cloud\/#primaryimage\",\"url\":\"https:\/\/xdoc.pt\/web\/wp-content\/uploads\/2021\/09\/cloud.jpg\",\"contentUrl\":\"https:\/\/xdoc.pt\/web\/wp-content\/uploads\/2021\/09\/cloud.jpg\",\"width\":969,\"height\":686},{\"@type\":\"BreadcrumbList\",\"@id\":\"https:\/\/xdoc.pt\/web\/xerox-workplace-cloud\/#breadcrumb\",\"itemListElement\":[{\"@type\":\"ListItem\",\"position\":1,\"name\":\"In\u00edcio\",\"item\":\"https:\/\/xdoc.pt\/web\/\"},{\"@type\":\"ListItem\",\"position\":2,\"name\":\"Xerox Workplace Cloud\"}]},{\"@type\":\"WebSite\",\"@id\":\"https:\/\/xdoc.pt\/web\/#website\",\"url\":\"https:\/\/xdoc.pt\/web\/\",\"name\":\"XDOC - Equipamentos Escrit\u00f3rio, Lda\",\"description\":\"Concession\u00e1rio Xerox, especializado em impress\u00e3o digital para empresas de \u00e1rea gr\u00e1fica desde a mais pequena impressora de mesa at\u00e9 \u00e0 produ\u00e7\u00e3o de grandes volumes em equipamentos vocacionados para produ\u00e7\u00e3o com e sem acabamento.\",\"potentialAction\":[{\"@type\":\"SearchAction\",\"target\":{\"@type\":\"EntryPoint\",\"urlTemplate\":\"https:\/\/xdoc.pt\/web\/?s={search_term_string}\"},\"query-input\":{\"@type\":\"PropertyValueSpecification\",\"valueRequired\":true,\"valueName\":\"search_term_string\"}}],\"inLanguage\":\"pt-PT\"}]}<\/script>\n<!-- \/ Yoast SEO plugin. -->","yoast_head_json":{"title":"Xerox Workplace Cloud - XDOC - Equipamentos Escrit\u00f3rio, Lda","description":"Xerox Workplace Cloud \u00e9 ideal para clientes que pretendem reduzir a infraestrutura de rede local ou gerir impressoras em v\u00e1rios locais\/redes","robots":{"index":"index","follow":"follow","max-snippet":"max-snippet:-1","max-image-preview":"max-image-preview:large","max-video-preview":"max-video-preview:-1"},"canonical":"https:\/\/xdoc.pt\/web\/xerox-workplace-cloud\/","og_locale":"pt_PT","og_type":"article","og_title":"Xerox Workplace Cloud - XDOC - Equipamentos Escrit\u00f3rio, Lda","og_description":"Xerox Workplace Cloud \u00e9 ideal para clientes que pretendem reduzir a infraestrutura de rede local ou gerir impressoras em v\u00e1rios locais\/redes","og_url":"https:\/\/xdoc.pt\/web\/xerox-workplace-cloud\/","og_site_name":"XDOC - Equipamentos Escrit\u00f3rio, Lda","article_publisher":"https:\/\/www.facebook.com\/xdoc.pt","article_modified_time":"2021-11-22T14:22:16+00:00","og_image":[{"url":"https:\/\/xdoc.pt\/web\/wp-content\/uploads\/2021\/09\/cloud.jpg","type":"","width":"","height":""}],"twitter_card":"summary_large_image","twitter_misc":{"Tempo estimado de leitura":"3 minutos"},"schema":{"@context":"https:\/\/schema.org","@graph":[{"@type":"WebPage","@id":"https:\/\/xdoc.pt\/web\/xerox-workplace-cloud\/","url":"https:\/\/xdoc.pt\/web\/xerox-workplace-cloud\/","name":"Xerox Workplace Cloud - XDOC - Equipamentos Escrit\u00f3rio, Lda","isPartOf":{"@id":"https:\/\/xdoc.pt\/web\/#website"},"primaryImageOfPage":{"@id":"https:\/\/xdoc.pt\/web\/xerox-workplace-cloud\/#primaryimage"},"image":{"@id":"https:\/\/xdoc.pt\/web\/xerox-workplace-cloud\/#primaryimage"},"thumbnailUrl":"https:\/\/xdoc.pt\/web\/wp-content\/uploads\/2021\/09\/cloud.jpg","datePublished":"2021-04-16T16:15:39+00:00","dateModified":"2021-11-22T14:22:16+00:00","description":"Xerox Workplace Cloud \u00e9 ideal para clientes que pretendem reduzir a infraestrutura de rede local ou gerir impressoras em v\u00e1rios locais\/redes","breadcrumb":{"@id":"https:\/\/xdoc.pt\/web\/xerox-workplace-cloud\/#breadcrumb"},"inLanguage":"pt-PT","potentialAction":[{"@type":"ReadAction","target":["https:\/\/xdoc.pt\/web\/xerox-workplace-cloud\/"]}]},{"@type":"ImageObject","inLanguage":"pt-PT","@id":"https:\/\/xdoc.pt\/web\/xerox-workplace-cloud\/#primaryimage","url":"https:\/\/xdoc.pt\/web\/wp-content\/uploads\/2021\/09\/cloud.jpg","contentUrl":"https:\/\/xdoc.pt\/web\/wp-content\/uploads\/2021\/09\/cloud.jpg","width":969,"height":686},{"@type":"BreadcrumbList","@id":"https:\/\/xdoc.pt\/web\/xerox-workplace-cloud\/#breadcrumb","itemListElement":[{"@type":"ListItem","position":1,"name":"In\u00edcio","item":"https:\/\/xdoc.pt\/web\/"},{"@type":"ListItem","position":2,"name":"Xerox Workplace Cloud"}]},{"@type":"WebSite","@id":"https:\/\/xdoc.pt\/web\/#website","url":"https:\/\/xdoc.pt\/web\/","name":"XDOC - Equipamentos Escrit\u00f3rio, Lda","description":"Concession\u00e1rio Xerox, especializado em impress\u00e3o digital para empresas de \u00e1rea gr\u00e1fica desde a mais pequena impressora de mesa at\u00e9 \u00e0 produ\u00e7\u00e3o de grandes volumes em equipamentos vocacionados para produ\u00e7\u00e3o com e sem acabamento.","potentialAction":[{"@type":"SearchAction","target":{"@type":"EntryPoint","urlTemplate":"https:\/\/xdoc.pt\/web\/?s={search_term_string}"},"query-input":{"@type":"PropertyValueSpecification","valueRequired":true,"valueName":"search_term_string"}}],"inLanguage":"pt-PT"}]}},"_links":{"self":[{"href":"https:\/\/xdoc.pt\/web\/wp-json\/wp\/v2\/pages\/2095","targetHints":{"allow":["GET"]}}],"collection":[{"href":"https:\/\/xdoc.pt\/web\/wp-json\/wp\/v2\/pages"}],"about":[{"href":"https:\/\/xdoc.pt\/web\/wp-json\/wp\/v2\/types\/page"}],"author":[{"embeddable":true,"href":"https:\/\/xdoc.pt\/web\/wp-json\/wp\/v2\/users\/2"}],"replies":[{"embeddable":true,"href":"https:\/\/xdoc.pt\/web\/wp-json\/wp\/v2\/comments?post=2095"}],"version-history":[{"count":16,"href":"https:\/\/xdoc.pt\/web\/wp-json\/wp\/v2\/pages\/2095\/revisions"}],"predecessor-version":[{"id":2616,"href":"https:\/\/xdoc.pt\/web\/wp-json\/wp\/v2\/pages\/2095\/revisions\/2616"}],"wp:attachment":[{"href":"https:\/\/xdoc.pt\/web\/wp-json\/wp\/v2\/media?parent=2095"}],"curies":[{"name":"wp","href":"https:\/\/api.w.org\/{rel}","templated":true}]}}