{"id":1854,"date":"2019-06-03T10:55:10","date_gmt":"2019-06-03T10:55:10","guid":{"rendered":"https:\/\/xdoc.pt\/web\/?page_id=1854"},"modified":"2021-05-03T18:18:23","modified_gmt":"2021-05-03T18:18:23","slug":"testemunhos","status":"publish","type":"page","link":"https:\/\/xdoc.pt\/web\/testemunhos\/","title":{"rendered":"TESTEMUNHOS"},"content":{"rendered":"<div class=\"centerText\">\n<div class=\"col-md-8\" style=\"width: 100%;\">\n<h1>TESTEMUNHOS<\/h1>\n<p style=\"text-align: justify;\">O Servi\u00e7o de XPPS prestado pela Xdoc e pela Xerox permitiu-nos concentrar os nossos esfor\u00e7os naquilo que \u00e9 mais importante para o neg\u00f3cio, uma vez que todo o parque de impress\u00e3o ficou controlado de uma forma f\u00e1cil eficaz e abrangente.<\/p>\n<p style=\"text-align: justify;\">N\u00e3o sendo a impress\u00e3o o nosso neg\u00f3cio, o ter algu\u00e9m especializado a gerir essa componente, al\u00e9m de simplificar os processos internos permitiu obter tamb\u00e9m, simultaneamente, a garantia de uma disponibilidade dos equipamentos muito pr\u00f3xima dos 100%.<\/p>\n<p style=\"text-align: justify;\">A centraliza\u00e7\u00e3o de todos os equipamentos de impress\u00e3o, a redu\u00e7\u00e3o de custos associada e a simplicidade de processos, acrescentando a capacidade de monitorizar\u00e3o permanente de consum\u00edveis e avarias , motivou-nos para a implementa\u00e7\u00e3o do MPS da Xerox, contribuindo para melhorar, tamb\u00e9m nesta \u00e1rea, a efici\u00eancia da Lameirinho.<\/p>\n<p style=\"text-align: right;\">Crispim Ferreira<\/p>\n<p style=\"text-align: right;\">Director Geral<br \/>\nManaging Director &amp; CFOLAMEIRINHO<\/p>\n<p>&nbsp;<\/p>\n<hr>\n<p>&nbsp;<\/p>\n<p style=\"text-align: justify;\">A centraliza\u00e7\u00e3o o de todo o parque de equipamentos, a redu\u00e7\u00e3o de custos e a simplicidade de processos, acrescentando a capacidade de monotoriza\u00e7\u00e3o permanente de consum\u00ed\u00adveis e avarias ,foi o que despertou o interesse no MPS da Xerox.<\/p>\n<p>Com a sua implementa\u00e7\u00e3o melhoramos a efici\u00eancia da nossa organiza\u00e7\u00e3o e passamos a ter controlo real sobre o parque instalados.<\/p>\n<p style=\"text-align: right;\">Gabriel Soares<\/p>\n<p style=\"text-align: right;\">AMERTRADE<\/p>\n<p>&nbsp;<\/p>\n<hr>\n<p>&nbsp;<\/p>\n<p style=\"text-align: justify;\">Sempre procuramos uma solu\u00e7\u00e3o que nos libertasse para nos concentrarmos naquilo que realmente nos deve preocupar. A impress\u00e3o n\u00e3o \u00e9 o nosso neg\u00f3cio , por isso ter algu\u00e9m a gerir essa componente vaio simplificar os nossos processos, sendo de real\u00e7ar que com o m\u00ednimo de envolvimento da nossa parte garantimos uma disponibilidade dos equipamentos pr\u00f3xima dos 100%.<\/p>\n<p style=\"text-align: right;\">Joel Martins<br \/>\nDept. ComprasBRAGALIS<\/p>\n<\/div>\n<\/div>\n","protected":false},"excerpt":{"rendered":"<p>TESTEMUNHOS<br \/>\nO Servi\u00e7o de XPPS prestado pela Xdoc e pela Xerox permitiu-nos concentrar os nossos esfor\u00e7os naquilo que \u00e9 mais importante para o neg\u00f3cio, uma vez que todo o parque de impress\u00e3o ficou controlado de uma forma f\u00e1cil eficaz e abrangente.<br \/>\nN\u00e3o sendo a impress\u00e3o o nosso neg\u00f3cio, o ter algu\u00e9m especializado a gerir essa componente, al\u00e9m de simplificar os processos internos permitiu obter tamb\u00e9m, simultaneamente, a garantia de uma disponibilidade dos equipamentos muito pr\u00f3xima dos 100%.<br \/>\nA centraliza\u00e7\u00e3o de todos os equipamentos de impress\u00e3o, a redu\u00e7\u00e3o de custos associada e a simplicidade de processos, acrescentando a capacidade de monitorizar\u00e3o permanente de consum\u00edveis e avarias , motivou-nos para a implementa\u00e7\u00e3o do MPS da Xerox, contribuindo para melhorar, tamb\u00e9m nesta \u00e1rea, a efici\u00eancia da [&#8230;]<\/p>\n","protected":false},"author":2,"featured_media":0,"parent":0,"menu_order":0,"comment_status":"closed","ping_status":"closed","template":"","meta":{"_monsterinsights_skip_tracking":false,"_monsterinsights_sitenote_active":false,"_monsterinsights_sitenote_note":"","_monsterinsights_sitenote_category":0,"footnotes":""},"class_list":["post-1854","page","type-page","status-publish","hentry"],"yoast_head":"<!-- This site is optimized with the Yoast SEO plugin v24.6 - https:\/\/yoast.com\/wordpress\/plugins\/seo\/ -->\n<title>TESTEMUNHOS - XDOC - Equipamentos Escrit\u00f3rio, Lda<\/title>\n<meta name=\"description\" content=\"Testemunhos: &quot;O Servi\u00e7o de XPPS prestado pela Xdoc\/Xerox permitiu concentrar os nossos esfor\u00e7os naquilo que \u00e9 importante&quot; - Crispim Ferreira\" \/>\n<meta name=\"robots\" content=\"index, follow, max-snippet:-1, max-image-preview:large, max-video-preview:-1\" \/>\n<link rel=\"canonical\" href=\"https:\/\/xdoc.pt\/web\/testemunhos\/\" \/>\n<meta property=\"og:locale\" content=\"pt_PT\" \/>\n<meta property=\"og:type\" content=\"article\" \/>\n<meta property=\"og:title\" content=\"TESTEMUNHOS - XDOC - Equipamentos Escrit\u00f3rio, Lda\" \/>\n<meta property=\"og:description\" content=\"Testemunhos: &quot;O Servi\u00e7o de XPPS prestado pela Xdoc\/Xerox permitiu concentrar os nossos esfor\u00e7os naquilo que \u00e9 importante&quot; - Crispim Ferreira\" \/>\n<meta property=\"og:url\" content=\"https:\/\/xdoc.pt\/web\/testemunhos\/\" \/>\n<meta property=\"og:site_name\" content=\"XDOC - Equipamentos Escrit\u00f3rio, Lda\" \/>\n<meta property=\"article:publisher\" content=\"https:\/\/www.facebook.com\/xdoc.pt\" \/>\n<meta property=\"article:modified_time\" content=\"2021-05-03T18:18:23+00:00\" \/>\n<meta name=\"twitter:card\" content=\"summary_large_image\" \/>\n<meta name=\"twitter:label1\" content=\"Tempo estimado de leitura\" \/>\n\t<meta name=\"twitter:data1\" content=\"2 minutos\" \/>\n<script type=\"application\/ld+json\" class=\"yoast-schema-graph\">{\"@context\":\"https:\/\/schema.org\",\"@graph\":[{\"@type\":\"WebPage\",\"@id\":\"https:\/\/xdoc.pt\/web\/testemunhos\/\",\"url\":\"https:\/\/xdoc.pt\/web\/testemunhos\/\",\"name\":\"TESTEMUNHOS - XDOC - Equipamentos Escrit\u00f3rio, Lda\",\"isPartOf\":{\"@id\":\"https:\/\/xdoc.pt\/web\/#website\"},\"datePublished\":\"2019-06-03T10:55:10+00:00\",\"dateModified\":\"2021-05-03T18:18:23+00:00\",\"description\":\"Testemunhos: \\\"O Servi\u00e7o de XPPS prestado pela Xdoc\/Xerox permitiu concentrar os nossos esfor\u00e7os naquilo que \u00e9 importante\\\" - Crispim Ferreira\",\"breadcrumb\":{\"@id\":\"https:\/\/xdoc.pt\/web\/testemunhos\/#breadcrumb\"},\"inLanguage\":\"pt-PT\",\"potentialAction\":[{\"@type\":\"ReadAction\",\"target\":[\"https:\/\/xdoc.pt\/web\/testemunhos\/\"]}]},{\"@type\":\"BreadcrumbList\",\"@id\":\"https:\/\/xdoc.pt\/web\/testemunhos\/#breadcrumb\",\"itemListElement\":[{\"@type\":\"ListItem\",\"position\":1,\"name\":\"In\u00edcio\",\"item\":\"https:\/\/xdoc.pt\/web\/\"},{\"@type\":\"ListItem\",\"position\":2,\"name\":\"TESTEMUNHOS\"}]},{\"@type\":\"WebSite\",\"@id\":\"https:\/\/xdoc.pt\/web\/#website\",\"url\":\"https:\/\/xdoc.pt\/web\/\",\"name\":\"XDOC - Equipamentos Escrit\u00f3rio, Lda\",\"description\":\"Concession\u00e1rio Xerox, especializado em impress\u00e3o digital para empresas de \u00e1rea gr\u00e1fica desde a mais pequena impressora de mesa at\u00e9 \u00e0 produ\u00e7\u00e3o de grandes volumes em equipamentos vocacionados para produ\u00e7\u00e3o com e sem acabamento.\",\"potentialAction\":[{\"@type\":\"SearchAction\",\"target\":{\"@type\":\"EntryPoint\",\"urlTemplate\":\"https:\/\/xdoc.pt\/web\/?s={search_term_string}\"},\"query-input\":{\"@type\":\"PropertyValueSpecification\",\"valueRequired\":true,\"valueName\":\"search_term_string\"}}],\"inLanguage\":\"pt-PT\"}]}<\/script>\n<!-- \/ Yoast SEO plugin. -->","yoast_head_json":{"title":"TESTEMUNHOS - XDOC - Equipamentos Escrit\u00f3rio, Lda","description":"Testemunhos: \"O Servi\u00e7o de XPPS prestado pela Xdoc\/Xerox permitiu concentrar os nossos esfor\u00e7os naquilo que \u00e9 importante\" - Crispim Ferreira","robots":{"index":"index","follow":"follow","max-snippet":"max-snippet:-1","max-image-preview":"max-image-preview:large","max-video-preview":"max-video-preview:-1"},"canonical":"https:\/\/xdoc.pt\/web\/testemunhos\/","og_locale":"pt_PT","og_type":"article","og_title":"TESTEMUNHOS - XDOC - Equipamentos Escrit\u00f3rio, Lda","og_description":"Testemunhos: \"O Servi\u00e7o de XPPS prestado pela Xdoc\/Xerox permitiu concentrar os nossos esfor\u00e7os naquilo que \u00e9 importante\" - Crispim Ferreira","og_url":"https:\/\/xdoc.pt\/web\/testemunhos\/","og_site_name":"XDOC - Equipamentos Escrit\u00f3rio, Lda","article_publisher":"https:\/\/www.facebook.com\/xdoc.pt","article_modified_time":"2021-05-03T18:18:23+00:00","twitter_card":"summary_large_image","twitter_misc":{"Tempo estimado de leitura":"2 minutos"},"schema":{"@context":"https:\/\/schema.org","@graph":[{"@type":"WebPage","@id":"https:\/\/xdoc.pt\/web\/testemunhos\/","url":"https:\/\/xdoc.pt\/web\/testemunhos\/","name":"TESTEMUNHOS - XDOC - Equipamentos Escrit\u00f3rio, Lda","isPartOf":{"@id":"https:\/\/xdoc.pt\/web\/#website"},"datePublished":"2019-06-03T10:55:10+00:00","dateModified":"2021-05-03T18:18:23+00:00","description":"Testemunhos: \"O Servi\u00e7o de XPPS prestado pela Xdoc\/Xerox permitiu concentrar os nossos esfor\u00e7os naquilo que \u00e9 importante\" - Crispim Ferreira","breadcrumb":{"@id":"https:\/\/xdoc.pt\/web\/testemunhos\/#breadcrumb"},"inLanguage":"pt-PT","potentialAction":[{"@type":"ReadAction","target":["https:\/\/xdoc.pt\/web\/testemunhos\/"]}]},{"@type":"BreadcrumbList","@id":"https:\/\/xdoc.pt\/web\/testemunhos\/#breadcrumb","itemListElement":[{"@type":"ListItem","position":1,"name":"In\u00edcio","item":"https:\/\/xdoc.pt\/web\/"},{"@type":"ListItem","position":2,"name":"TESTEMUNHOS"}]},{"@type":"WebSite","@id":"https:\/\/xdoc.pt\/web\/#website","url":"https:\/\/xdoc.pt\/web\/","name":"XDOC - Equipamentos Escrit\u00f3rio, Lda","description":"Concession\u00e1rio Xerox, especializado em impress\u00e3o digital para empresas de \u00e1rea gr\u00e1fica desde a mais pequena impressora de mesa at\u00e9 \u00e0 produ\u00e7\u00e3o de grandes volumes em equipamentos vocacionados para produ\u00e7\u00e3o com e sem acabamento.","potentialAction":[{"@type":"SearchAction","target":{"@type":"EntryPoint","urlTemplate":"https:\/\/xdoc.pt\/web\/?s={search_term_string}"},"query-input":{"@type":"PropertyValueSpecification","valueRequired":true,"valueName":"search_term_string"}}],"inLanguage":"pt-PT"}]}},"_links":{"self":[{"href":"https:\/\/xdoc.pt\/web\/wp-json\/wp\/v2\/pages\/1854","targetHints":{"allow":["GET"]}}],"collection":[{"href":"https:\/\/xdoc.pt\/web\/wp-json\/wp\/v2\/pages"}],"about":[{"href":"https:\/\/xdoc.pt\/web\/wp-json\/wp\/v2\/types\/page"}],"author":[{"embeddable":true,"href":"https:\/\/xdoc.pt\/web\/wp-json\/wp\/v2\/users\/2"}],"replies":[{"embeddable":true,"href":"https:\/\/xdoc.pt\/web\/wp-json\/wp\/v2\/comments?post=1854"}],"version-history":[{"count":9,"href":"https:\/\/xdoc.pt\/web\/wp-json\/wp\/v2\/pages\/1854\/revisions"}],"predecessor-version":[{"id":2481,"href":"https:\/\/xdoc.pt\/web\/wp-json\/wp\/v2\/pages\/1854\/revisions\/2481"}],"wp:attachment":[{"href":"https:\/\/xdoc.pt\/web\/wp-json\/wp\/v2\/media?parent=1854"}],"curies":[{"name":"wp","href":"https:\/\/api.w.org\/{rel}","templated":true}]}}