{"id":1803,"date":"2018-05-22T07:34:39","date_gmt":"2018-05-22T07:34:39","guid":{"rendered":"https:\/\/xdoc.pt\/web\/?page_id=1803"},"modified":"2021-04-30T13:28:50","modified_gmt":"2021-04-30T13:28:50","slug":"area-reservada","status":"publish","type":"page","link":"https:\/\/xdoc.pt\/web\/area-reservada\/","title":{"rendered":"\u00c1REA RESERVADA"},"content":{"rendered":"<div class=\"centerText\">\n<div class=\"col-md-8\" style=\"width: 75%;\">\n<h1>\u00c1REA RESERVADA<\/h1>\n<div class=\"wpforms-container wpforms-container-full\" id=\"wpforms-1809\"><form id=\"wpforms-form-1809\" class=\"wpforms-validate wpforms-form\" data-formid=\"1809\" method=\"post\" enctype=\"multipart\/form-data\" action=\"\/web\/wp-json\/wp\/v2\/pages\/1803\" data-token=\"0eb8ac4fb365be45541212f1768a7c1c\" data-token-time=\"1777421725\"><noscript class=\"wpforms-error-noscript\">Please enable JavaScript in your browser to complete this form.<\/noscript><div class=\"wpforms-field-container\"><div id=\"wpforms-1809-field_0-container\" class=\"wpforms-field wpforms-field-name\" data-field-id=\"0\"><label class=\"wpforms-field-label\" for=\"wpforms-1809-field_0\">Nome de utilizador <span class=\"wpforms-required-label\">*<\/span><\/label><input type=\"text\" id=\"wpforms-1809-field_0\" class=\"wpforms-field-medium wpforms-field-required\" name=\"wpforms[fields][0]\" required><\/div><div id=\"wpforms-1809-field_3-container\" class=\"wpforms-field wpforms-field-text\" data-field-id=\"3\"><label class=\"wpforms-field-label\" for=\"wpforms-1809-field_3\">Password <span class=\"wpforms-required-label\">*<\/span><\/label><input type=\"text\" id=\"wpforms-1809-field_3\" class=\"wpforms-field-medium wpforms-field-required\" name=\"wpforms[fields][3]\" required><\/div><\/div><!-- .wpforms-field-container --><div class=\"wpforms-field wpforms-field-hp\"><label for=\"wpforms-1809-field-hp\" class=\"wpforms-field-label\">Name<\/label><input type=\"text\" name=\"wpforms[hp]\" id=\"wpforms-1809-field-hp\" class=\"wpforms-field-medium\"><\/div><div class=\"wpforms-submit-container\" ><input type=\"hidden\" name=\"wpforms[id]\" value=\"1809\"><input type=\"hidden\" name=\"page_title\" value=\"\"><input type=\"hidden\" name=\"page_url\" value=\"https:\/\/xdoc.pt\/web\/wp-json\/wp\/v2\/pages\/1803\"><input type=\"hidden\" name=\"url_referer\" value=\"\"><button type=\"submit\" name=\"wpforms[submit]\" id=\"wpforms-submit-1809\" class=\"wpforms-submit\" data-alt-text=\"Iniciar sess\u00e3o...\" data-submit-text=\"Iniciar sess\u00e3o\" aria-live=\"assertive\" value=\"wpforms-submit\">Iniciar sess\u00e3o<\/button><\/div><\/form><\/div>  <!-- .wpforms-container -->\n<\/div>\n<\/div>\n","protected":false},"excerpt":{"rendered":"<p>\u00c1REA RESERVADA<br \/>\nPlease enable JavaScript in your browser to complete this form.Nome de utilizador *Password *PhoneIniciar sess\u00e3o  <\/p>\n","protected":false},"author":2,"featured_media":0,"parent":0,"menu_order":0,"comment_status":"closed","ping_status":"closed","template":"","meta":{"_monsterinsights_skip_tracking":false,"_monsterinsights_sitenote_active":false,"_monsterinsights_sitenote_note":"","_monsterinsights_sitenote_category":0,"footnotes":""},"class_list":["post-1803","page","type-page","status-publish","hentry"],"yoast_head":"<!-- This site is optimized with the Yoast SEO plugin v24.6 - https:\/\/yoast.com\/wordpress\/plugins\/seo\/ -->\n<title>\u00c1REA RESERVADA - XDOC - Equipamentos Escrit\u00f3rio, Lda<\/title>\n<meta name=\"robots\" content=\"index, follow, max-snippet:-1, max-image-preview:large, max-video-preview:-1\" \/>\n<link rel=\"canonical\" href=\"https:\/\/xdoc.pt\/web\/area-reservada\/\" \/>\n<meta property=\"og:locale\" content=\"pt_PT\" \/>\n<meta property=\"og:type\" content=\"article\" \/>\n<meta property=\"og:title\" content=\"\u00c1REA RESERVADA - XDOC - Equipamentos Escrit\u00f3rio, Lda\" \/>\n<meta property=\"og:description\" content=\"\u00c1REA RESERVADA Please enable JavaScript in your browser to complete this form.Nome de utilizador *Password *PhoneIniciar sess\u00e3o\" \/>\n<meta property=\"og:url\" content=\"https:\/\/xdoc.pt\/web\/area-reservada\/\" \/>\n<meta property=\"og:site_name\" content=\"XDOC - Equipamentos Escrit\u00f3rio, Lda\" \/>\n<meta property=\"article:publisher\" content=\"https:\/\/www.facebook.com\/xdoc.pt\" \/>\n<meta property=\"article:modified_time\" content=\"2021-04-30T13:28:50+00:00\" \/>\n<meta name=\"twitter:card\" content=\"summary_large_image\" \/>\n<meta name=\"twitter:label1\" content=\"Tempo estimado de leitura\" \/>\n\t<meta name=\"twitter:data1\" content=\"1 minuto\" \/>\n<script type=\"application\/ld+json\" class=\"yoast-schema-graph\">{\"@context\":\"https:\/\/schema.org\",\"@graph\":[{\"@type\":\"WebPage\",\"@id\":\"https:\/\/xdoc.pt\/web\/area-reservada\/\",\"url\":\"https:\/\/xdoc.pt\/web\/area-reservada\/\",\"name\":\"\u00c1REA RESERVADA - XDOC - Equipamentos Escrit\u00f3rio, Lda\",\"isPartOf\":{\"@id\":\"https:\/\/xdoc.pt\/web\/#website\"},\"datePublished\":\"2018-05-22T07:34:39+00:00\",\"dateModified\":\"2021-04-30T13:28:50+00:00\",\"breadcrumb\":{\"@id\":\"https:\/\/xdoc.pt\/web\/area-reservada\/#breadcrumb\"},\"inLanguage\":\"pt-PT\",\"potentialAction\":[{\"@type\":\"ReadAction\",\"target\":[\"https:\/\/xdoc.pt\/web\/area-reservada\/\"]}]},{\"@type\":\"BreadcrumbList\",\"@id\":\"https:\/\/xdoc.pt\/web\/area-reservada\/#breadcrumb\",\"itemListElement\":[{\"@type\":\"ListItem\",\"position\":1,\"name\":\"In\u00edcio\",\"item\":\"https:\/\/xdoc.pt\/web\/\"},{\"@type\":\"ListItem\",\"position\":2,\"name\":\"\u00c1REA RESERVADA\"}]},{\"@type\":\"WebSite\",\"@id\":\"https:\/\/xdoc.pt\/web\/#website\",\"url\":\"https:\/\/xdoc.pt\/web\/\",\"name\":\"XDOC - Equipamentos Escrit\u00f3rio, Lda\",\"description\":\"Concession\u00e1rio Xerox, especializado em impress\u00e3o digital para empresas de \u00e1rea gr\u00e1fica desde a mais pequena impressora de mesa at\u00e9 \u00e0 produ\u00e7\u00e3o de grandes volumes em equipamentos vocacionados para produ\u00e7\u00e3o com e sem acabamento.\",\"potentialAction\":[{\"@type\":\"SearchAction\",\"target\":{\"@type\":\"EntryPoint\",\"urlTemplate\":\"https:\/\/xdoc.pt\/web\/?s={search_term_string}\"},\"query-input\":{\"@type\":\"PropertyValueSpecification\",\"valueRequired\":true,\"valueName\":\"search_term_string\"}}],\"inLanguage\":\"pt-PT\"}]}<\/script>\n<!-- \/ Yoast SEO plugin. -->","yoast_head_json":{"title":"\u00c1REA RESERVADA - XDOC - Equipamentos Escrit\u00f3rio, Lda","robots":{"index":"index","follow":"follow","max-snippet":"max-snippet:-1","max-image-preview":"max-image-preview:large","max-video-preview":"max-video-preview:-1"},"canonical":"https:\/\/xdoc.pt\/web\/area-reservada\/","og_locale":"pt_PT","og_type":"article","og_title":"\u00c1REA RESERVADA - XDOC - Equipamentos Escrit\u00f3rio, Lda","og_description":"\u00c1REA RESERVADA Please enable JavaScript in your browser to complete this form.Nome de utilizador *Password *PhoneIniciar sess\u00e3o","og_url":"https:\/\/xdoc.pt\/web\/area-reservada\/","og_site_name":"XDOC - Equipamentos Escrit\u00f3rio, Lda","article_publisher":"https:\/\/www.facebook.com\/xdoc.pt","article_modified_time":"2021-04-30T13:28:50+00:00","twitter_card":"summary_large_image","twitter_misc":{"Tempo estimado de leitura":"1 minuto"},"schema":{"@context":"https:\/\/schema.org","@graph":[{"@type":"WebPage","@id":"https:\/\/xdoc.pt\/web\/area-reservada\/","url":"https:\/\/xdoc.pt\/web\/area-reservada\/","name":"\u00c1REA RESERVADA - XDOC - Equipamentos Escrit\u00f3rio, Lda","isPartOf":{"@id":"https:\/\/xdoc.pt\/web\/#website"},"datePublished":"2018-05-22T07:34:39+00:00","dateModified":"2021-04-30T13:28:50+00:00","breadcrumb":{"@id":"https:\/\/xdoc.pt\/web\/area-reservada\/#breadcrumb"},"inLanguage":"pt-PT","potentialAction":[{"@type":"ReadAction","target":["https:\/\/xdoc.pt\/web\/area-reservada\/"]}]},{"@type":"BreadcrumbList","@id":"https:\/\/xdoc.pt\/web\/area-reservada\/#breadcrumb","itemListElement":[{"@type":"ListItem","position":1,"name":"In\u00edcio","item":"https:\/\/xdoc.pt\/web\/"},{"@type":"ListItem","position":2,"name":"\u00c1REA RESERVADA"}]},{"@type":"WebSite","@id":"https:\/\/xdoc.pt\/web\/#website","url":"https:\/\/xdoc.pt\/web\/","name":"XDOC - Equipamentos Escrit\u00f3rio, Lda","description":"Concession\u00e1rio Xerox, especializado em impress\u00e3o digital para empresas de \u00e1rea gr\u00e1fica desde a mais pequena impressora de mesa at\u00e9 \u00e0 produ\u00e7\u00e3o de grandes volumes em equipamentos vocacionados para produ\u00e7\u00e3o com e sem acabamento.","potentialAction":[{"@type":"SearchAction","target":{"@type":"EntryPoint","urlTemplate":"https:\/\/xdoc.pt\/web\/?s={search_term_string}"},"query-input":{"@type":"PropertyValueSpecification","valueRequired":true,"valueName":"search_term_string"}}],"inLanguage":"pt-PT"}]}},"_links":{"self":[{"href":"https:\/\/xdoc.pt\/web\/wp-json\/wp\/v2\/pages\/1803","targetHints":{"allow":["GET"]}}],"collection":[{"href":"https:\/\/xdoc.pt\/web\/wp-json\/wp\/v2\/pages"}],"about":[{"href":"https:\/\/xdoc.pt\/web\/wp-json\/wp\/v2\/types\/page"}],"author":[{"embeddable":true,"href":"https:\/\/xdoc.pt\/web\/wp-json\/wp\/v2\/users\/2"}],"replies":[{"embeddable":true,"href":"https:\/\/xdoc.pt\/web\/wp-json\/wp\/v2\/comments?post=1803"}],"version-history":[{"count":5,"href":"https:\/\/xdoc.pt\/web\/wp-json\/wp\/v2\/pages\/1803\/revisions"}],"predecessor-version":[{"id":2482,"href":"https:\/\/xdoc.pt\/web\/wp-json\/wp\/v2\/pages\/1803\/revisions\/2482"}],"wp:attachment":[{"href":"https:\/\/xdoc.pt\/web\/wp-json\/wp\/v2\/media?parent=1803"}],"curies":[{"name":"wp","href":"https:\/\/api.w.org\/{rel}","templated":true}]}}