{"id":1748,"date":"2018-05-21T08:04:19","date_gmt":"2018-05-21T08:04:19","guid":{"rendered":"https:\/\/xdoc.pt\/web\/?page_id=1748"},"modified":"2021-11-22T14:51:40","modified_gmt":"2021-11-22T14:51:40","slug":"print-any-way","status":"publish","type":"page","link":"https:\/\/xdoc.pt\/web\/print-any-way\/","title":{"rendered":"PrintAnyway"},"content":{"rendered":"<p style=\"text-align:justify;\"><strong>O PrintAnyWay \u00e9 a solu\u00e7\u00e3o mais simples, flex\u00ed\u00advel e completa para Gest\u00e3o de impress\u00e3o. Com o PrintAnyWay pode gerir quem imprime, quando e como, controlando custos e garantindo sempre a seguran\u00e7a dos seus documentos.<\/strong><\/p>\n<p style=\"text-align:justify;\"><strong>De f\u00e1cil instala\u00e7\u00e3o e totalmente configur\u00e1vel \u00e0 realidade de cada organiza\u00e7\u00e3o. Quem se preocupa com o seu neg\u00f3cio escolhe PrintAnyWay.<\/strong><\/p>\n<p>&nbsp;<\/p>\n<div style=\"margin-top:30px;text-align:justify;\">\n<h3 style=\"color:#ff0000;\">Solu\u00e7\u00e3o Integrada De Autentica\u00e7\u00e3o<\/h3>\n<p>A gest\u00e3o da autentica\u00e7\u00e3o e do acesso \u00e0s Impressoras Multifuncionais fazem parte da solu\u00e7\u00e3o base PrintAnyWay. A autentica\u00e7\u00e3o segura nos equipamentos pode ser efetuada por PIN, via MS Active Directory ou ainda por cart\u00f5es RFID compat\u00edveis. Esta solu\u00e7\u00e3o permite gerir e sincronizar automaticamente utilizadores do MS Active Directory.<\/p>\n<p>&nbsp;<\/p>\n<h3 style=\"color:#ff0000;\">Tecnologia de Impress\u00e3o FollowUser<\/h3>\n<p>O FollowUser, permite a liberta\u00e7\u00e3o segura de impress\u00f5es na MFP selecionada pelo utilizador. Desta forma a Organiza\u00e7\u00e3o garante a confidencialidade dos documentos, produtividade dos seus funcion\u00e1rios e ainda redu\u00e7\u00e3o de custos.<\/p>\n<p>&nbsp;<\/p>\n<h3 style=\"color:#ff0000;\">Portal de Internet PrintAnyWay<\/h3>\n<p>Portal web para consulta dos registos de impress\u00e3o (em tabelas e gr\u00e1ficos estat\u00edsticos), altera\u00e7\u00e3o da senha ou ainda para envio de pedidos de suporte. Perfil para Utilizador e Administrador do sistema de impress\u00e3o. Este portal \u00e9 completamente responsivo, ajustando-se a qualquer ecr\u00e3, incluindo Tablets e Smartphones.<\/p>\n<p>&nbsp;<\/p>\n<h3 style=\"color:#ff0000;\">Principais fun\u00e7\u00f5es \/ caracter\u00edsticas<\/h3>\n<ul>\n<li style=\"list-style-type: none\">\n<ul>\n<li>Contabiliza\u00e7\u00e3o total de Impress\u00f5es, C\u00f3pias, Faxes e Digitaliza\u00e7\u00f5es.<\/li>\n<li>Informa\u00e7\u00e3o detalhada da atividade por utilizador, departamento, centro de custo, impressora, trabalho, nome, cor, formato papel, frente e verso e do custo papel.<\/li>\n<li>Defini\u00e7\u00e3o de Quotas de impress\u00e3o preto-branco, cores e valor de impress\u00e3o.<\/li>\n<li>As Quotas podem ser parametrizadas para reiniciarem no in\u00edcio de cada per\u00ed\u00adodo (por exemplo inicio de cada m\u00eas).<\/li>\n<li>Dezenas de relat\u00f3rios dispon\u00edveis e program\u00e1veis.<\/li>\n<li>Envios autom\u00e1ticos por email para administradores, diretores de departamento e utilizadores.<\/li>\n<\/ul>\n<\/li>\n<\/ul>\n<\/div>\n<div style=\"padding:10px;background-color:#ed1c24;color:#fff;width:100px;\"><strong><a style=\"text-decoration:none;\" href=\"https:\/\/xdoc.pt\/web\/contactos\/\" target=\"_blank\" rel=\"noopener\">Saber mais &gt; <\/a><\/strong><\/div>\n<div style=\"margin-top:5px;padding:10px;background-color:#ed1c24;color:#fff;width: 100px;\"><strong><a style=\"text-decoration:none;\" href=\"https:\/\/xdoc.pt\/web\/wp-content\/uploads\/2018\/05\/PrintAnyWay-PT.pdf\" target=\"_blank\" rel=\"noopener\">Brochura &gt; <\/a><\/strong><\/div>\n<div  class=\"lgc-column lgc-grid-parent lgc-grid-100 lgc-tablet-grid-100 lgc-mobile-grid-100 lgc-equal-heights \"><div  class=\"inside-grid-column\">\n<p><img loading=\"lazy\" decoding=\"async\" class=\"aligncenter wp-image-1752 size-full\" style=\"display: table; margin: auto;\" src=\"https:\/\/xdoc.pt\/web\/wp-content\/uploads\/2018\/05\/img1.png\" alt=\"\" width=\"450\" height=\"400\" srcset=\"https:\/\/xdoc.pt\/web\/wp-content\/uploads\/2018\/05\/img1.png 450w, https:\/\/xdoc.pt\/web\/wp-content\/uploads\/2018\/05\/img1-300x267.png 300w\" sizes=\"auto, (max-width: 450px) 100vw, 450px\" \/><\/p>\n<p style=\"text-align: left;\"><\/p><\/div><\/div>\n","protected":false},"excerpt":{"rendered":"<p>O PrintAnyWay \u00e9 a solu\u00e7\u00e3o mais simples, flex\u00ed\u00advel e completa para Gest\u00e3o de impress\u00e3o. Com o PrintAnyWay pode gerir quem imprime, quando e como, controlando custos e garantindo sempre a seguran\u00e7a dos seus documentos.<br \/>\nDe f\u00e1cil instala\u00e7\u00e3o e totalmente configur\u00e1vel \u00e0 realidade de cada organiza\u00e7\u00e3o. Quem se preocupa com o seu neg\u00f3cio escolhe PrintAnyWay.<br \/>\n&nbsp;<\/p>\n<p>Solu\u00e7\u00e3o Integrada De Autentica\u00e7\u00e3o<br \/>\nA gest\u00e3o da autentica\u00e7\u00e3o e do acesso \u00e0s Impressoras Multifuncionais fazem parte da solu\u00e7\u00e3o base PrintAnyWay. A autentica\u00e7\u00e3o segura nos equipamentos pode ser efetuada por PIN, via MS Active Directory ou ainda por cart\u00f5es RFID compat\u00edveis. Esta solu\u00e7\u00e3o permite gerir e sincronizar automaticamente utilizadores do MS Active Directory.<br \/>\n&nbsp;<br \/>\nTecnologia de Impress\u00e3o FollowUser<br \/>\nO FollowUser, permite a liberta\u00e7\u00e3o segura de impress\u00f5es na MFP selecionada pelo utilizador. Desta forma [&#8230;]<\/p>\n","protected":false},"author":2,"featured_media":0,"parent":0,"menu_order":0,"comment_status":"closed","ping_status":"closed","template":"","meta":{"_monsterinsights_skip_tracking":false,"_monsterinsights_sitenote_active":false,"_monsterinsights_sitenote_note":"","_monsterinsights_sitenote_category":0,"footnotes":""},"class_list":["post-1748","page","type-page","status-publish","hentry"],"yoast_head":"<!-- This site is optimized with the Yoast SEO plugin v24.6 - https:\/\/yoast.com\/wordpress\/plugins\/seo\/ -->\n<title>PrintAnyway - XDOC - Equipamentos Escrit\u00f3rio, Lda<\/title>\n<meta name=\"description\" content=\"PrintAnyWay \u00e9 a solu\u00e7\u00e3o mais simples, flex\u00edvel e completa para Gest\u00e3o de impress\u00e3o. Pode gerir quem imprime e controlar os custos associados.\" \/>\n<meta name=\"robots\" content=\"index, follow, max-snippet:-1, max-image-preview:large, max-video-preview:-1\" \/>\n<link rel=\"canonical\" href=\"https:\/\/xdoc.pt\/web\/print-any-way\/\" \/>\n<meta property=\"og:locale\" content=\"pt_PT\" \/>\n<meta property=\"og:type\" content=\"article\" \/>\n<meta property=\"og:title\" content=\"PrintAnyway - XDOC - Equipamentos Escrit\u00f3rio, Lda\" \/>\n<meta property=\"og:description\" content=\"PrintAnyWay \u00e9 a solu\u00e7\u00e3o mais simples, flex\u00edvel e completa para Gest\u00e3o de impress\u00e3o. Pode gerir quem imprime e controlar os custos associados.\" \/>\n<meta property=\"og:url\" content=\"https:\/\/xdoc.pt\/web\/print-any-way\/\" \/>\n<meta property=\"og:site_name\" content=\"XDOC - Equipamentos Escrit\u00f3rio, Lda\" \/>\n<meta property=\"article:publisher\" content=\"https:\/\/www.facebook.com\/xdoc.pt\" \/>\n<meta property=\"article:modified_time\" content=\"2021-11-22T14:51:40+00:00\" \/>\n<meta property=\"og:image\" content=\"https:\/\/xdoc.pt\/web\/wp-content\/uploads\/2018\/05\/img1.png\" \/>\n<meta name=\"twitter:card\" content=\"summary_large_image\" \/>\n<meta name=\"twitter:label1\" content=\"Tempo estimado de leitura\" \/>\n\t<meta name=\"twitter:data1\" content=\"2 minutos\" \/>\n<script type=\"application\/ld+json\" class=\"yoast-schema-graph\">{\"@context\":\"https:\/\/schema.org\",\"@graph\":[{\"@type\":\"WebPage\",\"@id\":\"https:\/\/xdoc.pt\/web\/print-any-way\/\",\"url\":\"https:\/\/xdoc.pt\/web\/print-any-way\/\",\"name\":\"PrintAnyway - XDOC - Equipamentos Escrit\u00f3rio, Lda\",\"isPartOf\":{\"@id\":\"https:\/\/xdoc.pt\/web\/#website\"},\"primaryImageOfPage\":{\"@id\":\"https:\/\/xdoc.pt\/web\/print-any-way\/#primaryimage\"},\"image\":{\"@id\":\"https:\/\/xdoc.pt\/web\/print-any-way\/#primaryimage\"},\"thumbnailUrl\":\"https:\/\/xdoc.pt\/web\/wp-content\/uploads\/2018\/05\/img1.png\",\"datePublished\":\"2018-05-21T08:04:19+00:00\",\"dateModified\":\"2021-11-22T14:51:40+00:00\",\"description\":\"PrintAnyWay \u00e9 a solu\u00e7\u00e3o mais simples, flex\u00edvel e completa para Gest\u00e3o de impress\u00e3o. Pode gerir quem imprime e controlar os custos associados.\",\"breadcrumb\":{\"@id\":\"https:\/\/xdoc.pt\/web\/print-any-way\/#breadcrumb\"},\"inLanguage\":\"pt-PT\",\"potentialAction\":[{\"@type\":\"ReadAction\",\"target\":[\"https:\/\/xdoc.pt\/web\/print-any-way\/\"]}]},{\"@type\":\"ImageObject\",\"inLanguage\":\"pt-PT\",\"@id\":\"https:\/\/xdoc.pt\/web\/print-any-way\/#primaryimage\",\"url\":\"https:\/\/xdoc.pt\/web\/wp-content\/uploads\/2018\/05\/img1.png\",\"contentUrl\":\"https:\/\/xdoc.pt\/web\/wp-content\/uploads\/2018\/05\/img1.png\",\"width\":450,\"height\":400},{\"@type\":\"BreadcrumbList\",\"@id\":\"https:\/\/xdoc.pt\/web\/print-any-way\/#breadcrumb\",\"itemListElement\":[{\"@type\":\"ListItem\",\"position\":1,\"name\":\"In\u00edcio\",\"item\":\"https:\/\/xdoc.pt\/web\/\"},{\"@type\":\"ListItem\",\"position\":2,\"name\":\"PrintAnyway\"}]},{\"@type\":\"WebSite\",\"@id\":\"https:\/\/xdoc.pt\/web\/#website\",\"url\":\"https:\/\/xdoc.pt\/web\/\",\"name\":\"XDOC - Equipamentos Escrit\u00f3rio, Lda\",\"description\":\"Concession\u00e1rio Xerox, especializado em impress\u00e3o digital para empresas de \u00e1rea gr\u00e1fica desde a mais pequena impressora de mesa at\u00e9 \u00e0 produ\u00e7\u00e3o de grandes volumes em equipamentos vocacionados para produ\u00e7\u00e3o com e sem acabamento.\",\"potentialAction\":[{\"@type\":\"SearchAction\",\"target\":{\"@type\":\"EntryPoint\",\"urlTemplate\":\"https:\/\/xdoc.pt\/web\/?s={search_term_string}\"},\"query-input\":{\"@type\":\"PropertyValueSpecification\",\"valueRequired\":true,\"valueName\":\"search_term_string\"}}],\"inLanguage\":\"pt-PT\"}]}<\/script>\n<!-- \/ Yoast SEO plugin. -->","yoast_head_json":{"title":"PrintAnyway - XDOC - Equipamentos Escrit\u00f3rio, Lda","description":"PrintAnyWay \u00e9 a solu\u00e7\u00e3o mais simples, flex\u00edvel e completa para Gest\u00e3o de impress\u00e3o. Pode gerir quem imprime e controlar os custos associados.","robots":{"index":"index","follow":"follow","max-snippet":"max-snippet:-1","max-image-preview":"max-image-preview:large","max-video-preview":"max-video-preview:-1"},"canonical":"https:\/\/xdoc.pt\/web\/print-any-way\/","og_locale":"pt_PT","og_type":"article","og_title":"PrintAnyway - XDOC - Equipamentos Escrit\u00f3rio, Lda","og_description":"PrintAnyWay \u00e9 a solu\u00e7\u00e3o mais simples, flex\u00edvel e completa para Gest\u00e3o de impress\u00e3o. Pode gerir quem imprime e controlar os custos associados.","og_url":"https:\/\/xdoc.pt\/web\/print-any-way\/","og_site_name":"XDOC - Equipamentos Escrit\u00f3rio, Lda","article_publisher":"https:\/\/www.facebook.com\/xdoc.pt","article_modified_time":"2021-11-22T14:51:40+00:00","og_image":[{"url":"https:\/\/xdoc.pt\/web\/wp-content\/uploads\/2018\/05\/img1.png","type":"","width":"","height":""}],"twitter_card":"summary_large_image","twitter_misc":{"Tempo estimado de leitura":"2 minutos"},"schema":{"@context":"https:\/\/schema.org","@graph":[{"@type":"WebPage","@id":"https:\/\/xdoc.pt\/web\/print-any-way\/","url":"https:\/\/xdoc.pt\/web\/print-any-way\/","name":"PrintAnyway - XDOC - Equipamentos Escrit\u00f3rio, Lda","isPartOf":{"@id":"https:\/\/xdoc.pt\/web\/#website"},"primaryImageOfPage":{"@id":"https:\/\/xdoc.pt\/web\/print-any-way\/#primaryimage"},"image":{"@id":"https:\/\/xdoc.pt\/web\/print-any-way\/#primaryimage"},"thumbnailUrl":"https:\/\/xdoc.pt\/web\/wp-content\/uploads\/2018\/05\/img1.png","datePublished":"2018-05-21T08:04:19+00:00","dateModified":"2021-11-22T14:51:40+00:00","description":"PrintAnyWay \u00e9 a solu\u00e7\u00e3o mais simples, flex\u00edvel e completa para Gest\u00e3o de impress\u00e3o. Pode gerir quem imprime e controlar os custos associados.","breadcrumb":{"@id":"https:\/\/xdoc.pt\/web\/print-any-way\/#breadcrumb"},"inLanguage":"pt-PT","potentialAction":[{"@type":"ReadAction","target":["https:\/\/xdoc.pt\/web\/print-any-way\/"]}]},{"@type":"ImageObject","inLanguage":"pt-PT","@id":"https:\/\/xdoc.pt\/web\/print-any-way\/#primaryimage","url":"https:\/\/xdoc.pt\/web\/wp-content\/uploads\/2018\/05\/img1.png","contentUrl":"https:\/\/xdoc.pt\/web\/wp-content\/uploads\/2018\/05\/img1.png","width":450,"height":400},{"@type":"BreadcrumbList","@id":"https:\/\/xdoc.pt\/web\/print-any-way\/#breadcrumb","itemListElement":[{"@type":"ListItem","position":1,"name":"In\u00edcio","item":"https:\/\/xdoc.pt\/web\/"},{"@type":"ListItem","position":2,"name":"PrintAnyway"}]},{"@type":"WebSite","@id":"https:\/\/xdoc.pt\/web\/#website","url":"https:\/\/xdoc.pt\/web\/","name":"XDOC - Equipamentos Escrit\u00f3rio, Lda","description":"Concession\u00e1rio Xerox, especializado em impress\u00e3o digital para empresas de \u00e1rea gr\u00e1fica desde a mais pequena impressora de mesa at\u00e9 \u00e0 produ\u00e7\u00e3o de grandes volumes em equipamentos vocacionados para produ\u00e7\u00e3o com e sem acabamento.","potentialAction":[{"@type":"SearchAction","target":{"@type":"EntryPoint","urlTemplate":"https:\/\/xdoc.pt\/web\/?s={search_term_string}"},"query-input":{"@type":"PropertyValueSpecification","valueRequired":true,"valueName":"search_term_string"}}],"inLanguage":"pt-PT"}]}},"_links":{"self":[{"href":"https:\/\/xdoc.pt\/web\/wp-json\/wp\/v2\/pages\/1748","targetHints":{"allow":["GET"]}}],"collection":[{"href":"https:\/\/xdoc.pt\/web\/wp-json\/wp\/v2\/pages"}],"about":[{"href":"https:\/\/xdoc.pt\/web\/wp-json\/wp\/v2\/types\/page"}],"author":[{"embeddable":true,"href":"https:\/\/xdoc.pt\/web\/wp-json\/wp\/v2\/users\/2"}],"replies":[{"embeddable":true,"href":"https:\/\/xdoc.pt\/web\/wp-json\/wp\/v2\/comments?post=1748"}],"version-history":[{"count":41,"href":"https:\/\/xdoc.pt\/web\/wp-json\/wp\/v2\/pages\/1748\/revisions"}],"predecessor-version":[{"id":2639,"href":"https:\/\/xdoc.pt\/web\/wp-json\/wp\/v2\/pages\/1748\/revisions\/2639"}],"wp:attachment":[{"href":"https:\/\/xdoc.pt\/web\/wp-json\/wp\/v2\/media?parent=1748"}],"curies":[{"name":"wp","href":"https:\/\/api.w.org\/{rel}","templated":true}]}}