{"id":1671,"date":"2018-05-18T15:45:14","date_gmt":"2018-05-18T15:45:14","guid":{"rendered":"https:\/\/xdoc.pt\/web\/?page_id=1671"},"modified":"2021-11-22T14:31:13","modified_gmt":"2021-11-22T14:31:13","slug":"connect-key","status":"publish","type":"page","link":"https:\/\/xdoc.pt\/web\/connect-key\/","title":{"rendered":"CONNECT KEY"},"content":{"rendered":"<h3 style=\"color:#ff0000;\">Connect Key<\/h3>\n<p style=\"text-align: justify;\"><strong>A Tecnologia Xerox\u00ae Connect Key\u00ae est\u00e1 a transformar os m\u00e9todos de trabalho, dando liberdade aos trabalhadores para resolverem problemas, serem mais sustent\u00e1veis e produtivos e enfrentarem novos desafios.<\/strong><\/p>\n<p>&nbsp;<\/p>\n<div  class=\"lgc-column lgc-grid-parent lgc-grid-50 lgc-tablet-grid-50 lgc-mobile-grid-100 lgc-equal-heights \"><div  class=\"inside-grid-column\">\n<p><img loading=\"lazy\" decoding=\"async\" class=\"aligncenter wp-image-1684 size-full\" style=\"display: table; margin: auto;\" src=\"https:\/\/xdoc.pt\/web\/wp-content\/uploads\/2018\/05\/ck-feature-969x686.jpg\" alt=\"\" width=\"969\" height=\"686\"\/><\/p>\n<h3 style=\"text-align: center; margin-bottom: 10px;\">Interface do tipo tablet<\/h3>\n<p style=\"text-align: center;\">Toque, percorra, aproxime com os dedos e navegue exatamente como num smartphone ou tablet.<\/p>\n<p style=\"text-align: left;\"><\/p><\/div><\/div>\n<div  class=\"lgc-column lgc-grid-parent lgc-grid-50 lgc-tablet-grid-50 lgc-mobile-grid-100 lgc-equal-heights \"><div  class=\"inside-grid-column\">\n<p><img loading=\"lazy\" decoding=\"async\" class=\"aligncenter wp-image-1692 size-full\" style=\"display: table; margin: auto;\" src=\"https:\/\/xdoc.pt\/web\/wp-content\/uploads\/2018\/05\/APPS-HERO-969x686.jpg\" alt=\"\" width=\"969\" height=\"686\"\/><\/p>\n<h3 style=\"text-align: center; margin-bottom: 10px;\">Experi\u00eancia personalizada<\/h3>\n<p style=\"text-align: center;\">Adicione, elimine ou troque de ferramentas e aplica\u00e7\u00f5es para acompanhar a evolu\u00e7\u00e3o das suas necessidades.<\/p>\n<\/div><\/div>\n<div  class=\"lgc-column lgc-grid-parent lgc-grid-50 lgc-tablet-grid-50 lgc-mobile-grid-100 lgc-equal-heights \"><div  class=\"inside-grid-column\">\n<p><img loading=\"lazy\" decoding=\"async\" class=\"size-full wp-image-1686 alignnone\" style=\"display: table; margin: auto;\" src=\"https:\/\/xdoc.pt\/web\/wp-content\/uploads\/2018\/05\/DIGITIZE-HERO-969x686.jpg\" alt=\"\" width=\"969\" height=\"686\"\/><\/p>\n<h3 style=\"text-align: center; margin-bottom: 10px;\">Adaptada para mobilidade e para a cloud<\/h3>\n<p style=\"text-align: center;\">Fa\u00e7a a gest\u00e3o, imprima, digitalize e partilhe para a cloud e a partir da cloud.<\/p>\n<\/div><\/div>\n<div  class=\"lgc-column lgc-grid-parent lgc-grid-50 lgc-tablet-grid-50 lgc-mobile-grid-100 lgc-equal-heights \"><div  class=\"inside-grid-column\">\n<p><img loading=\"lazy\" decoding=\"async\" class=\"aligncenter wp-image-1688 size-full\" style=\"display: table; margin: auto;\" src=\"https:\/\/xdoc.pt\/web\/wp-content\/uploads\/2018\/05\/CLOUD-HERO-969x686_0.jpg\" alt=\"\" width=\"969\" height=\"686\"\/><\/p>\n<h3 style=\"text-align: center; margin-bottom: 10px;\">Seguran\u00e7a avan\u00e7ada das impressoras<\/h3>\n<p style=\"text-align: center;\">Confie na seguran\u00e7a abrangente Connect Key para proteger os seus materiais confidenciais.<\/p>\n<\/div><\/div>\n<div style=\"margin-top:30px;text-align:justify;\">\n<strong style=\"font-size:20px;color:#ff0000;\">Principais fun\u00e7\u00f5es \/ caracter\u00edsticas<\/strong><\/p>\n<ul>\n<li>Permite trabalhar de modo mais inteligente e mais seguro.<\/li>\n<li>Experi\u00eancia intuitiva para o utilizador.<\/li>\n<li>Tecnologia pronta para a nuvem e dispositivos m\u00f3veis.<\/li>\n<li>Seguran\u00e7a abrangente, impede ataques mal-intencionados.<\/li>\n<li>Porta de acesso a novas possibilidades.<\/li>\n<li>Permite personalizar as interfaces dos dispositivos.<\/li>\n<li>Contem uma variedade de dispositivos para enviar ou recuperar documentos e informa\u00e7\u00f5es.<\/li>\n<\/ul>\n<\/div>\n<p>&nbsp;<\/p>\n<h3 style=\"margin-bottom: 10px;color:#ff0000;\">Duas S\u00e9ries. Uma Tecnologia Avan\u00e7ada.<\/h3>\n<p>&nbsp;<\/p>\n<div  class=\"lgc-column lgc-grid-parent lgc-grid-40 lgc-tablet-grid-50 lgc-mobile-grid-100 lgc-equal-heights \"><div  class=\"inside-grid-column\">\n<p><img loading=\"lazy\" decoding=\"async\" class=\"wp-image-1709 alignleft\" style=\"display: table; margin: auto;\" src=\"https:\/\/xdoc.pt\/web\/wp-content\/uploads\/2018\/05\/maxresdefault-1024x576.jpg\" alt=\"\" width=\"446\" height=\"251\" srcset=\"https:\/\/xdoc.pt\/web\/wp-content\/uploads\/2018\/05\/maxresdefault-1024x576.jpg 1024w, https:\/\/xdoc.pt\/web\/wp-content\/uploads\/2018\/05\/maxresdefault-300x169.jpg 300w, https:\/\/xdoc.pt\/web\/wp-content\/uploads\/2018\/05\/maxresdefault-768x432.jpg 768w, https:\/\/xdoc.pt\/web\/wp-content\/uploads\/2018\/05\/maxresdefault.jpg 1280w\" sizes=\"auto, (max-width: 446px) 100vw, 446px\" \/><\/p>\n<\/div><\/div><div  class=\"lgc-column lgc-grid-parent lgc-grid-60 lgc-tablet-grid-50 lgc-mobile-grid-100 lgc-equal-heights \"><div  class=\"inside-grid-column\">\n<p style=\"text-align: left;\">Seja qual for a dimens\u00e3o da empresa que dirige, a nossa Tecnologia Connect Key permite-lhe conectar-se a outros dispositivos e personalizar a sua experi\u00eancia a fim de satisfazer as necessidades do seu neg\u00f3cio.<\/p>\n<p><a class=\"ck-twof__cta\" href=\"https:\/\/www.xerox.com\/pt-pt\/connectkey\/versalink\" target=\"_blank\" rel=\"noopener\" name=\"&amp;lid=ckfamily%20versalink\" style=\"color: #ed1c24 !important;\">S\u00e9rie VersaLink<sup>\u00ae<\/sup><\/a><\/p>\n<p><a class=\"ck-twof__cta\" href=\"https:\/\/www.xerox.com\/pt-pt\/connectkey\/altalink\" target=\"_blank\" rel=\"noopener\" name=\"&amp;lid=ckfamily%20altalink\" style=\"color: #ed1c24 !important;\">S\u00e9rie AltaLink<sup>\u00ae<\/sup><\/a><\/p>\n<div style=\"padding:10px;background-color:#ed1c24;color:#fff;width:100px;\"><strong><a style=\"text-decoration:none;\" href=\"https:\/\/xdoc.pt\/web\/contactos\/\" target=\"_blank\" rel=\"noopener\">Saber mais &gt; <\/a><\/strong><\/div>\n<\/div><\/div>\n","protected":false},"excerpt":{"rendered":"<p>Connect Key<br \/>\nA Tecnologia Xerox\u00ae Connect Key\u00ae est\u00e1 a transformar os m\u00e9todos de trabalho, dando liberdade aos trabalhadores para resolverem problemas, serem mais sustent\u00e1veis e produtivos e enfrentarem novos desafios.<br \/>\n&nbsp;<\/p>\n<p><img loading=\"lazy\" decoding=\"async\" class=\"aligncenter wp-image-1684 size-full\" style=\"display: table; margin: auto;\" src=\"https:\/\/xdoc.pt\/web\/wp-content\/uploads\/2018\/05\/ck-feature-969x686.jpg\" alt=\"\" width=\"969\" height=\"686\"\/><br \/>\nInterface do tipo tablet<br \/>\nToque, percorra, aproxime com os dedos e navegue exatamente como num smartphone ou tablet.<\/p>\n<p><img loading=\"lazy\" decoding=\"async\" class=\"aligncenter wp-image-1692 size-full\" style=\"display: table; margin: auto;\" src=\"https:\/\/xdoc.pt\/web\/wp-content\/uploads\/2018\/05\/APPS-HERO-969x686.jpg\" alt=\"\" width=\"969\" height=\"686\"\/><br \/>\nExperi\u00eancia personalizada<br \/>\nAdicione, elimine ou troque de ferramentas e aplica\u00e7\u00f5es para acompanhar a evolu\u00e7\u00e3o das suas necessidades.<\/p>\n<p><img loading=\"lazy\" decoding=\"async\" class=\"size-full wp-image-1686 alignnone\" style=\"display: table; margin: auto;\" src=\"https:\/\/xdoc.pt\/web\/wp-content\/uploads\/2018\/05\/DIGITIZE-HERO-969x686.jpg\" alt=\"\" width=\"969\" height=\"686\"\/><br \/>\nAdaptada para mobilidade e para a cloud<br \/>\nFa\u00e7a a gest\u00e3o, imprima, digitalize e partilhe para a cloud e a partir da cloud.<\/p>\n<p><img loading=\"lazy\" [...]\n<\/p>\n","protected":false},"author":2,"featured_media":0,"parent":0,"menu_order":0,"comment_status":"closed","ping_status":"closed","template":"","meta":{"_monsterinsights_skip_tracking":false,"_monsterinsights_sitenote_active":false,"_monsterinsights_sitenote_note":"","_monsterinsights_sitenote_category":0,"footnotes":""},"class_list":["post-1671","page","type-page","status-publish","hentry"],"yoast_head":"<!-- This site is optimized with the Yoast SEO plugin v24.6 - https:\/\/yoast.com\/wordpress\/plugins\/seo\/ -->\n<title>CONNECT KEY - XDOC - Equipamentos Escrit\u00f3rio, Lda<\/title>\n<meta name=\"description\" content=\"A Tecnologia Connect Key permite conectar-se a outros dispositivos, personalizar a sua experi\u00eancia e satisfazer a necessidade do seu neg\u00f3cio.\" \/>\n<meta name=\"robots\" content=\"index, follow, max-snippet:-1, max-image-preview:large, max-video-preview:-1\" \/>\n<link rel=\"canonical\" href=\"https:\/\/xdoc.pt\/web\/connect-key\/\" \/>\n<meta property=\"og:locale\" content=\"pt_PT\" \/>\n<meta property=\"og:type\" content=\"article\" \/>\n<meta property=\"og:title\" content=\"CONNECT KEY - XDOC - Equipamentos Escrit\u00f3rio, Lda\" \/>\n<meta property=\"og:description\" content=\"A Tecnologia Connect Key permite conectar-se a outros dispositivos, personalizar a sua experi\u00eancia e satisfazer a necessidade do seu neg\u00f3cio.\" \/>\n<meta property=\"og:url\" content=\"https:\/\/xdoc.pt\/web\/connect-key\/\" \/>\n<meta property=\"og:site_name\" content=\"XDOC - Equipamentos Escrit\u00f3rio, Lda\" \/>\n<meta property=\"article:publisher\" content=\"https:\/\/www.facebook.com\/xdoc.pt\" \/>\n<meta property=\"article:modified_time\" content=\"2021-11-22T14:31:13+00:00\" \/>\n<meta property=\"og:image\" content=\"https:\/\/xdoc.pt\/web\/wp-content\/uploads\/2018\/05\/ck-feature-969x686.jpg\" \/>\n<meta name=\"twitter:card\" content=\"summary_large_image\" \/>\n<meta name=\"twitter:label1\" content=\"Tempo estimado de leitura\" \/>\n\t<meta name=\"twitter:data1\" content=\"3 minutos\" \/>\n<script type=\"application\/ld+json\" class=\"yoast-schema-graph\">{\"@context\":\"https:\/\/schema.org\",\"@graph\":[{\"@type\":\"WebPage\",\"@id\":\"https:\/\/xdoc.pt\/web\/connect-key\/\",\"url\":\"https:\/\/xdoc.pt\/web\/connect-key\/\",\"name\":\"CONNECT KEY - XDOC - Equipamentos Escrit\u00f3rio, Lda\",\"isPartOf\":{\"@id\":\"https:\/\/xdoc.pt\/web\/#website\"},\"primaryImageOfPage\":{\"@id\":\"https:\/\/xdoc.pt\/web\/connect-key\/#primaryimage\"},\"image\":{\"@id\":\"https:\/\/xdoc.pt\/web\/connect-key\/#primaryimage\"},\"thumbnailUrl\":\"https:\/\/xdoc.pt\/web\/wp-content\/uploads\/2018\/05\/ck-feature-969x686.jpg\",\"datePublished\":\"2018-05-18T15:45:14+00:00\",\"dateModified\":\"2021-11-22T14:31:13+00:00\",\"description\":\"A Tecnologia Connect Key permite conectar-se a outros dispositivos, personalizar a sua experi\u00eancia e satisfazer a necessidade do seu neg\u00f3cio.\",\"breadcrumb\":{\"@id\":\"https:\/\/xdoc.pt\/web\/connect-key\/#breadcrumb\"},\"inLanguage\":\"pt-PT\",\"potentialAction\":[{\"@type\":\"ReadAction\",\"target\":[\"https:\/\/xdoc.pt\/web\/connect-key\/\"]}]},{\"@type\":\"ImageObject\",\"inLanguage\":\"pt-PT\",\"@id\":\"https:\/\/xdoc.pt\/web\/connect-key\/#primaryimage\",\"url\":\"https:\/\/xdoc.pt\/web\/wp-content\/uploads\/2018\/05\/ck-feature-969x686.jpg\",\"contentUrl\":\"https:\/\/xdoc.pt\/web\/wp-content\/uploads\/2018\/05\/ck-feature-969x686.jpg\"},{\"@type\":\"BreadcrumbList\",\"@id\":\"https:\/\/xdoc.pt\/web\/connect-key\/#breadcrumb\",\"itemListElement\":[{\"@type\":\"ListItem\",\"position\":1,\"name\":\"In\u00edcio\",\"item\":\"https:\/\/xdoc.pt\/web\/\"},{\"@type\":\"ListItem\",\"position\":2,\"name\":\"CONNECT KEY\"}]},{\"@type\":\"WebSite\",\"@id\":\"https:\/\/xdoc.pt\/web\/#website\",\"url\":\"https:\/\/xdoc.pt\/web\/\",\"name\":\"XDOC - Equipamentos Escrit\u00f3rio, Lda\",\"description\":\"Concession\u00e1rio Xerox, especializado em impress\u00e3o digital para empresas de \u00e1rea gr\u00e1fica desde a mais pequena impressora de mesa at\u00e9 \u00e0 produ\u00e7\u00e3o de grandes volumes em equipamentos vocacionados para produ\u00e7\u00e3o com e sem acabamento.\",\"potentialAction\":[{\"@type\":\"SearchAction\",\"target\":{\"@type\":\"EntryPoint\",\"urlTemplate\":\"https:\/\/xdoc.pt\/web\/?s={search_term_string}\"},\"query-input\":{\"@type\":\"PropertyValueSpecification\",\"valueRequired\":true,\"valueName\":\"search_term_string\"}}],\"inLanguage\":\"pt-PT\"}]}<\/script>\n<!-- \/ Yoast SEO plugin. -->","yoast_head_json":{"title":"CONNECT KEY - XDOC - Equipamentos Escrit\u00f3rio, Lda","description":"A Tecnologia Connect Key permite conectar-se a outros dispositivos, personalizar a sua experi\u00eancia e satisfazer a necessidade do seu neg\u00f3cio.","robots":{"index":"index","follow":"follow","max-snippet":"max-snippet:-1","max-image-preview":"max-image-preview:large","max-video-preview":"max-video-preview:-1"},"canonical":"https:\/\/xdoc.pt\/web\/connect-key\/","og_locale":"pt_PT","og_type":"article","og_title":"CONNECT KEY - XDOC - Equipamentos Escrit\u00f3rio, Lda","og_description":"A Tecnologia Connect Key permite conectar-se a outros dispositivos, personalizar a sua experi\u00eancia e satisfazer a necessidade do seu neg\u00f3cio.","og_url":"https:\/\/xdoc.pt\/web\/connect-key\/","og_site_name":"XDOC - Equipamentos Escrit\u00f3rio, Lda","article_publisher":"https:\/\/www.facebook.com\/xdoc.pt","article_modified_time":"2021-11-22T14:31:13+00:00","og_image":[{"url":"https:\/\/xdoc.pt\/web\/wp-content\/uploads\/2018\/05\/ck-feature-969x686.jpg","type":"","width":"","height":""}],"twitter_card":"summary_large_image","twitter_misc":{"Tempo estimado de leitura":"3 minutos"},"schema":{"@context":"https:\/\/schema.org","@graph":[{"@type":"WebPage","@id":"https:\/\/xdoc.pt\/web\/connect-key\/","url":"https:\/\/xdoc.pt\/web\/connect-key\/","name":"CONNECT KEY - XDOC - Equipamentos Escrit\u00f3rio, Lda","isPartOf":{"@id":"https:\/\/xdoc.pt\/web\/#website"},"primaryImageOfPage":{"@id":"https:\/\/xdoc.pt\/web\/connect-key\/#primaryimage"},"image":{"@id":"https:\/\/xdoc.pt\/web\/connect-key\/#primaryimage"},"thumbnailUrl":"https:\/\/xdoc.pt\/web\/wp-content\/uploads\/2018\/05\/ck-feature-969x686.jpg","datePublished":"2018-05-18T15:45:14+00:00","dateModified":"2021-11-22T14:31:13+00:00","description":"A Tecnologia Connect Key permite conectar-se a outros dispositivos, personalizar a sua experi\u00eancia e satisfazer a necessidade do seu neg\u00f3cio.","breadcrumb":{"@id":"https:\/\/xdoc.pt\/web\/connect-key\/#breadcrumb"},"inLanguage":"pt-PT","potentialAction":[{"@type":"ReadAction","target":["https:\/\/xdoc.pt\/web\/connect-key\/"]}]},{"@type":"ImageObject","inLanguage":"pt-PT","@id":"https:\/\/xdoc.pt\/web\/connect-key\/#primaryimage","url":"https:\/\/xdoc.pt\/web\/wp-content\/uploads\/2018\/05\/ck-feature-969x686.jpg","contentUrl":"https:\/\/xdoc.pt\/web\/wp-content\/uploads\/2018\/05\/ck-feature-969x686.jpg"},{"@type":"BreadcrumbList","@id":"https:\/\/xdoc.pt\/web\/connect-key\/#breadcrumb","itemListElement":[{"@type":"ListItem","position":1,"name":"In\u00edcio","item":"https:\/\/xdoc.pt\/web\/"},{"@type":"ListItem","position":2,"name":"CONNECT KEY"}]},{"@type":"WebSite","@id":"https:\/\/xdoc.pt\/web\/#website","url":"https:\/\/xdoc.pt\/web\/","name":"XDOC - Equipamentos Escrit\u00f3rio, Lda","description":"Concession\u00e1rio Xerox, especializado em impress\u00e3o digital para empresas de \u00e1rea gr\u00e1fica desde a mais pequena impressora de mesa at\u00e9 \u00e0 produ\u00e7\u00e3o de grandes volumes em equipamentos vocacionados para produ\u00e7\u00e3o com e sem acabamento.","potentialAction":[{"@type":"SearchAction","target":{"@type":"EntryPoint","urlTemplate":"https:\/\/xdoc.pt\/web\/?s={search_term_string}"},"query-input":{"@type":"PropertyValueSpecification","valueRequired":true,"valueName":"search_term_string"}}],"inLanguage":"pt-PT"}]}},"_links":{"self":[{"href":"https:\/\/xdoc.pt\/web\/wp-json\/wp\/v2\/pages\/1671","targetHints":{"allow":["GET"]}}],"collection":[{"href":"https:\/\/xdoc.pt\/web\/wp-json\/wp\/v2\/pages"}],"about":[{"href":"https:\/\/xdoc.pt\/web\/wp-json\/wp\/v2\/types\/page"}],"author":[{"embeddable":true,"href":"https:\/\/xdoc.pt\/web\/wp-json\/wp\/v2\/users\/2"}],"replies":[{"embeddable":true,"href":"https:\/\/xdoc.pt\/web\/wp-json\/wp\/v2\/comments?post=1671"}],"version-history":[{"count":50,"href":"https:\/\/xdoc.pt\/web\/wp-json\/wp\/v2\/pages\/1671\/revisions"}],"predecessor-version":[{"id":2625,"href":"https:\/\/xdoc.pt\/web\/wp-json\/wp\/v2\/pages\/1671\/revisions\/2625"}],"wp:attachment":[{"href":"https:\/\/xdoc.pt\/web\/wp-json\/wp\/v2\/media?parent=1671"}],"curies":[{"name":"wp","href":"https:\/\/api.w.org\/{rel}","templated":true}]}}